{"id":238327,"date":"2023-01-24T23:13:16","date_gmt":"2023-01-24T22:13:16","guid":{"rendered":"https:\/\/www.moskito.cz\/produkt\/zatvaraci-noz-rike-knife-lamella-dark-grey-plain\/"},"modified":"2025-05-07T10:45:44","modified_gmt":"2025-05-07T09:45:44","slug":"zatvaraci-noz-rike-knife-lamella-dark-grey-plain","status":"publish","type":"product","link":"https:\/\/www.moskito.cz\/sk\/produkt\/zatvaraci-noz-rike-knife-lamella-dark-grey-plain\/","title":{"rendered":"Zatv\u00e1rac\u00ed N\u00f4\u017e Rike Knife Lamella Dark Grey Plain"},"content":{"rendered":"<p>Zatv\u00e1rac\u00ed N\u00f4\u017e Rike Knife Lamella Dark Grey Plain.<\/p>\n<p>Rike Knife Lamella Dark Grey je \u0161peci\u00e1lny vreckov\u00fd n\u00f4\u017e. Nielen tvarom, ale aj sp\u00f4sobom kon\u0161trukcie. U\u017e na prv\u00fd poh\u013ead je rukov\u00e4\u0165 ve\u013emi zvl\u00e1\u0161tna. Ke\u010f sa pozriete bli\u017e\u0161ie, plne uvid\u00edte, ak\u00e1 v\u00fdnimo\u010dn\u00e1 je rukov\u00e4\u0165. Vyzer\u00e1 celistvo, ale rukov\u00e4\u0165 sa sklad\u00e1 z troch hladko spojen\u00fdch dielov z vysoko kvalitn\u00e9ho tit\u00e1nu. Je to v\u00fdnimo\u010dn\u00fd n\u00f4\u017e!<\/p>\n<p>D\u013a\u017eka \u010depele: 10 cm<\/p>\n<p>V\u00e1ha: 140 g<\/p>\n<p>Materi\u00e1lov\u00e1 rukov\u00e4\u0165: tit\u00e1n<\/p>\n<p>Druh ocele: CPM 20 CV<\/p>\n","protected":false},"excerpt":{"rendered":"<p>Rikeknife je origin\u00e1lna zna\u010dka navrhnut\u00e1 na\u0161\u00edm zakladate\u013eom Richardom Wu. Je dlhoro\u010dn\u00fdm nad\u0161encom do no\u017eov, m\u00e1 sk\u00fasenosti s mechanick\u00fdm dizajnom a v\u00fdrobou, neust\u00e1le sa usiluje o dokonalos\u0165 a detailn\u00fa dokonalos\u0165 vo v\u0161etk\u00fdch dizajnoch no\u017eov vyr\u00e1ban\u00fdch Rikeknife.<\/p>\n<p>Doprava zadarmo.<\/p>\n","protected":false},"featured_media":238310,"comment_status":"open","ping_status":"closed","template":"","meta":[],"pwb-brand":[3222],"product_brand":[],"product_cat":[3186,3233],"product_tag":[],"class_list":{"0":"post-238327","1":"product","2":"type-product","3":"status-publish","4":"has-post-thumbnail","6":"pwb-brand-zatvaraci-noz-rike-knife-thor7-bo-cf","7":"product_cat-noze-sk","8":"product_cat-zatvaracie-noze","10":"first","11":"outofstock","12":"taxable","13":"shipping-taxable","14":"purchasable","15":"product-type-simple"},"brands":[{"id":3222,"name":"Zatv\u00e1rac\u00ed n\u00f4\u017e Rike Knife Thor7-BO\/CF","slug":"zatvaraci-noz-rike-knife-thor7-bo-cf"}],"_links":{"self":[{"href":"https:\/\/www.moskito.cz\/sk\/wp-json\/wp\/v2\/product\/238327","targetHints":{"allow":["GET"]}}],"collection":[{"href":"https:\/\/www.moskito.cz\/sk\/wp-json\/wp\/v2\/product"}],"about":[{"href":"https:\/\/www.moskito.cz\/sk\/wp-json\/wp\/v2\/types\/product"}],"replies":[{"embeddable":true,"href":"https:\/\/www.moskito.cz\/sk\/wp-json\/wp\/v2\/comments?post=238327"}],"wp:featuredmedia":[{"embeddable":true,"href":"https:\/\/www.moskito.cz\/sk\/wp-json\/wp\/v2\/media\/238310"}],"wp:attachment":[{"href":"https:\/\/www.moskito.cz\/sk\/wp-json\/wp\/v2\/media?parent=238327"}],"wp:term":[{"taxonomy":"pwb-brand","embeddable":true,"href":"https:\/\/www.moskito.cz\/sk\/wp-json\/wp\/v2\/pwb-brand?post=238327"},{"taxonomy":"product_brand","embeddable":true,"href":"https:\/\/www.moskito.cz\/sk\/wp-json\/wp\/v2\/product_brand?post=238327"},{"taxonomy":"product_cat","embeddable":true,"href":"https:\/\/www.moskito.cz\/sk\/wp-json\/wp\/v2\/product_cat?post=238327"},{"taxonomy":"product_tag","embeddable":true,"href":"https:\/\/www.moskito.cz\/sk\/wp-json\/wp\/v2\/product_tag?post=238327"}],"curies":[{"name":"wp","href":"https:\/\/api.w.org\/{rel}","templated":true}]}}