{"id":238419,"date":"2023-01-25T22:16:10","date_gmt":"2023-01-25T21:16:10","guid":{"rendered":"https:\/\/www.moskito.cz\/produkt\/zatvaraci-noz-rike-knife-1508s-b\/"},"modified":"2025-05-07T10:45:47","modified_gmt":"2025-05-07T09:45:47","slug":"zatvaraci-noz-rike-knife-1508s-b","status":"publish","type":"product","link":"https:\/\/www.moskito.cz\/sk\/produkt\/zatvaraci-noz-rike-knife-1508s-b\/","title":{"rendered":"Zatv\u00e1rac\u00ed N\u00f4\u017e Rike Knife 1508s-B"},"content":{"rendered":"<p>Zatv\u00e1rac\u00ed N\u00f4\u017e Rike Knife 1508s-B<\/p>\n<p>Rikeknife bol zalo\u017een\u00fd v roku 2008 v Yangjiang, Guangdong, \u010c\u00edna a je jedn\u00fdm z v\u00fdrobcov vysoko kvalitn\u00fdch no\u017eov. Inovat\u00edvny dizajn a najvy\u0161\u0161ia kvalita s\u00fa pri Rikeknife ve\u013emi d\u00f4le\u017eit\u00e9.<\/p>\n<p>Rikeknife 1508S je integr\u00e1lny zatv\u00e1rac\u00ed n\u00f4\u017e. N\u00f4\u017e m\u00e1 ergonomick\u00fa rukov\u00e4\u0165 vyfr\u00e9zovan\u00fa z jedn\u00e9ho kusu tit\u00e1nu. R\u00f4zne drobn\u00e9 detaily dod\u00e1vaj\u00fa no\u017eom Rikeknife ich jedine\u010dn\u00fd modern\u00fd vzh\u013ead.<\/p>\n<p>\u010cepe\u013e z vysoko v\u00fdkonnej ocele B\u00f6hler M390 be\u017e\u00ed na guli\u010dkov\u00fdch lo\u017eisk\u00e1ch (keramick\u00e9 guli\u010dkov\u00e9 lo\u017eisk\u00e1), v\u010faka \u010domu sa n\u00f4\u017e pomocou flippera otv\u00e1ra extr\u00e9mne r\u00fdchlo.<\/p>\n<p>Rikeknife 1508S je vybaven\u00fd fr\u00e9zovanou tit\u00e1novou vreckovou sponou, ktor\u00e1 umo\u017e\u0148uje nosi\u0165 n\u00f4\u017e hlboko vo vrecku. Rukov\u00e4\u0165 je vyroben\u00e1 z 3D fr\u00e9zovan\u00e9ho tit\u00e1nu<\/p>\n<p>Pevn\u00fd r\u00e1mov\u00fd z\u00e1mok zais\u0165uje \u010depe\u013e v otvorenej polohe. Z\u00e1vora je vybaven\u00e1 oce\u013eovou vlo\u017ekou, \u010do znamen\u00e1, \u017ee oce\u013e pri otv\u00e1ran\u00ed nabieha na oce\u013e, \u010do chr\u00e1ni z\u00e1mok tit\u00e1nov\u00e9ho r\u00e1mu a zni\u017euje tak opotrebenie. Zamykanie zost\u00e1va perfektn\u00e9 po cel\u00e9 roky.<\/p>\n<p>S\u00fa\u010das\u0165ou je puzdro na zips a zna\u010dkov\u00e1 \u010distiaca handri\u010dka.<\/p>\n<p>Technick\u00e9 d\u00e1ta:<br \/>\nMateri\u00e1l \u010depele: B\u00f6hler M390, sat\u00e9nov\u00fd povrch a tryskan\u00fd<br \/>\nMateri\u00e1l rukov\u00e4te: tit\u00e1n, br\u00fasen\u00fd do kame\u0148a a modro eloxovan\u00fd<br \/>\nCelkov\u00e1 d\u013a\u017eka: cca 194 mm<\/p>\n<p>D\u013a\u017eka \u010depele: cca 82 mm<br \/>\nHr\u00fabka \u010depele: cca 4 mm<br \/>\nHmotnos\u0165: cca 91 gramov<br \/>\nPom\u00f4cka pre otv\u00e1ranie: Flipper<br \/>\nZamykanie: Frame Lock<\/p>\n","protected":false},"excerpt":{"rendered":"<p>Rikeknife je origin\u00e1lna zna\u010dka navrhnut\u00e1 na\u0161\u00edm zakladate\u013eom Richardom Wu. Je dlhoro\u010dn\u00fdm nad\u0161encom do no\u017eov, m\u00e1 sk\u00fasenosti s mechanick\u00fdm dizajnom a v\u00fdrobou, neust\u00e1le sa usiluje o dokonalos\u0165 a detailn\u00fa dokonalos\u0165 vo v\u0161etk\u00fdch dizajnoch no\u017eov vyr\u00e1ban\u00fdch Rikeknife.<\/p>\n<p>Doprava zadarmo.<\/p>\n","protected":false},"featured_media":238393,"comment_status":"open","ping_status":"closed","template":"","meta":[],"pwb-brand":[3222],"product_brand":[],"product_cat":[3186,3233],"product_tag":[],"class_list":{"0":"post-238419","1":"product","2":"type-product","3":"status-publish","4":"has-post-thumbnail","6":"pwb-brand-zatvaraci-noz-rike-knife-thor7-bo-cf","7":"product_cat-noze-sk","8":"product_cat-zatvaracie-noze","10":"first","11":"instock","12":"taxable","13":"shipping-taxable","14":"purchasable","15":"product-type-simple"},"brands":[{"id":3222,"name":"Zatv\u00e1rac\u00ed n\u00f4\u017e Rike Knife Thor7-BO\/CF","slug":"zatvaraci-noz-rike-knife-thor7-bo-cf"}],"_links":{"self":[{"href":"https:\/\/www.moskito.cz\/sk\/wp-json\/wp\/v2\/product\/238419","targetHints":{"allow":["GET"]}}],"collection":[{"href":"https:\/\/www.moskito.cz\/sk\/wp-json\/wp\/v2\/product"}],"about":[{"href":"https:\/\/www.moskito.cz\/sk\/wp-json\/wp\/v2\/types\/product"}],"replies":[{"embeddable":true,"href":"https:\/\/www.moskito.cz\/sk\/wp-json\/wp\/v2\/comments?post=238419"}],"wp:featuredmedia":[{"embeddable":true,"href":"https:\/\/www.moskito.cz\/sk\/wp-json\/wp\/v2\/media\/238393"}],"wp:attachment":[{"href":"https:\/\/www.moskito.cz\/sk\/wp-json\/wp\/v2\/media?parent=238419"}],"wp:term":[{"taxonomy":"pwb-brand","embeddable":true,"href":"https:\/\/www.moskito.cz\/sk\/wp-json\/wp\/v2\/pwb-brand?post=238419"},{"taxonomy":"product_brand","embeddable":true,"href":"https:\/\/www.moskito.cz\/sk\/wp-json\/wp\/v2\/product_brand?post=238419"},{"taxonomy":"product_cat","embeddable":true,"href":"https:\/\/www.moskito.cz\/sk\/wp-json\/wp\/v2\/product_cat?post=238419"},{"taxonomy":"product_tag","embeddable":true,"href":"https:\/\/www.moskito.cz\/sk\/wp-json\/wp\/v2\/product_tag?post=238419"}],"curies":[{"name":"wp","href":"https:\/\/api.w.org\/{rel}","templated":true}]}}