{"id":238484,"date":"2023-01-26T21:11:25","date_gmt":"2023-01-26T20:11:25","guid":{"rendered":"https:\/\/www.moskito.cz\/produkt\/zatvaraci-noz-rike-knife-flipper-knife-tulay-br\/"},"modified":"2025-05-07T10:45:47","modified_gmt":"2025-05-07T09:45:47","slug":"zatvaraci-noz-rike-knife-flipper-knife-tulay-br","status":"publish","type":"product","link":"https:\/\/www.moskito.cz\/sk\/produkt\/zatvaraci-noz-rike-knife-flipper-knife-tulay-br\/","title":{"rendered":"Zatv\u00e1rac\u00ed N\u00f4\u017e Rike Knife Flipper Knife Tulay BR"},"content":{"rendered":"<p>Zatv\u00e1rac\u00ed N\u00f4\u017e Rike Knife Flipper Knife Tulay BR<\/p>\n<p>Rike Knife je na dobrej ceste sta\u0165 sa jednou z popredn\u00fdch v\u00fdrobn\u00fdch spolo\u010dnost\u00ed vysoko kvalitn\u00fdch taktick\u00fdch zatv\u00e1rac\u00edch no\u017eov za vynikaj\u00facu cenu. Ich no\u017ee s\u00fa vyr\u00e1ban\u00e9, montovan\u00e9 a kontrolovan\u00e1 kvalita v \u010c\u00edne \u2013 ale to z nich v \u017eiadnom pr\u00edpade nerob\u00ed va\u0161e lacn\u00e9 no\u017ee na \u010derpacej stanici. S\u00fa vyroben\u00e9 s rovnakou starostlivou starostlivos\u0165ou a n\u00e1ro\u010dn\u00fdmi \u0161tandardmi ako Reate Knives a to je ve\u013emi, ve\u013emi vysok\u00e1 chv\u00e1la. Tu v KnifeCenter c\u00edtime, \u017ee no\u017ee Rike v\u00e1m poskytuj\u00fa vysoko hodnotn\u00fd faktor s vysok\u00fdm p\u00f4\u017eitkom, ktor\u00fd h\u013ead\u00e1te, a \u017ee by boli skvelou vo\u013ebou za va\u0161e \u0165a\u017eko zaroben\u00e9 peniaze.<\/p>\n<p>Tulay je \u00fa\u017easn\u00fd kus techniky, ktor\u00fd v\u00e1m radi predstav\u00edme ako v\u00e1\u0161 \u010fal\u0161\u00ed n\u00e1kup no\u017ea. Jeho ve\u013ekos\u0165 a tvar mu umo\u017e\u0148uj\u00fa poslu\u0161ne fungova\u0165 ako taktick\u00e1 \u010depe\u013e, zatia\u013e \u010do hladk\u00e1 akcia a ultra\u013eahk\u00e1 povaha z neho rob\u00ed \u013eahk\u00e9 pren\u00e1\u0161anie pre EDC. A potom je tu kvalita prevedenia. Toto je prv\u00fd integr\u00e1lny design G10, ktor\u00fd pozn\u00e1me, a je \u00faplne dokonale preveden\u00fd. Mechanizmus z\u00e1mku vlo\u017eky poskytuje skalopevn\u00e9 uzamknutie a takmer ni\u010d neprid\u00e1va na hmotnosti. Je to tie\u017e p\u00f4sobivo ve\u013ek\u00fd n\u00f4\u017e, celkovo meria 8,625\u2033 s 3,625\u2033 \u010depe\u013eou, ktor\u00e1 m\u00e1 v skuto\u010dnosti 3,75\u2033 ostrie. Pridajte sponu do hlbok\u00e9ho vrecka, o ktorom sa domnievame, \u017ee nie je vratn\u00e1, a m\u00e1te n\u00f4\u017e, ktor\u00fd zasiahne v\u0161etky zn\u00e1mky a vo v\u00e4\u010d\u0161ine pr\u00edpadov ich dokonca prekra\u010duje.<\/p>\n<p>\u0160pecifik\u00e1cia<br \/>\nD\u013a\u017eka \u010depele: 3,75\u2033 (95,25 mm)<br \/>\nRezn\u00e1 hrana: 3,75\u2033 (95,25 mm)<br \/>\nD\u013a\u017eka v zatvorenom stave: 5,00\u2033 (127,00 mm)<br \/>\nCelkov\u00e1 d\u013a\u017eka: 8,75\u2033 (222,25 mm)<br \/>\nHr\u00fabka \u010depele: 0,117\u2033 (3,00 mm)<br \/>\nMateri\u00e1l \u010depele: 154CM nerezov\u00e1 oce\u013e<br \/>\n\u0160t\u00fdl \u010depele: Drop Point<br \/>\nBr\u00fasenie \u010depele: Ploch\u00e9<br \/>\nPovrchov\u00e1 \u00faprava \u010depele: Bead Blast<br \/>\nMateri\u00e1l rukov\u00e4te: Integral Milled Black G10 s vonkaj\u0161\u00edmi zelen\u00fdmi vlo\u017ekami G10<br \/>\nHr\u00fabka rukov\u00e4te: 0,555\u2033 (14,10 mm)<br \/>\nMateri\u00e1l vlo\u017eky: Nerezov\u00e1 oce\u013e<br \/>\nUzamykac\u00ed mechanizmus: Inset Liner Lock<br \/>\nZostava \u010dapu: Lo\u017eisk\u00e1<br \/>\nVreckov\u00fd klip: Nerezov\u00e1 oce\u013e s hlbok\u00fdm prenosom (vykl\u00e1pac\u00ed, prav\u00e9 pren\u00e1\u0161anie)<br \/>\nHmotnos\u0165: 3,12 oz. (94 g)<\/p>\n","protected":false},"excerpt":{"rendered":"<p>Rikeknife je origin\u00e1lna zna\u010dka navrhnut\u00e1 na\u0161\u00edm zakladate\u013eom Richardom Wu. Je dlhoro\u010dn\u00fdm nad\u0161encom do no\u017eov, m\u00e1 sk\u00fasenosti s mechanick\u00fdm dizajnom a v\u00fdrobou, neust\u00e1le sa usiluje o dokonalos\u0165 a detailn\u00fa dokonalos\u0165 vo v\u0161etk\u00fdch dizajnoch no\u017eov vyr\u00e1ban\u00fdch Rikeknife.<\/p>\n<p>Doprava zadarmo.<\/p>\n","protected":false},"featured_media":238470,"comment_status":"open","ping_status":"closed","template":"","meta":[],"pwb-brand":[3222],"product_brand":[],"product_cat":[3186,3233],"product_tag":[],"class_list":{"0":"post-238484","1":"product","2":"type-product","3":"status-publish","4":"has-post-thumbnail","6":"pwb-brand-zatvaraci-noz-rike-knife-thor7-bo-cf","7":"product_cat-noze-sk","8":"product_cat-zatvaracie-noze","10":"first","11":"outofstock","12":"taxable","13":"shipping-taxable","14":"purchasable","15":"product-type-simple"},"brands":[{"id":3222,"name":"Zatv\u00e1rac\u00ed n\u00f4\u017e Rike Knife Thor7-BO\/CF","slug":"zatvaraci-noz-rike-knife-thor7-bo-cf"}],"_links":{"self":[{"href":"https:\/\/www.moskito.cz\/sk\/wp-json\/wp\/v2\/product\/238484","targetHints":{"allow":["GET"]}}],"collection":[{"href":"https:\/\/www.moskito.cz\/sk\/wp-json\/wp\/v2\/product"}],"about":[{"href":"https:\/\/www.moskito.cz\/sk\/wp-json\/wp\/v2\/types\/product"}],"replies":[{"embeddable":true,"href":"https:\/\/www.moskito.cz\/sk\/wp-json\/wp\/v2\/comments?post=238484"}],"wp:featuredmedia":[{"embeddable":true,"href":"https:\/\/www.moskito.cz\/sk\/wp-json\/wp\/v2\/media\/238470"}],"wp:attachment":[{"href":"https:\/\/www.moskito.cz\/sk\/wp-json\/wp\/v2\/media?parent=238484"}],"wp:term":[{"taxonomy":"pwb-brand","embeddable":true,"href":"https:\/\/www.moskito.cz\/sk\/wp-json\/wp\/v2\/pwb-brand?post=238484"},{"taxonomy":"product_brand","embeddable":true,"href":"https:\/\/www.moskito.cz\/sk\/wp-json\/wp\/v2\/product_brand?post=238484"},{"taxonomy":"product_cat","embeddable":true,"href":"https:\/\/www.moskito.cz\/sk\/wp-json\/wp\/v2\/product_cat?post=238484"},{"taxonomy":"product_tag","embeddable":true,"href":"https:\/\/www.moskito.cz\/sk\/wp-json\/wp\/v2\/product_tag?post=238484"}],"curies":[{"name":"wp","href":"https:\/\/api.w.org\/{rel}","templated":true}]}}