{"id":238526,"date":"2023-01-26T22:59:37","date_gmt":"2023-01-26T21:59:37","guid":{"rendered":"https:\/\/www.moskito.cz\/produkt\/vystrelovaci-noz-microtech-troodon-od-green-apocalyptic-138-10dod\/"},"modified":"2025-05-07T10:45:50","modified_gmt":"2025-05-07T09:45:50","slug":"vystrelovaci-noz-microtech-troodon-od-green-apocalyptic-138-10dod","status":"publish","type":"product","link":"https:\/\/www.moskito.cz\/sk\/produkt\/vystrelovaci-noz-microtech-troodon-od-green-apocalyptic-138-10dod\/","title":{"rendered":"Vystre\u013eovac\u00ed N\u00f4\u017e Microtech Troodon OD Green Apocalyptic 138-10DOD"},"content":{"rendered":"<p>Vystre\u013eovac\u00ed N\u00f4\u017e <strong>Microtech<\/strong> Troodon OD Green Apocalyptic 138-10DOD<\/p>\n<p>Be\u017en\u00fd n\u00f4\u017e Troodon spolo\u010dnosti Microtech je sp\u00e4\u0165 vo v\u00fdrobe! Tento n\u00f4\u017e pomenovan\u00fd po dinosaurovi Troodonovi bol vlajkovou lo\u010fou Microtechu v roku 2006. Rukov\u00e4te Troodon maj\u00fa dr\u00e1\u017eky pre lep\u0161ie uchopenie. Troodon m\u00e1 podobn\u00fa ve\u013ekos\u0165 ako UTX-85, ale m\u00e1 \u0161ir\u0161iu a \u0161t\u00edhlej\u0161iu rukov\u00e4\u0165, ktor\u00e1 p\u00f4sob\u00ed robustnej\u0161ie. Je to ob\u013e\u00faben\u00e9 EDC medzi mnoh\u00fdmi milovn\u00edkmi OTF a m\u00e1 to dobr\u00fd d\u00f4vod!<\/p>\n<p>Tento model je vybaven\u00fd v\u00e1hami s rukov\u00e4\u0165ou OD Green z eloxovan\u00e9ho hlin\u00edka s logom Microtech Claw na prednej strane. Apokalyptick\u00e1 \u010depe\u013e z nerezovej ocele M390 s dvojit\u00fdm britom so \u0161tandardn\u00fdmi rezn\u00fdmi hranami. Hardv\u00e9r v apokalyptickom preveden\u00ed, obojstrann\u00fd vreckov\u00fd klip, otvor na \u0161n\u00farku a rozb\u00edja\u010d skla. \u010cepe\u013e m\u00e1 inform\u00e1cie o modeli. Na klipe je logo Microtech, s\u00e9riov\u00e9 \u010d\u00edslo a d\u00e1tum v\u00fdroby.<\/p>\n<p>Krajina p\u00f4vodu: USA<br \/>\nMateri\u00e1l rukov\u00e4te: Hlin\u00edk<br \/>\nMateri\u00e1l \u010depele: M390<br \/>\n\u0160t\u00fdl \u010depele: D\u00fdka s dvojitou hranou<br \/>\nPovrchov\u00e1 \u00faprava \u010depele: Apokalyptick\u00fd<br \/>\nTyp okraja: \u0160tandard<br \/>\nModel\/Vzor: Troodon<br \/>\nTyp no\u017ea: Dvoj\u010dinn\u00e9 automatick\u00e9 OTF<br \/>\nCelkov\u00e1 d\u013a\u017eka: 7,64\u2033 (194 mm)<br \/>\nD\u013a\u017eka v zatvorenom stave: 4,57\u2033 (116 mm)<br \/>\nD\u013a\u017eka \u010depele: 3,08\u2033 (78 mm)<br \/>\nD\u013a\u017eka reznej hrany: 2,96\u2033 (75 mm)<\/p>\n<p><iframe title=\"Microtech Combat Troodon Torture Test\" width=\"800\" height=\"450\" src=\"https:\/\/www.youtube.com\/embed\/xE9TeOFYEjg?feature=oembed\" frameborder=\"0\" allow=\"accelerometer; autoplay; clipboard-write; encrypted-media; gyroscope; picture-in-picture; web-share\" allowfullscreen><\/iframe><\/p>\n<p>&nbsp;<\/p>\n","protected":false},"excerpt":{"rendered":"<p>V priebehu rokov <strong>Microtech\u00ae Knives<\/strong> naplnil v\u00e1\u0161\u0148ou a zru\u010dnos\u0165ou v\u00fdrobu no\u017eov, a\u017e z nich vytvoril takmer umeleck\u00e9 diela, ktor\u00e9 s\u00fa vrcholom funk\u010dnosti. V\u0161etky diely s\u00fa vyroben\u00e9 v USA.<br \/>\n<strong>Na v\u0161etky no\u017ee Microtech je do\u017eivotn\u00e1 z\u00e1ruka.<\/strong><\/p>\n<p><strong>Doprava zadarmo.<\/strong><\/p>\n","protected":false},"featured_media":238521,"comment_status":"open","ping_status":"closed","template":"","meta":[],"pwb-brand":[3200],"product_brand":[],"product_cat":[3186,3197],"product_tag":[3668],"class_list":{"0":"post-238526","1":"product","2":"type-product","3":"status-publish","4":"has-post-thumbnail","6":"pwb-brand-microtech-sk","7":"product_cat-noze-sk","8":"product_cat-vystrelovacie-noze-sk","9":"product_tag-b2b-sk","11":"first","12":"instock","13":"taxable","14":"shipping-taxable","15":"purchasable","16":"product-type-simple"},"brands":[{"id":3200,"name":"Microtech","slug":"microtech-sk"}],"_links":{"self":[{"href":"https:\/\/www.moskito.cz\/sk\/wp-json\/wp\/v2\/product\/238526","targetHints":{"allow":["GET"]}}],"collection":[{"href":"https:\/\/www.moskito.cz\/sk\/wp-json\/wp\/v2\/product"}],"about":[{"href":"https:\/\/www.moskito.cz\/sk\/wp-json\/wp\/v2\/types\/product"}],"replies":[{"embeddable":true,"href":"https:\/\/www.moskito.cz\/sk\/wp-json\/wp\/v2\/comments?post=238526"}],"wp:featuredmedia":[{"embeddable":true,"href":"https:\/\/www.moskito.cz\/sk\/wp-json\/wp\/v2\/media\/238521"}],"wp:attachment":[{"href":"https:\/\/www.moskito.cz\/sk\/wp-json\/wp\/v2\/media?parent=238526"}],"wp:term":[{"taxonomy":"pwb-brand","embeddable":true,"href":"https:\/\/www.moskito.cz\/sk\/wp-json\/wp\/v2\/pwb-brand?post=238526"},{"taxonomy":"product_brand","embeddable":true,"href":"https:\/\/www.moskito.cz\/sk\/wp-json\/wp\/v2\/product_brand?post=238526"},{"taxonomy":"product_cat","embeddable":true,"href":"https:\/\/www.moskito.cz\/sk\/wp-json\/wp\/v2\/product_cat?post=238526"},{"taxonomy":"product_tag","embeddable":true,"href":"https:\/\/www.moskito.cz\/sk\/wp-json\/wp\/v2\/product_tag?post=238526"}],"curies":[{"name":"wp","href":"https:\/\/api.w.org\/{rel}","templated":true}]}}