{"id":239004,"date":"2023-01-31T22:43:01","date_gmt":"2023-01-31T21:43:01","guid":{"rendered":"https:\/\/www.moskito.cz\/produkt\/vystrelovaci-noz-a-g-a-campolin-akc-x-treme-dandy-bs\/"},"modified":"2025-05-07T10:45:59","modified_gmt":"2025-05-07T09:45:59","slug":"vystrelovaci-noz-a-g-a-campolin-akc-x-treme-dandy-bs","status":"publish","type":"product","link":"https:\/\/www.moskito.cz\/sk\/produkt\/vystrelovaci-noz-a-g-a-campolin-akc-x-treme-dandy-bs\/","title":{"rendered":"Vystre\u013eovac\u00ed N\u00f4\u017e A.G.A. CAMPOLIN AKC X-TREME DANDY-BS"},"content":{"rendered":"<p>Vystre\u013eovac\u00ed N\u00f4\u017e A.G.A. CAMPOLIN AKC X-TREME DANDY-BS<\/p>\n<p>AKC X-TREME vyroben\u00e9 z modern\u00fdch materi\u00e1lov a agres\u00edvneho talianskeho dizajnu zv\u00fd\u0161ili \u0161tandard ich automatickej v\u00fdroby vystre\u013eovac\u00edch \u010depel\u00ed. Nov\u00fd &#8222;DANDY&#8220; navrhnut\u00fd Bericom pre AKC Xtreme znamen\u00e1 nie\u010do vynikaj\u00face a prvotriedne a je to tak. Db\u00e1 na detaily a je to \u013eahk\u00fd elegantn\u00fd EDC n\u00f4\u017e. Vyzna\u010duje sa \u013eahkou a ergonomickou rukov\u00e4\u0165ou z \u010dierneho eloxovan\u00e9ho leteck\u00e9ho hlin\u00edka 6061 s tit\u00e1novou sponou na vrecko. \u010cepe\u013e je vyroben\u00e1 z ocele D2 s povrchovou \u00fapravou Stone Wash. Ve\u013emi dobr\u00e1 oce\u013e zn\u00e1ma pre svoju vynikaj\u00facu odolnos\u0165 proti opotrebovaniu s tvrdos\u0165ou 60-61 HRC. Jedn\u00e1 sa o polonerezov\u00fa oce\u013e kv\u00f4li vysokej koncentr\u00e1cii chr\u00f3mu (12%), preto pros\u00edm neudr\u017eujte svoje no\u017ee z ocele D2 \u0161pinav\u00e9 a mokr\u00e9 &#8211; zhrdzavenie, pokia\u013e ich nebudete po pou\u017eit\u00ed pravidelne \u010disti\u0165. Dandy je jednoducho perfektn\u00fd n\u00f4\u017e pre ka\u017edodenn\u00e9 pou\u017eitie a je dod\u00e1van\u00fd s peknou kart\u00f3novou krabicou.<\/p>\n<p>Celkov\u00e1 d\u013a\u017eka: 19,5 cm &#8211; 7,6 &#8220;<br \/>\nD\u013a\u017eka \u010depele: 8 cm &#8211; 3,1&#8243;<br \/>\nHmotnos\u0165: 80 g &#8211; 2,8 oz<br \/>\nMateri\u00e1l \u010depele: oce\u013e D2<br \/>\nMateri\u00e1l rukov\u00e4te: hlin\u00edk<\/p>\n","protected":false},"excerpt":{"rendered":"<p>AKC ITALY m\u00e1 \u00faplne nov\u00fd rad no\u017eov!!!<\/p>\n","protected":false},"featured_media":238994,"comment_status":"open","ping_status":"closed","template":"","meta":[],"pwb-brand":[4013],"product_brand":[],"product_cat":[3186,3197],"product_tag":[],"class_list":{"0":"post-239004","1":"product","2":"type-product","3":"status-publish","4":"has-post-thumbnail","6":"pwb-brand-aga-campolin-sk","7":"product_cat-noze-sk","8":"product_cat-vystrelovacie-noze-sk","10":"first","11":"instock","12":"taxable","13":"shipping-taxable","14":"purchasable","15":"product-type-simple"},"brands":[{"id":4013,"name":"AGA CAMPOLIN","slug":"aga-campolin-sk"}],"_links":{"self":[{"href":"https:\/\/www.moskito.cz\/sk\/wp-json\/wp\/v2\/product\/239004","targetHints":{"allow":["GET"]}}],"collection":[{"href":"https:\/\/www.moskito.cz\/sk\/wp-json\/wp\/v2\/product"}],"about":[{"href":"https:\/\/www.moskito.cz\/sk\/wp-json\/wp\/v2\/types\/product"}],"replies":[{"embeddable":true,"href":"https:\/\/www.moskito.cz\/sk\/wp-json\/wp\/v2\/comments?post=239004"}],"wp:featuredmedia":[{"embeddable":true,"href":"https:\/\/www.moskito.cz\/sk\/wp-json\/wp\/v2\/media\/238994"}],"wp:attachment":[{"href":"https:\/\/www.moskito.cz\/sk\/wp-json\/wp\/v2\/media?parent=239004"}],"wp:term":[{"taxonomy":"pwb-brand","embeddable":true,"href":"https:\/\/www.moskito.cz\/sk\/wp-json\/wp\/v2\/pwb-brand?post=239004"},{"taxonomy":"product_brand","embeddable":true,"href":"https:\/\/www.moskito.cz\/sk\/wp-json\/wp\/v2\/product_brand?post=239004"},{"taxonomy":"product_cat","embeddable":true,"href":"https:\/\/www.moskito.cz\/sk\/wp-json\/wp\/v2\/product_cat?post=239004"},{"taxonomy":"product_tag","embeddable":true,"href":"https:\/\/www.moskito.cz\/sk\/wp-json\/wp\/v2\/product_tag?post=239004"}],"curies":[{"name":"wp","href":"https:\/\/api.w.org\/{rel}","templated":true}]}}