{"id":239063,"date":"2023-02-01T21:07:21","date_gmt":"2023-02-01T20:07:21","guid":{"rendered":"https:\/\/www.moskito.cz\/produkt\/vystrelovaci-noz-a-g-a-campolin-zero-hell-limited-edition\/"},"modified":"2025-05-07T10:46:00","modified_gmt":"2025-05-07T09:46:00","slug":"vystrelovaci-noz-a-g-a-campolin-zero-hell-limited-edition","status":"publish","type":"product","link":"https:\/\/www.moskito.cz\/sk\/produkt\/vystrelovaci-noz-a-g-a-campolin-zero-hell-limited-edition\/","title":{"rendered":"Vystre\u013eovac\u00ed N\u00f4\u017e A.G.A. CAMPOLIN ZERO Hell Limited Edition"},"content":{"rendered":"<p>Vystre\u013eovac\u00ed N\u00f4\u017e A.G.A. CAMPOLIN ZERO Hell Limited Edition<\/p>\n<p>Toto je limitovan\u00e1 ed\u00edcia A.G.A Campolin ZERO Hell. T\u00e1to automatick\u00e1 vystre\u013eovacia \u010depe\u013e je modern\u00fd ihlov\u00fd n\u00f4\u017e s p\u00e1kov\u00fdm mechanizmom. M\u00e1 super hust\u00fa \u010depe\u013e dama\u0161kovej d\u00fdky a \u010diernej v\u00fdstelky s \u010diernym PVD povlakom z mas\u00edvnej ocele AISI 430. Dvojit\u00e1 pru\u017eina poskytuje r\u00fdchlej\u0161iu akciu a zaru\u010duje dlh\u0161iu \u017eivotnos\u0165. Obr\u00e1ten\u00e1 p\u00e1ka na r\u00fdchle otvorenie. Rukov\u00e4\u0165 je vyroben\u00e1 z diabolsk\u00fdch uhl\u00edkov\u00fdch vl\u00e1kien. Obojstrann\u00fd \u010dierny nerezov\u00fd klip na vrecko mo\u017eno \u013eahko s\u0148a\u0165. Dod\u00e1va sa s certifik\u00e1tom a karb\u00f3novou papierovou krabi\u010dkou.<\/p>\n<p>Celkov\u00e1 d\u013a\u017eka: 22 cm &#8211; 8,7&#8243;<br \/>\nD\u013a\u017eka \u010depele: 10cm &#8211; 3,9&#8243;<br \/>\nHmotnos\u0165: 180g &#8211; 6oz<\/p>\n<p>Materi\u00e1l \u010depele: Dama\u0161kov\u00e1 oce\u013e<br \/>\nMateri\u00e1l rukov\u00e4te: Carbon Fiber<br \/>\nVyroben\u00e9 v Taliansku<\/p>\n","protected":false},"excerpt":{"rendered":"<p>Vystre\u013eovac\u00ed N\u00f4\u017e A.G.A. CAMPOLIN ZERO Hell Limited Edition<\/p>\n<p>Toto je limitovan\u00e1 ed\u00edcia A.G.A Campolin ZERO Hell. T\u00e1to automatick\u00e1 vystre\u013eovacia \u010depe\u013e je modern\u00fd ihlov\u00fd n\u00f4\u017e s p\u00e1kov\u00fdm mechanizmom. M\u00e1 super hust\u00fa \u010depe\u013e dama\u0161kovej d\u00fdky a \u010diernej v\u00fdstelky s \u010dern\u00fdm PVD povlakom z mas\u00edvnej ocele AISI 430. Dvojit\u00e1 pru\u017eina poskytuje r\u00fdchlej\u0161iu akciu a zaru\u010duje dlh\u0161iu \u017eivotnos\u0165. Obr\u00e1ten\u00e1 p\u00e1ka na r\u00fdchle otvorenie. Rukov\u00e4\u0165 je vyroben\u00e1 z \u010f\u00e1belsk\u00fdch uhl\u00edkov\u00fdch vl\u00e1kien. Oboustrann\u00fd \u010dern\u00fd nerezov\u00fd klip na kapsu mo\u017eno \u013eahko s\u0148a\u0165. Dod\u00e1va sa s certifik\u00e1tom a karb\u00f3novou papierovou krabi\u010dkou.<\/p>\n<p>Celkov\u00e1 d\u013a\u017eka: 22 cm &#8211; 8,7&#8243;<br \/>\nD\u013a\u017eka \u010depele: 10cm &#8211; 3,9&#8243;<br \/>\nHmotnos\u0165: 180g &#8211; 6oz<\/p>\n<p>Materi\u00e1l \u010depele: Dama\u0161kov\u00e1 ocel<br \/>\nMateri\u00e1l rukov\u00e4te: Carbon Fiber<br \/>\nVyroben\u00e9 v Taliansku<\/p>\n","protected":false},"featured_media":239055,"comment_status":"open","ping_status":"closed","template":"","meta":[],"pwb-brand":[4013],"product_brand":[],"product_cat":[3186,3197],"product_tag":[],"class_list":{"0":"post-239063","1":"product","2":"type-product","3":"status-publish","4":"has-post-thumbnail","6":"pwb-brand-aga-campolin-sk","7":"product_cat-noze-sk","8":"product_cat-vystrelovacie-noze-sk","10":"first","11":"outofstock","12":"taxable","13":"shipping-taxable","14":"purchasable","15":"product-type-simple"},"brands":[{"id":4013,"name":"AGA CAMPOLIN","slug":"aga-campolin-sk"}],"_links":{"self":[{"href":"https:\/\/www.moskito.cz\/sk\/wp-json\/wp\/v2\/product\/239063","targetHints":{"allow":["GET"]}}],"collection":[{"href":"https:\/\/www.moskito.cz\/sk\/wp-json\/wp\/v2\/product"}],"about":[{"href":"https:\/\/www.moskito.cz\/sk\/wp-json\/wp\/v2\/types\/product"}],"replies":[{"embeddable":true,"href":"https:\/\/www.moskito.cz\/sk\/wp-json\/wp\/v2\/comments?post=239063"}],"wp:featuredmedia":[{"embeddable":true,"href":"https:\/\/www.moskito.cz\/sk\/wp-json\/wp\/v2\/media\/239055"}],"wp:attachment":[{"href":"https:\/\/www.moskito.cz\/sk\/wp-json\/wp\/v2\/media?parent=239063"}],"wp:term":[{"taxonomy":"pwb-brand","embeddable":true,"href":"https:\/\/www.moskito.cz\/sk\/wp-json\/wp\/v2\/pwb-brand?post=239063"},{"taxonomy":"product_brand","embeddable":true,"href":"https:\/\/www.moskito.cz\/sk\/wp-json\/wp\/v2\/product_brand?post=239063"},{"taxonomy":"product_cat","embeddable":true,"href":"https:\/\/www.moskito.cz\/sk\/wp-json\/wp\/v2\/product_cat?post=239063"},{"taxonomy":"product_tag","embeddable":true,"href":"https:\/\/www.moskito.cz\/sk\/wp-json\/wp\/v2\/product_tag?post=239063"}],"curies":[{"name":"wp","href":"https:\/\/api.w.org\/{rel}","templated":true}]}}