{"id":239317,"date":"2023-02-04T22:26:12","date_gmt":"2023-02-04T21:26:12","guid":{"rendered":"https:\/\/www.moskito.cz\/produkt\/vystrelovaci-noz-a-g-a-campolin-akc-f-20-otf-2\/"},"modified":"2025-05-07T10:46:02","modified_gmt":"2025-05-07T09:46:02","slug":"vystrelovaci-noz-a-g-a-campolin-akc-f-20-otf-2","status":"publish","type":"product","link":"https:\/\/www.moskito.cz\/sk\/produkt\/vystrelovaci-noz-a-g-a-campolin-akc-f-20-otf-2\/","title":{"rendered":"Vystre\u013eovac\u00ed N\u00f4\u017e A.G.A. CAMPOLIN AKC F-20 OTF"},"content":{"rendered":"<p>Vystre\u013eovac\u00ed N\u00f4\u017e A.G.A. CAMPOLIN AKC F-20 OTF<\/p>\n<p>T\u00e1to nov\u00e1 skvel\u00e1 ergonomick\u00e1 OTF od AKC Italy F20 je vynikaj\u00facej kvality. Je o 0,5&#8243; (1,3 cm) dlh\u0161ia ako jeho men\u0161\u00ed bra\u010dek F16. Ergonomick\u00e1 rukov\u00e4\u0165 tejto automatickej vystre\u013eovacej \u010depele je vyroben\u00e1 z hlin\u00edka s vlo\u017ekou z \u010dierneho br\u00fasneho papiera pre bezpe\u010dn\u00e9 uchopenie. \u010cepe\u013e d\u00fdky z ocele 440A ostr\u00e1 ako britva m\u00e1 ve\u013emi pekn\u00fd br\u00fas a dod\u00e1va sa v sat\u00e9novom preveden\u00ed. M\u00e1 siln\u00fd pevn\u00fd mechanizmus s takmer nulovou v\u00f4\u013eou \u010depele. Cenov\u00e1 kvalita je najlep\u0161ie \u010do m\u00f4\u017eete n\u00e1js\u0165. Nebudete sklaman\u00ed!<\/p>\n<p>Celkov\u00e1 d\u013a\u017eka: 21,3 cm &#8211; 8,4 &#8220;<br \/>\nD\u013a\u017eka \u010depele: 9,3 cm &#8211; 3,6&#8243;<br \/>\nHmotnos\u0165: 105 g &#8211; 3,7 oz<br \/>\nMateri\u00e1l \u010depele: Nerezov\u00e1 oce\u013e 440A<br \/>\nMateri\u00e1l rukov\u00e4te: hlin\u00edk<br \/>\nMateri\u00e1l vlo\u017eky: br\u00fasny papier<\/p>\n","protected":false},"excerpt":{"rendered":"<p>Vystre\u013eovac\u00ed N\u00f4\u017e A.G.A. CAMPOLIN AKC F-20 OTF T\u00e1to nov\u00e1 skvel\u00e1 ergonomick\u00e1 OTF od AKC Italy F20 je vynikaj\u00facej kvality. Je o 0,5&#8243; (1,3 cm) dlh\u0161ia ako jeho men\u0161\u00ed bra\u010dek F16. Ergonomick\u00e1 rukov\u00e4\u0165 tejto automatickej vystre\u013eovacej \u010depele je vyroben\u00e1 z hlin\u00edka s vlo\u017ekou z \u010dierneho br\u00fasneho papiera pre bezpe\u010dn\u00e9 uchopenie. \u010cepe\u013e d\u00fdky z ocele 440A ostr\u00e1 [&hellip;]<\/p>\n","protected":false},"featured_media":239308,"comment_status":"open","ping_status":"closed","template":"","meta":[],"pwb-brand":[4013],"product_brand":[],"product_cat":[3186,3197],"product_tag":[],"class_list":{"0":"post-239317","1":"product","2":"type-product","3":"status-publish","4":"has-post-thumbnail","6":"pwb-brand-aga-campolin-sk","7":"product_cat-noze-sk","8":"product_cat-vystrelovacie-noze-sk","10":"first","11":"instock","12":"taxable","13":"shipping-taxable","14":"purchasable","15":"product-type-simple"},"brands":[{"id":4013,"name":"AGA CAMPOLIN","slug":"aga-campolin-sk"}],"_links":{"self":[{"href":"https:\/\/www.moskito.cz\/sk\/wp-json\/wp\/v2\/product\/239317","targetHints":{"allow":["GET"]}}],"collection":[{"href":"https:\/\/www.moskito.cz\/sk\/wp-json\/wp\/v2\/product"}],"about":[{"href":"https:\/\/www.moskito.cz\/sk\/wp-json\/wp\/v2\/types\/product"}],"replies":[{"embeddable":true,"href":"https:\/\/www.moskito.cz\/sk\/wp-json\/wp\/v2\/comments?post=239317"}],"wp:featuredmedia":[{"embeddable":true,"href":"https:\/\/www.moskito.cz\/sk\/wp-json\/wp\/v2\/media\/239308"}],"wp:attachment":[{"href":"https:\/\/www.moskito.cz\/sk\/wp-json\/wp\/v2\/media?parent=239317"}],"wp:term":[{"taxonomy":"pwb-brand","embeddable":true,"href":"https:\/\/www.moskito.cz\/sk\/wp-json\/wp\/v2\/pwb-brand?post=239317"},{"taxonomy":"product_brand","embeddable":true,"href":"https:\/\/www.moskito.cz\/sk\/wp-json\/wp\/v2\/product_brand?post=239317"},{"taxonomy":"product_cat","embeddable":true,"href":"https:\/\/www.moskito.cz\/sk\/wp-json\/wp\/v2\/product_cat?post=239317"},{"taxonomy":"product_tag","embeddable":true,"href":"https:\/\/www.moskito.cz\/sk\/wp-json\/wp\/v2\/product_tag?post=239317"}],"curies":[{"name":"wp","href":"https:\/\/api.w.org\/{rel}","templated":true}]}}