{"id":239558,"date":"2023-02-13T21:41:46","date_gmt":"2023-02-13T20:41:46","guid":{"rendered":"https:\/\/www.moskito.cz\/produkt\/vystrelovaci-noz-a-g-a-campolin-akc-f-20-otf-6\/"},"modified":"2025-05-07T10:46:04","modified_gmt":"2025-05-07T09:46:04","slug":"vystrelovaci-noz-a-g-a-campolin-akc-f-20-otf-6","status":"publish","type":"product","link":"https:\/\/www.moskito.cz\/sk\/produkt\/vystrelovaci-noz-a-g-a-campolin-akc-f-20-otf-6\/","title":{"rendered":"Vystre\u013eovac\u00ed N\u00f4\u017e A.G.A. CAMPOLIN AKC F-20 OTF"},"content":{"rendered":"<p>Vystre\u013eovac\u00ed N\u00f4\u017e A.G.A. CAMPOLIN AKC F-20 OTF<\/p>\n<p>Tento nov\u00fd skvel\u00fd ergonomick\u00fd OTF od AKC Italy F20 je vynikaj\u00facej kvality. Je o 0,5\u2033 (1,3 cm) dlh\u0161ia ako jeho men\u0161\u00ed bra\u010dek F16. Ergonomick\u00e1 rukov\u00e4\u0165 na tomto automatickom vyhadzova\u010di je vyroben\u00e1 z hlin\u00edka s vlo\u017ekou z \u010dierneho \u0161mirg\u013eov\u00e9ho papiera pre bezpe\u010dn\u00e9 uchopenie. \u010cepe\u013e s ostr\u00fdm hrotom z ocele 440A m\u00e1 ve\u013emi pekn\u00fd br\u00fas a dod\u00e1va sa v dvojfarebnom preveden\u00ed. M\u00e1 siln\u00fd pevn\u00fd mechanizmus s takmer nulovou v\u00f4\u013eou \u010depele. Cenov\u00e1 kvalita je najlep\u0161ie, \u010do m\u00f4\u017eete n\u00e1js\u0165. Nebudete sklaman\u00ed!<\/p>\n<p>Celkov\u00e1 d\u013a\u017eka: 21,3 cm \u2013 8,4 \u201c<br \/>\nD\u013a\u017eka \u010depele: 9,3 cm \u2013 3,6 \u201c<br \/>\nHmotnos\u0165: 105 g \u2013 3,7 oz<br \/>\nMateri\u00e1l \u010depele: Nerezov\u00e1 oce\u013e 440A<br \/>\nMateri\u00e1l rukov\u00e4te: hlin\u00edk<\/p>\n","protected":false},"excerpt":{"rendered":"<pre id=\"tw-target-text\" class=\"tw-data-text tw-text-large tw-ta\" dir=\"ltr\" data-placeholder=\"P\u0159eklad\"><span class=\"Y2IQFc\" lang=\"sk\">Tento nov\u00fd skvel\u00fd ergonomick\u00fd OTF od AKC Italy F20 je vynikaj\u00facej kvality.<\/span><\/pre>\n","protected":false},"featured_media":239550,"comment_status":"open","ping_status":"closed","template":"","meta":[],"pwb-brand":[4013],"product_brand":[],"product_cat":[3197,3186],"product_tag":[],"class_list":{"0":"post-239558","1":"product","2":"type-product","3":"status-publish","4":"has-post-thumbnail","6":"pwb-brand-aga-campolin-sk","7":"product_cat-vystrelovacie-noze-sk","8":"product_cat-noze-sk","10":"first","11":"outofstock","12":"taxable","13":"shipping-taxable","14":"purchasable","15":"product-type-simple"},"brands":[{"id":4013,"name":"AGA CAMPOLIN","slug":"aga-campolin-sk"}],"_links":{"self":[{"href":"https:\/\/www.moskito.cz\/sk\/wp-json\/wp\/v2\/product\/239558","targetHints":{"allow":["GET"]}}],"collection":[{"href":"https:\/\/www.moskito.cz\/sk\/wp-json\/wp\/v2\/product"}],"about":[{"href":"https:\/\/www.moskito.cz\/sk\/wp-json\/wp\/v2\/types\/product"}],"replies":[{"embeddable":true,"href":"https:\/\/www.moskito.cz\/sk\/wp-json\/wp\/v2\/comments?post=239558"}],"wp:featuredmedia":[{"embeddable":true,"href":"https:\/\/www.moskito.cz\/sk\/wp-json\/wp\/v2\/media\/239550"}],"wp:attachment":[{"href":"https:\/\/www.moskito.cz\/sk\/wp-json\/wp\/v2\/media?parent=239558"}],"wp:term":[{"taxonomy":"pwb-brand","embeddable":true,"href":"https:\/\/www.moskito.cz\/sk\/wp-json\/wp\/v2\/pwb-brand?post=239558"},{"taxonomy":"product_brand","embeddable":true,"href":"https:\/\/www.moskito.cz\/sk\/wp-json\/wp\/v2\/product_brand?post=239558"},{"taxonomy":"product_cat","embeddable":true,"href":"https:\/\/www.moskito.cz\/sk\/wp-json\/wp\/v2\/product_cat?post=239558"},{"taxonomy":"product_tag","embeddable":true,"href":"https:\/\/www.moskito.cz\/sk\/wp-json\/wp\/v2\/product_tag?post=239558"}],"curies":[{"name":"wp","href":"https:\/\/api.w.org\/{rel}","templated":true}]}}