{"id":239719,"date":"2023-02-15T20:50:02","date_gmt":"2023-02-15T19:50:02","guid":{"rendered":"https:\/\/www.moskito.cz\/produkt\/vystrelovaci-noz-a-g-a-campolin-akc-f-16-otf-7\/"},"modified":"2025-05-07T10:46:16","modified_gmt":"2025-05-07T09:46:16","slug":"vystrelovaci-noz-a-g-a-campolin-akc-f-16-otf-7","status":"publish","type":"product","link":"https:\/\/www.moskito.cz\/sk\/produkt\/vystrelovaci-noz-a-g-a-campolin-akc-f-16-otf-7\/","title":{"rendered":"Vystre\u013eovac\u00ed N\u00f4\u017e A.G.A. CAMPOLIN AKC F-16 OTF"},"content":{"rendered":"<p>Tento AKC OTF sa naz\u00fdva \u201eF16\u2033, ako nadzvukov\u00e9 st\u00edhacie lietadlo Fighting Falcon letectva Spojen\u00fdch \u0161t\u00e1tov americk\u00fdch. Ide o \u00fa\u017easn\u00fd automatick\u00fd n\u00f4\u017e, siln\u00fd a pevn\u00fd mechanizmus s dvojit\u00fdmi pru\u017einami pre odoln\u00e9 a r\u00fdchlej\u0161ie otv\u00e1ranie. Bladeplay je takmer nulov\u00fd. Stla\u010dte tla\u010didlo dopredu a \u010depe\u013e vylet\u00ed von. Zatiahnite za sp\u00fa\u0161\u0165acie tla\u010didlo sp\u00e4\u0165 a \u010depe\u013e sa bezpe\u010dne zasunie. Ve\u013emi jednoduch\u00e9! Akcia je r\u00fdchla a vystre\u013eovacia \u010depe\u013e je \u013eahk\u00e1 a ergonomick\u00e1. Hlin\u00edkov\u00e1 rukov\u00e4\u0165 m\u00e1 bielu povrchov\u00fa \u00fapravu s \u010diernym br\u00fasnym papierom na bezpe\u010dn\u00e9 uchopenie. Sat\u00e9nov\u00e1 bajonetov\u00e1 \u010depe\u013e, \u010dierna vreckov\u00e1 spona. Svoj\u00edm dizajnom a proporciami pripom\u00edna talianske ihlov\u00e9. Skvel\u00e9 EDC.<br \/>\nCelkov\u00e1 d\u013a\u017eka: 20cm \u2013 8\u2033<br \/>\nD\u013a\u017eka \u010depele: 8,5 cm \u2013 3,35\u2033<br \/>\nHr\u00fabka \u010depele: 3mm \u2013 0,12\u201c<br \/>\nHmotnos\u0165: 90 g \u2013 3,1 oz.<br \/>\nMateri\u00e1l \u010depele: Nerezov\u00e1 oce\u013e 440A<br \/>\nMateri\u00e1l rukov\u00e4te: hlin\u00edk<\/p>\n","protected":false},"excerpt":{"rendered":"<p>Tento AKC OTF sa naz\u00fdva \u201eF16\u201c, ako nadzvukov\u00e9 st\u00edhacie lietadlo Fighting Falcon letectva Spojen\u00fdch \u0161t\u00e1tov americk\u00fdch.<\/p>\n","protected":false},"featured_media":239711,"comment_status":"open","ping_status":"closed","template":"","meta":[],"pwb-brand":[4013],"product_brand":[],"product_cat":[3186,3197],"product_tag":[],"class_list":{"0":"post-239719","1":"product","2":"type-product","3":"status-publish","4":"has-post-thumbnail","6":"pwb-brand-aga-campolin-sk","7":"product_cat-noze-sk","8":"product_cat-vystrelovacie-noze-sk","10":"first","11":"instock","12":"taxable","13":"shipping-taxable","14":"purchasable","15":"product-type-simple"},"brands":[{"id":4013,"name":"AGA CAMPOLIN","slug":"aga-campolin-sk"}],"_links":{"self":[{"href":"https:\/\/www.moskito.cz\/sk\/wp-json\/wp\/v2\/product\/239719","targetHints":{"allow":["GET"]}}],"collection":[{"href":"https:\/\/www.moskito.cz\/sk\/wp-json\/wp\/v2\/product"}],"about":[{"href":"https:\/\/www.moskito.cz\/sk\/wp-json\/wp\/v2\/types\/product"}],"replies":[{"embeddable":true,"href":"https:\/\/www.moskito.cz\/sk\/wp-json\/wp\/v2\/comments?post=239719"}],"wp:featuredmedia":[{"embeddable":true,"href":"https:\/\/www.moskito.cz\/sk\/wp-json\/wp\/v2\/media\/239711"}],"wp:attachment":[{"href":"https:\/\/www.moskito.cz\/sk\/wp-json\/wp\/v2\/media?parent=239719"}],"wp:term":[{"taxonomy":"pwb-brand","embeddable":true,"href":"https:\/\/www.moskito.cz\/sk\/wp-json\/wp\/v2\/pwb-brand?post=239719"},{"taxonomy":"product_brand","embeddable":true,"href":"https:\/\/www.moskito.cz\/sk\/wp-json\/wp\/v2\/product_brand?post=239719"},{"taxonomy":"product_cat","embeddable":true,"href":"https:\/\/www.moskito.cz\/sk\/wp-json\/wp\/v2\/product_cat?post=239719"},{"taxonomy":"product_tag","embeddable":true,"href":"https:\/\/www.moskito.cz\/sk\/wp-json\/wp\/v2\/product_tag?post=239719"}],"curies":[{"name":"wp","href":"https:\/\/api.w.org\/{rel}","templated":true}]}}