{"id":239779,"date":"2023-02-15T22:24:42","date_gmt":"2023-02-15T21:24:42","guid":{"rendered":"https:\/\/www.moskito.cz\/produkt\/vystrelovaci-noz-a-g-a-campolin-akc-f-16-otf-11\/"},"modified":"2025-12-18T10:48:28","modified_gmt":"2025-12-18T09:48:28","slug":"vystrelovaci-noz-a-g-a-campolin-akc-f-16-otf-11","status":"publish","type":"product","link":"https:\/\/www.moskito.cz\/sk\/produkt\/vystrelovaci-noz-a-g-a-campolin-akc-f-16-otf-11\/","title":{"rendered":"Vyhadzovac\u00ed n\u00f4\u017e A.G.A. CAMPOLIN AKC F-16 OTF"},"content":{"rendered":"<p>Vyhadzovac\u00ed n\u00f4\u017e <strong>A.G.A. CAMPOLIN<\/strong> AKC F-16 OTF<\/p>\n<p>AKC OTF &#8222;F16&#8220; je p\u00f4sobiv\u00fd automatick\u00fd n\u00f4\u017e, ktor\u00fd sp\u00e1ja funk\u010dnos\u0165 s atrakt\u00edvnym dizajnom. Tu je preh\u013ead jeho k\u013e\u00fa\u010dov\u00fdch vlastnost\u00ed a toho, \u010do z neho rob\u00ed v\u00fdnimo\u010dn\u00fd n\u00e1stroj:<br \/>\nK\u013e\u00fa\u010dov\u00e9 vlastnosti: <\/p>\n<p>Mechanizmus \u010depele:<br \/>\nDvojit\u00fd pru\u017einov\u00fd mechanizmus zais\u0165uje r\u00fdchle a spo\u013eahliv\u00e9 vysunutie \u010depele.<br \/>\nJednoduch\u00e9 ovl\u00e1danie tla\u010didlami pre vysunutie aj zasunutie \u010depele.<br \/>\nMinim\u00e1lna v\u00f4\u013ea \u010depele zais\u0165uje bezpe\u010dn\u00e9 a presn\u00e9 ovl\u00e1danie.<\/p>\n<p>Dizajn a kon\u0161trukcia:<br \/>\n\u010cepe\u013e: Sat\u00e9novo le\u0161ten\u00e1 \u010depe\u013e d\u00fdky in\u0161pirovan\u00e1 klasick\u00fdm talianskym stilettom, pon\u00faka ostr\u00fd a symetrick\u00fd tvar.<br \/>\nRukov\u00e4\u0165: \u013dahk\u00e1 hlin\u00edkov\u00e1 kon\u0161trukcia s vojenskou zelenou povrchovou \u00fapravou. Vlo\u017eka z \u010dierneho br\u00fasneho papiera zlep\u0161uje istotu \u00fachopu aj v n\u00e1ro\u010dn\u00fdch podmienkach.<br \/>\nVreckov\u00fd klip: \u010cierny klip na bezpe\u010dn\u00e9 nosenie. <\/p>\n<p>Rozmery:<br \/>\nCelkov\u00e1 d\u013a\u017eka: 20 cm<br \/>\nD\u013a\u017eka \u010depele: 8,5 cm<br \/>\nHr\u00fabka \u010depele: 3 mm<br \/>\nHmotnos\u0165: 90 g<\/p>\n<p>Materi\u00e1ly:<br \/>\nMateri\u00e1l \u010depele:<br \/>\n Materi\u00e1l rukov\u00e4te: hlin\u00edk pre odolnos\u0165 a \u013eahkos\u0165.<br \/>\nMateri\u00e1l vlo\u017eky: br\u00fasny papier pre pevn\u00fd a ergonomick\u00fd \u00fachop.<\/p>\n<p>Uplatnite\u013enos\u0165:<\/p>\n<p>Model F16 je navrhnut\u00fd ako n\u00e1stroj na ka\u017edodenn\u00e9 nosenie (EDC), je kompaktn\u00fd a \u013eahko sa pou\u017e\u00edva. V\u010faka r\u00fdchlej akcii a robustnej kon\u0161trukcii je vhodn\u00fd na \u00fa\u017eitkov\u00e9 aj obrann\u00e9 \u00fa\u010dely.<br \/>\nEstetika: <\/p>\n<p>Jeho elegantn\u00fd a funk\u010dn\u00fd dizajn, in\u0161pirovan\u00fd st\u00edhac\u00edm lietadlom F-16 Fighting Falcon, odr\u00e1\u017ea prec\u00edzne in\u017einierstvo a vojensk\u00fa odolnos\u0165. \u0160t\u00fdl in\u0161pirovan\u00fd talianskym \u0161t\u00fdlom stiletto mu dod\u00e1va klasick\u00fd charakter s modern\u00fdm remeseln\u00fdm spracovan\u00edm. <\/p>\n<p>V\u010faka kombin\u00e1cii r\u00fdchlosti, odolnosti a ergonomick\u00e9ho dizajnu je tento n\u00f4\u017e cenn\u00fdm doplnkom ka\u017edej zbierky alebo spo\u013eahliv\u00fdm n\u00e1strojom na ka\u017edodenn\u00e9 pou\u017eitie.<\/p>\n<p><iframe title=\"AKC F16 Automatic OTF F16B CF\" width=\"800\" height=\"450\" src=\"https:\/\/www.youtube.com\/embed\/yyAzUKCJ_AQ?feature=oembed\" frameborder=\"0\" allow=\"accelerometer; autoplay; clipboard-write; encrypted-media; gyroscope; picture-in-picture; web-share\" referrerpolicy=\"strict-origin-when-cross-origin\" allowfullscreen><\/iframe><\/p>\n<p>&nbsp;<\/p>\n","protected":false},"excerpt":{"rendered":"<p><strong>V\u010faka kombin\u00e1cii r\u00fdchlosti, odolnosti a ergonomick\u00e9ho dizajnu je tento n\u00f4\u017e cenn\u00fdm doplnkom ka\u017edej zbierky alebo spo\u013eahliv\u00fdm n\u00e1strojom na ka\u017edodenn\u00e9 pou\u017eitie.<\/strong><\/p>\n","protected":false},"featured_media":239771,"comment_status":"open","ping_status":"closed","template":"","meta":[],"pwb-brand":[4013],"product_brand":[],"product_cat":[3197,3186],"product_tag":[],"class_list":{"0":"post-239779","1":"product","2":"type-product","3":"status-publish","4":"has-post-thumbnail","6":"pwb-brand-aga-campolin-sk","7":"product_cat-vystrelovacie-noze-sk","8":"product_cat-noze-sk","10":"first","11":"instock","12":"taxable","13":"shipping-taxable","14":"purchasable","15":"product-type-simple"},"brands":[{"id":4013,"name":"AGA CAMPOLIN","slug":"aga-campolin-sk"}],"_links":{"self":[{"href":"https:\/\/www.moskito.cz\/sk\/wp-json\/wp\/v2\/product\/239779","targetHints":{"allow":["GET"]}}],"collection":[{"href":"https:\/\/www.moskito.cz\/sk\/wp-json\/wp\/v2\/product"}],"about":[{"href":"https:\/\/www.moskito.cz\/sk\/wp-json\/wp\/v2\/types\/product"}],"replies":[{"embeddable":true,"href":"https:\/\/www.moskito.cz\/sk\/wp-json\/wp\/v2\/comments?post=239779"}],"wp:featuredmedia":[{"embeddable":true,"href":"https:\/\/www.moskito.cz\/sk\/wp-json\/wp\/v2\/media\/239771"}],"wp:attachment":[{"href":"https:\/\/www.moskito.cz\/sk\/wp-json\/wp\/v2\/media?parent=239779"}],"wp:term":[{"taxonomy":"pwb-brand","embeddable":true,"href":"https:\/\/www.moskito.cz\/sk\/wp-json\/wp\/v2\/pwb-brand?post=239779"},{"taxonomy":"product_brand","embeddable":true,"href":"https:\/\/www.moskito.cz\/sk\/wp-json\/wp\/v2\/product_brand?post=239779"},{"taxonomy":"product_cat","embeddable":true,"href":"https:\/\/www.moskito.cz\/sk\/wp-json\/wp\/v2\/product_cat?post=239779"},{"taxonomy":"product_tag","embeddable":true,"href":"https:\/\/www.moskito.cz\/sk\/wp-json\/wp\/v2\/product_tag?post=239779"}],"curies":[{"name":"wp","href":"https:\/\/api.w.org\/{rel}","templated":true}]}}