{"id":240107,"date":"2023-02-19T20:33:39","date_gmt":"2023-02-19T19:33:39","guid":{"rendered":"https:\/\/www.moskito.cz\/produkt\/zatvaraci-noz-cmb-made-knives-prowler-titanium-and-cf-cmb-02b\/"},"modified":"2025-05-07T10:46:24","modified_gmt":"2025-05-07T09:46:24","slug":"zatvaraci-noz-cmb-made-knives-prowler-titanium-and-cf-cmb-02b","status":"publish","type":"product","link":"https:\/\/www.moskito.cz\/sk\/produkt\/zatvaraci-noz-cmb-made-knives-prowler-titanium-and-cf-cmb-02b\/","title":{"rendered":"Zatv\u00e1rac\u00ed N\u00f4\u017e CMB Made Knives Prowler Titanium and CF CMB-02B"},"content":{"rendered":"<p>Zatv\u00e1rac\u00ed N\u00f4\u017e CMB Made Knives Prowler Titanium and CF CMB-02B<\/p>\n<p>Prowler je pevn\u00fd zatv\u00e1rac\u00ed vreckov\u00fd n\u00f4\u017e na ka\u017edodenn\u00e9 nosenie od CMB Made Knives. Vyroben\u00e9 z pr\u00e9miovej ocele M390 na \u010depeli a tit\u00e1novej rukov\u00e4ti s karb\u00f3novou vrstvou. \u010cepe\u013e no\u017ea m\u00e1 povrchov\u00fa \u00fapravu Satin a tvar Clip-Point. \u010cepe\u013e sa otv\u00e1ra flipperom a je zaisten\u00e1 Frame-Lockom. Axi\u00e1lna mont\u00e1\u017e je preveden\u00e1 na medenom lo\u017eisku s keramick\u00fdmi guli\u010dkami. V\u00fdrobca n\u00f4\u017e vybavil vreckovou sponou pre \u013eahk\u00e9 pren\u00e1\u0161anie.<br \/>\n\u010cepe\u013e je vyroben\u00e1 z M390 &#8211; to je rak\u00faska oce\u013e koncernu BOHLER. Na Rockwellovej stupnici m\u00e1 ukazovate\u013e 60-62 HRC. M\u00e1 vynikaj\u00facu pevnos\u0165 reznej hrany.<\/p>\n<p>Rukov\u00e4\u0165 je vyroben\u00e1 z tit\u00e1nu s modro-\u010diernym karb\u00f3nov\u00fdm prekryt\u00edm. zliatina tit\u00e1nu. V no\u017eiarskom priemysle je Ti6Al4V naj\u010dastej\u0161ie pou\u017e\u00edvanou zliatinou tit\u00e1nu a m\u00e1 vynikaj\u00face mechanick\u00e9 vlastnosti. Je pova\u017eovan\u00e1 za najpevnej\u0161iu a najh\u00fa\u017eevnatej\u0161iu zliatinu tit\u00e1nu. Z\u00e1rove\u0148 je materi\u00e1l ve\u013emi \u013eahk\u00fd.<\/p>\n<p>Karb\u00f3n je uhl\u00edkov\u00e9 vl\u00e1kno pou\u017e\u00edvan\u00e9 v r\u00f4znych priemyseln\u00fdch odvetviach, vr\u00e1tane vytv\u00e1rania rukov\u00e4t\u00ed no\u017eov. Je to pr\u00edjemn\u00fd a \u013eahk\u00fd, ale z\u00e1rove\u0148 odoln\u00fd materi\u00e1l. Vlastnosti sa bl\u00ed\u017eia oceli, ale predbehn\u00fa ju, navy\u0161e je odoln\u00e1 vo\u010di kor\u00f3zii, im\u00fanna vo\u010di \u017eierav\u00fdm chemik\u00e1li\u00e1m a odol\u00e1va vysok\u00e9mu za\u0165a\u017eeniu.<\/p>\n<p>Vlastnosti:<\/p>\n<p>Dizajn\u00e9r: JELLY_JERRY_DESIGN<br \/>\nCelkov\u00e1 d\u013a\u017eka: 215 mm<br \/>\nD\u013a\u017eka \u010depele: 95 mm<br \/>\nHr\u00fabka zadku: 3,5 mm<br \/>\nMateri\u00e1l \u010depele: Bohler M390<br \/>\nMateri\u00e1l rukov\u00e4te: karb\u00f3n, tit\u00e1n<br \/>\nV\u00fdrobca: CMB Made Knives<br \/>\nHmotnos\u0165: 100 g<\/p>\n<p>Tvrdos\u0165: 60-62 HRC<br \/>\nTyp z\u00e1mku: R\u00e1mov\u00fd z\u00e1mok<br \/>\nKon\u0161trukcia: meden\u00e9 keramick\u00e9 guli\u010dkov\u00e9 lo\u017eisko<\/p>\n","protected":false},"excerpt":{"rendered":"<p>Prowler je pevn\u00fd zatv\u00e1rac\u00ed vreckov\u00fd n\u00f4\u017e na ka\u017edodenn\u00e9 nosenie od CMB Made Knives.<\/p>\n","protected":false},"featured_media":240093,"comment_status":"open","ping_status":"closed","template":"","meta":[],"pwb-brand":[],"product_brand":[],"product_cat":[3186,3233],"product_tag":[],"class_list":{"0":"post-240107","1":"product","2":"type-product","3":"status-publish","4":"has-post-thumbnail","6":"product_cat-noze-sk","7":"product_cat-zatvaracie-noze","9":"first","10":"instock","11":"taxable","12":"shipping-taxable","13":"purchasable","14":"product-type-simple"},"brands":[],"_links":{"self":[{"href":"https:\/\/www.moskito.cz\/sk\/wp-json\/wp\/v2\/product\/240107","targetHints":{"allow":["GET"]}}],"collection":[{"href":"https:\/\/www.moskito.cz\/sk\/wp-json\/wp\/v2\/product"}],"about":[{"href":"https:\/\/www.moskito.cz\/sk\/wp-json\/wp\/v2\/types\/product"}],"replies":[{"embeddable":true,"href":"https:\/\/www.moskito.cz\/sk\/wp-json\/wp\/v2\/comments?post=240107"}],"wp:featuredmedia":[{"embeddable":true,"href":"https:\/\/www.moskito.cz\/sk\/wp-json\/wp\/v2\/media\/240093"}],"wp:attachment":[{"href":"https:\/\/www.moskito.cz\/sk\/wp-json\/wp\/v2\/media?parent=240107"}],"wp:term":[{"taxonomy":"pwb-brand","embeddable":true,"href":"https:\/\/www.moskito.cz\/sk\/wp-json\/wp\/v2\/pwb-brand?post=240107"},{"taxonomy":"product_brand","embeddable":true,"href":"https:\/\/www.moskito.cz\/sk\/wp-json\/wp\/v2\/product_brand?post=240107"},{"taxonomy":"product_cat","embeddable":true,"href":"https:\/\/www.moskito.cz\/sk\/wp-json\/wp\/v2\/product_cat?post=240107"},{"taxonomy":"product_tag","embeddable":true,"href":"https:\/\/www.moskito.cz\/sk\/wp-json\/wp\/v2\/product_tag?post=240107"}],"curies":[{"name":"wp","href":"https:\/\/api.w.org\/{rel}","templated":true}]}}