{"id":240411,"date":"2023-02-21T22:45:34","date_gmt":"2023-02-21T21:45:34","guid":{"rendered":"https:\/\/www.moskito.cz\/produkt\/zatvaraci-noz-cmb-made-knives-predator-cmb-08bb\/"},"modified":"2025-05-07T10:46:35","modified_gmt":"2025-05-07T09:46:35","slug":"zatvaraci-noz-cmb-made-knives-predator-cmb-08bb","status":"publish","type":"product","link":"https:\/\/www.moskito.cz\/sk\/produkt\/zatvaraci-noz-cmb-made-knives-predator-cmb-08bb\/","title":{"rendered":"Zatv\u00e1rac\u00ed N\u00f4\u017e CMB Made Knives Predator CMB-08BB"},"content":{"rendered":"<p>Zatv\u00e1rac\u00ed N\u00f4\u017e CMB Made Knives Predator CMB-08BB<\/p>\n<p>\u010ci sa im to p\u00e1\u010di alebo nie, pred\u00e1tori s\u00fa impozantn\u00e9 be\u0161tie. Vreckov\u00fd n\u00f4\u017e CMB Made Knives Predator preber\u00e1 atrib\u00faty a dizajnov\u00e9 fronty od svojho desiv\u00e9ho menovca: je super h\u00fa\u017eevnat\u00fd, ne\u00faprosn\u00fd a schopn\u00fd zni\u010di\u0165 v\u0161etko, \u010do mu stoj\u00ed v ceste. Spolo\u010dnos\u0165 CMB Made Knives nasmerovala v\u0161etky svoje v\u00fdrobn\u00e9 sk\u00fasenosti na to, aby tento n\u00f4\u017e vyrobili \u010do najlep\u0161ie a vytvorili produkt, ktor\u00fd d\u00e1va ka\u017edodenn\u00e9mu noseniu nov\u00fd v\u00fdznam.<\/p>\n<p>Dizajn\u00e9r: CMBMADEKNIVES<br \/>\nN\u00e1zov modelu: Predator CMB-08BB<\/p>\n<p>Celkov\u00e1 d\u013a\u017eka: 200 mm (7,87&#8243;)<br \/>\nD\u013a\u017eka \u010depele: 87 mm (3,42&#8243;)<br \/>\nD\u013a\u017eka rukov\u00e4te: 113 mm (4,44&#8243;)<br \/>\n\u0160\u00edrka \u010depele: 30 mm (1,18&#8243;)<br \/>\nHr\u00fabka \u010depele: 3,5 mm<\/p>\n<p>Materi\u00e1l \u010depele: D2<br \/>\nPovrch \u010depele: Stone Wash Black<br \/>\nMateri\u00e1l rukov\u00e4te: G10<br \/>\nMateri\u00e1l klipu: Nerezov\u00e1 oce\u013e<\/p>\n<p>Hmotnos\u0165: 141 g (4,97 oz)<br \/>\nTvrdos\u0165: 59-61 HRC<br \/>\nTyp z\u00e1mku: Osov\u00fd z\u00e1mok<br \/>\nKon\u0161trukcia: meden\u00e9 keramick\u00e9 guli\u010dkov\u00e9 lo\u017eisko<\/p>\n","protected":false},"excerpt":{"rendered":"<p>\u010ci sa im to p\u00e1\u010di alebo nie, pred\u00e1tori s\u00fa impozantn\u00e9 be\u0161tie!<\/p>\n","protected":false},"featured_media":240403,"comment_status":"open","ping_status":"closed","template":"","meta":[],"pwb-brand":[],"product_brand":[],"product_cat":[3186,3233],"product_tag":[],"class_list":{"0":"post-240411","1":"product","2":"type-product","3":"status-publish","4":"has-post-thumbnail","6":"product_cat-noze-sk","7":"product_cat-zatvaracie-noze","9":"first","10":"instock","11":"taxable","12":"shipping-taxable","13":"purchasable","14":"product-type-simple"},"brands":[],"_links":{"self":[{"href":"https:\/\/www.moskito.cz\/sk\/wp-json\/wp\/v2\/product\/240411","targetHints":{"allow":["GET"]}}],"collection":[{"href":"https:\/\/www.moskito.cz\/sk\/wp-json\/wp\/v2\/product"}],"about":[{"href":"https:\/\/www.moskito.cz\/sk\/wp-json\/wp\/v2\/types\/product"}],"replies":[{"embeddable":true,"href":"https:\/\/www.moskito.cz\/sk\/wp-json\/wp\/v2\/comments?post=240411"}],"wp:featuredmedia":[{"embeddable":true,"href":"https:\/\/www.moskito.cz\/sk\/wp-json\/wp\/v2\/media\/240403"}],"wp:attachment":[{"href":"https:\/\/www.moskito.cz\/sk\/wp-json\/wp\/v2\/media?parent=240411"}],"wp:term":[{"taxonomy":"pwb-brand","embeddable":true,"href":"https:\/\/www.moskito.cz\/sk\/wp-json\/wp\/v2\/pwb-brand?post=240411"},{"taxonomy":"product_brand","embeddable":true,"href":"https:\/\/www.moskito.cz\/sk\/wp-json\/wp\/v2\/product_brand?post=240411"},{"taxonomy":"product_cat","embeddable":true,"href":"https:\/\/www.moskito.cz\/sk\/wp-json\/wp\/v2\/product_cat?post=240411"},{"taxonomy":"product_tag","embeddable":true,"href":"https:\/\/www.moskito.cz\/sk\/wp-json\/wp\/v2\/product_tag?post=240411"}],"curies":[{"name":"wp","href":"https:\/\/api.w.org\/{rel}","templated":true}]}}