{"id":240486,"date":"2023-02-22T20:11:13","date_gmt":"2023-02-22T19:11:13","guid":{"rendered":"https:\/\/www.moskito.cz\/produkt\/pevny-noz-microtech-socom-alpha-mini-zombie-tech-single-edge-113m-1z\/"},"modified":"2025-05-07T10:46:36","modified_gmt":"2025-05-07T09:46:36","slug":"pevny-noz-microtech-socom-alpha-mini-zombie-tech-single-edge-113m-1z","status":"publish","type":"product","link":"https:\/\/www.moskito.cz\/sk\/produkt\/pevny-noz-microtech-socom-alpha-mini-zombie-tech-single-edge-113m-1z\/","title":{"rendered":"Pevn\u00fd N\u00f4\u017e Microtech Socom Alpha Mini Zombie Tech Single Edge 113M-1Z"},"content":{"rendered":"<p>Pevn\u00fd N\u00f4\u017e Microtech Socom Alpha Mini Zombie Tech Single Edge 113M-1Z<\/p>\n<p>Microtech pridal k popul\u00e1rnej s\u00e9rii Socom a predstavil Socom Alpha mini v \u0161t\u00fdle zlo\u017eky Socom Elite. Ako n\u00e1zov napoved\u00e1, jedn\u00e1 sa o zmen\u0161en\u00fa verziu Socom Alpha. Vyv\u00fd\u0161en\u00e1 full t\u00e1ng kon\u0161trukcia s lemovan\u00edm po celom obvode pre lep\u0161iu pri\u013enavos\u0165. Tvarovan\u00e9 v\u00e1hy rukov\u00e4te poskytuj\u00fa pohodln\u00e9 uchopenie a s\u00fa bezpe\u010dne dr\u017ean\u00e9 tromi ve\u013ek\u00fdmi patentovan\u00fdmi skrutkami. Otvor pre \u0161n\u00farku na konci sl\u00fa\u017ei ako rozb\u00edja\u010d skla. Ka\u017ed\u00fd z nich obsahuje vlastn\u00e9 molle kompatibiln\u00e9 Kydexov\u00e9 puzdro, v\u010faka \u010domu je tento n\u00f4\u017e vynikaj\u00facou vo\u013ebou na ka\u017edodenn\u00e9 nosenie.<\/p>\n<p>Tento model je vybaven\u00fd \u010dierno eloxovanou hlin\u00edkovou 6061-T6 tvarovanou hlin\u00edkovou stupnicou so zombie zelenou s n\u00e1hodne \u010derven\u00fdm &#8222;krvn\u00fdm&#8220; rozstrekom. Zombie zelen\u00e1 s n\u00e1hodn\u00fdm \u010derven\u00fdm striekan\u00edm s jednobritou \u010depe\u013eou z nerezovej ocele M390. Modely Zombie s\u00fa steriln\u00e9 bez in\u00fdch ozna\u010den\u00ed ako Zombie Tech na prednej strane \u010depele. \u00daplne nov\u00e9 v krabici s kydexov\u00fdm puzdrom.<\/p>\n<p>Krajina p\u00f4vodu: USA<br \/>\nD\u00e1tum p\u00f4vodu: 2023<br \/>\nMateri\u00e1l rukov\u00e4te: Hlin\u00edk<br \/>\nMateri\u00e1l \u010depele: M390<br \/>\nPovrchov\u00e1 \u00faprava \u010depele: Cerakote<br \/>\nTyp okraja: \u0160tandard<br \/>\nModel\/Vzor: Socom Alpha Mini<br \/>\nTyp no\u017ea: Pevn\u00e1 \u010depe\u013e<br \/>\nD\u013a\u017eka \u010depele: 9.5 cm<br \/>\nCelkov\u00e1 d\u013a\u017eka: 21 cm<br \/>\nHmotnos\u0165: 6 oz<\/p>\n","protected":false},"excerpt":{"rendered":"<p>V priebehu rokov Microtech\u00ae Knives naplnil v\u00e1\u0161\u0148ou a zru\u010dnos\u0165ou v\u00fdrobu no\u017eov, a\u017e z nich vytvoril takmer umeleck\u00e9 diela, ktor\u00e9 s\u00fa vrcholom funk\u010dnosti. V\u0161etky diely s\u00fa vyroden\u00e9 v USA.<br \/>\nNa v\u0161etky no\u017ee Microtech je do\u017eivotn\u00e1 z\u00e1ruka.<\/p>\n<p>Doprava zadarmo.<\/p>\n","protected":false},"featured_media":240478,"comment_status":"open","ping_status":"closed","template":"","meta":[],"pwb-brand":[3200],"product_brand":[],"product_cat":[3186,3187],"product_tag":[3668],"class_list":{"0":"post-240486","1":"product","2":"type-product","3":"status-publish","4":"has-post-thumbnail","6":"pwb-brand-microtech-sk","7":"product_cat-noze-sk","8":"product_cat-pevne-noze-sk","9":"product_tag-b2b-sk","11":"first","12":"outofstock","13":"taxable","14":"shipping-taxable","15":"purchasable","16":"product-type-simple"},"brands":[{"id":3200,"name":"Microtech","slug":"microtech-sk"}],"_links":{"self":[{"href":"https:\/\/www.moskito.cz\/sk\/wp-json\/wp\/v2\/product\/240486","targetHints":{"allow":["GET"]}}],"collection":[{"href":"https:\/\/www.moskito.cz\/sk\/wp-json\/wp\/v2\/product"}],"about":[{"href":"https:\/\/www.moskito.cz\/sk\/wp-json\/wp\/v2\/types\/product"}],"replies":[{"embeddable":true,"href":"https:\/\/www.moskito.cz\/sk\/wp-json\/wp\/v2\/comments?post=240486"}],"wp:featuredmedia":[{"embeddable":true,"href":"https:\/\/www.moskito.cz\/sk\/wp-json\/wp\/v2\/media\/240478"}],"wp:attachment":[{"href":"https:\/\/www.moskito.cz\/sk\/wp-json\/wp\/v2\/media?parent=240486"}],"wp:term":[{"taxonomy":"pwb-brand","embeddable":true,"href":"https:\/\/www.moskito.cz\/sk\/wp-json\/wp\/v2\/pwb-brand?post=240486"},{"taxonomy":"product_brand","embeddable":true,"href":"https:\/\/www.moskito.cz\/sk\/wp-json\/wp\/v2\/product_brand?post=240486"},{"taxonomy":"product_cat","embeddable":true,"href":"https:\/\/www.moskito.cz\/sk\/wp-json\/wp\/v2\/product_cat?post=240486"},{"taxonomy":"product_tag","embeddable":true,"href":"https:\/\/www.moskito.cz\/sk\/wp-json\/wp\/v2\/product_tag?post=240486"}],"curies":[{"name":"wp","href":"https:\/\/api.w.org\/{rel}","templated":true}]}}