{"id":240501,"date":"2023-02-22T20:46:44","date_gmt":"2023-02-22T19:46:44","guid":{"rendered":"https:\/\/www.moskito.cz\/produkt\/vystrelovaci-noz-microtech-hera-702-10aprd\/"},"modified":"2025-12-10T14:56:19","modified_gmt":"2025-12-10T13:56:19","slug":"vystrelovaci-noz-microtech-hera-702-10aprd","status":"publish","type":"product","link":"https:\/\/www.moskito.cz\/sk\/produkt\/vystrelovaci-noz-microtech-hera-702-10aprd\/","title":{"rendered":"Vystre\u013eovac\u00ed N\u00f4\u017e Microtech Hera 702-10APRD"},"content":{"rendered":"<p>Vystre\u013eovac\u00ed N\u00f4\u017e <strong>Microtech<\/strong> Hera 702-10APRD<\/p>\n<p><strong>Hera<\/strong> je kr\u00e1sna dvoj\u010dinn\u00e1 predn\u00e1 automatick\u00e1 pi\u0161to\u013e s r\u00e1mom vo\u013ene zalo\u017een\u00fdm na dizajne modelu Troodon. Je to v\u0161ak ergonomickej\u0161ie, s opracovan\u00fdmi z\u00e1platami bl\u00edzko koncov pre lep\u0161\u00ed n\u00e1kup a pod\u013ea na\u0161ich n\u00e1zorov vylep\u0161en\u00fd vzh\u013ead. V\u0161etko na tomto dizajne kri\u010d\u00ed ako sofistikovanos\u0165ou, tak funk\u010dnos\u0165ou. Je to jeden z najlep\u0161\u00edch v\u0161estrann\u00fdch automatick\u00fdch n\u00e1vrhov OTF v mimoriadne preplnenom poli a ve\u013ekos\u0165ou tak akur\u00e1t na ka\u017edodenn\u00e9 nosenie.<\/p>\n<p>\u0160pecifik\u00e1cie:<br \/>\nD\u013a\u017eka \u010depele: 8 cm<br \/>\nCelkov\u00e1 d\u013a\u017eka: 19 cm<br \/>\nMateri\u00e1l \u010depele: Upozor\u0148ujeme, \u017ee oce\u013e \u010depele nie je mo\u017en\u00e9 vopred \u0161pecifikova\u0165, preto\u017ee sa m\u00f4\u017ee l\u00ed\u0161i\u0165 v z\u00e1vislosti od dostupnosti (inform\u00e1cie od spolo\u010dnosti Microtech)<br \/>\nHr\u00fabka \u010depele: 0,094\u2033<br \/>\n\u0160t\u00fdl \u010depele: Drop Point<br \/>\nBr\u00fasenie \u010depele: Ploch\u00e9<br \/>\nPovrchov\u00e1 \u00faprava \u010depele:<br \/>\nMateri\u00e1l rukov\u00e4te: Eloxovan\u00fd leteck\u00fd hlin\u00edk<br \/>\nUzamykac\u00ed mechanizmus: Thumb Slide<br \/>\nVreckov\u00fd klip:<br \/>\nHmotnos\u0165: 3,10 oz.<br \/>\nDizajn\u00e9ri: Tony a Sean Marfione<br \/>\nVyroben\u00e9 v USA<\/p>\n<p><iframe title=\"Microtech Combat Troodon Torture Test\" width=\"800\" height=\"450\" src=\"https:\/\/www.youtube.com\/embed\/xE9TeOFYEjg?feature=oembed\" frameborder=\"0\" allow=\"accelerometer; autoplay; clipboard-write; encrypted-media; gyroscope; picture-in-picture; web-share\" allowfullscreen><\/iframe><\/p>\n<p>&nbsp;<\/p>\n<p>&nbsp;<\/p>\n","protected":false},"excerpt":{"rendered":"<p>V priebehu rokov spolo\u010dnos\u0165 <strong>Microtech\u00ae<\/strong> Knives spojila v\u00fdrobu no\u017eov s v\u00e1\u0161\u0148ou a zru\u010dnos\u0165ou a vytvorila takmer umeleck\u00e9 diela, ktor\u00e9 s\u00fa vrcholom funk\u010dnosti.V\u0161etky s\u00fa\u010dasti s\u00fa vyroben\u00e9 v USA.<br \/>\n<strong>Na v\u0161etky no\u017ee Microtech sa vz\u0165ahuje do\u017eivotn\u00e1 z\u00e1ruka ( min. 80 000 cyklov, otvorenie a zatvorenie<\/strong><strong>)<\/strong><\/p>\n<p><strong>Doprava zdarma.<\/strong><\/p>\n","protected":false},"featured_media":240490,"comment_status":"open","ping_status":"closed","template":"","meta":[],"pwb-brand":[3200],"product_brand":[],"product_cat":[3197,3186],"product_tag":[3668],"class_list":{"0":"post-240501","1":"product","2":"type-product","3":"status-publish","4":"has-post-thumbnail","6":"pwb-brand-microtech-sk","7":"product_cat-vystrelovacie-noze-sk","8":"product_cat-noze-sk","9":"product_tag-b2b-sk","11":"first","12":"outofstock","13":"taxable","14":"shipping-taxable","15":"purchasable","16":"product-type-simple"},"brands":[{"id":3200,"name":"Microtech","slug":"microtech-sk"}],"_links":{"self":[{"href":"https:\/\/www.moskito.cz\/sk\/wp-json\/wp\/v2\/product\/240501","targetHints":{"allow":["GET"]}}],"collection":[{"href":"https:\/\/www.moskito.cz\/sk\/wp-json\/wp\/v2\/product"}],"about":[{"href":"https:\/\/www.moskito.cz\/sk\/wp-json\/wp\/v2\/types\/product"}],"replies":[{"embeddable":true,"href":"https:\/\/www.moskito.cz\/sk\/wp-json\/wp\/v2\/comments?post=240501"}],"wp:featuredmedia":[{"embeddable":true,"href":"https:\/\/www.moskito.cz\/sk\/wp-json\/wp\/v2\/media\/240490"}],"wp:attachment":[{"href":"https:\/\/www.moskito.cz\/sk\/wp-json\/wp\/v2\/media?parent=240501"}],"wp:term":[{"taxonomy":"pwb-brand","embeddable":true,"href":"https:\/\/www.moskito.cz\/sk\/wp-json\/wp\/v2\/pwb-brand?post=240501"},{"taxonomy":"product_brand","embeddable":true,"href":"https:\/\/www.moskito.cz\/sk\/wp-json\/wp\/v2\/product_brand?post=240501"},{"taxonomy":"product_cat","embeddable":true,"href":"https:\/\/www.moskito.cz\/sk\/wp-json\/wp\/v2\/product_cat?post=240501"},{"taxonomy":"product_tag","embeddable":true,"href":"https:\/\/www.moskito.cz\/sk\/wp-json\/wp\/v2\/product_tag?post=240501"}],"curies":[{"name":"wp","href":"https:\/\/api.w.org\/{rel}","templated":true}]}}