{"id":240510,"date":"2023-02-22T21:08:19","date_gmt":"2023-02-22T20:08:19","guid":{"rendered":"https:\/\/www.moskito.cz\/produkt\/vystrelovaci-noz-microtech-borka-stitch-coyote-signature-series-169-1ccs\/"},"modified":"2025-05-07T10:46:38","modified_gmt":"2025-05-07T09:46:38","slug":"vystrelovaci-noz-microtech-borka-stitch-coyote-signature-series-169-1ccs","status":"publish","type":"product","link":"https:\/\/www.moskito.cz\/sk\/produkt\/vystrelovaci-noz-microtech-borka-stitch-coyote-signature-series-169-1ccs\/","title":{"rendered":"Vystre\u013eovac\u00ed N\u00f4\u017e Microtech Borka Stitch Coyote Signature Series 169-1CCS"},"content":{"rendered":"<p>Vystre\u013eovac\u00ed N\u00f4\u017e <strong>Microtech<\/strong> Borka Stitch Coyote Signature Series 169-1CCS<\/p>\n<p>Tento \u00fa\u017easn\u00fd kus hardv\u00e9ru vyu\u017e\u00edva dizajnov\u00e9ho g\u00e9nia Anthonyho Marfioneho a Sebastiana Berenjiho z Borka Blades. M\u00e1 hviezdny dizajn Sebastijan&#8217;s Stitch a sp\u00e1ruje ho s Tonyho \u0161pi\u010dkov\u00fdm automatick\u00fdm mechanizmom, aby vytvoril jednu z najhor\u0161\u00edch produk\u010dn\u00fdch spolupr\u00e1c roka.<\/p>\n<p>Tento model radu Signature sa vyzna\u010duje \u010depe\u013eou M390 s povrchovou \u00fapravou Coyote Camo Cerakote, ploch\u00fdm br\u00fasen\u00edm, pekn\u00fdm choilom pre ve\u013ek\u00e9 prsty a p\u00e1skovan\u00edm na n\u00e1jazde pre prsty a palec pre vynikaj\u00faci \u00fachop. Hlin\u00edkov\u00e1 rukov\u00e4\u0165 je tie\u017e povrchovo upraven\u00e1 Coyote Camo a vyzna\u010duje sa silne fr\u00e9zovanou text\u00farou. Hlin\u00edkov\u00fd backspacer je tie\u017e vybaven\u00fd impingom. Ako by ste o\u010dak\u00e1vali, t\u00e1to vec vystrel\u00ed ako raketa a z\u00e1mok je pevn\u00fd ako skala, \u010do je na tomto ve\u013ekom no\u017ei p\u00f4sobiv\u00e9! V\u0161etok apokalyptick\u00fd bronzovan\u00fd hardv\u00e9r, vreckov\u00fd klip a otvor na \u0161n\u00farku. Vreckov\u00e1 spona obsahuje logo Signature Series, inform\u00e1cie o modeli a s\u00e9riov\u00e9 \u010d\u00edslo.<\/p>\n<p>\u0160PECIFIK\u00c1CIA<br \/>\nKrajina p\u00f4vodu: USA<br \/>\nD\u00e1tum p\u00f4vodu: 2023<br \/>\nMateri\u00e1l \u010depele: M390<br \/>\nMateri\u00e1l rukov\u00e4te: Hlin\u00edk<br \/>\n\u0160t\u00fdl \u010depele: Wharncliffe<br \/>\nPovrchov\u00e1 \u00faprava \u010depele: Kojot Camo<br \/>\nTyp okraja: \u0160tandard<br \/>\nModel\/Vzor: Steh<br \/>\nTyp z\u00e1mku: Z\u00e1mok tla\u010didla<br \/>\nD\u013a\u017eka \u010depele: 9.5 cm<br \/>\nCelkov\u00e1 d\u013a\u017eka: 21.5 cm<br \/>\nHmotnos\u0165: 6,3 unca<\/p>\n<p><iframe title=\"Microtech Combat Troodon Torture Test\" width=\"800\" height=\"450\" src=\"https:\/\/www.youtube.com\/embed\/xE9TeOFYEjg?feature=oembed\" frameborder=\"0\" allow=\"accelerometer; autoplay; clipboard-write; encrypted-media; gyroscope; picture-in-picture; web-share\" allowfullscreen><\/iframe><\/p>\n<p>&nbsp;<\/p>\n","protected":false},"excerpt":{"rendered":"<p>V priebehu rokov <strong>Microtech\u00ae Knives<\/strong> naplnil v\u00e1\u0161\u0148ou a zru\u010dnos\u0165ou v\u00fdrobu no\u017eov, a\u017e z nich vytvoril takmer umeleck\u00e9 diela, ktor\u00e9 s\u00fa vrcholom funk\u010dnosti. V\u0161etky diely s\u00fa vyroden\u00e9 v USA.<br \/>\n<strong>Na v\u0161etky no\u017ee Microtech je do\u017eivotn\u00e1 z\u00e1ruka.<\/strong><\/p>\n<p><strong>Doprava zadarmo.<\/strong><\/p>\n","protected":false},"featured_media":240505,"comment_status":"open","ping_status":"closed","template":"","meta":[],"pwb-brand":[3200],"product_brand":[],"product_cat":[3197,3186],"product_tag":[3668],"class_list":{"0":"post-240510","1":"product","2":"type-product","3":"status-publish","4":"has-post-thumbnail","6":"pwb-brand-microtech-sk","7":"product_cat-vystrelovacie-noze-sk","8":"product_cat-noze-sk","9":"product_tag-b2b-sk","11":"first","12":"outofstock","13":"taxable","14":"shipping-taxable","15":"purchasable","16":"product-type-simple"},"brands":[{"id":3200,"name":"Microtech","slug":"microtech-sk"}],"_links":{"self":[{"href":"https:\/\/www.moskito.cz\/sk\/wp-json\/wp\/v2\/product\/240510","targetHints":{"allow":["GET"]}}],"collection":[{"href":"https:\/\/www.moskito.cz\/sk\/wp-json\/wp\/v2\/product"}],"about":[{"href":"https:\/\/www.moskito.cz\/sk\/wp-json\/wp\/v2\/types\/product"}],"replies":[{"embeddable":true,"href":"https:\/\/www.moskito.cz\/sk\/wp-json\/wp\/v2\/comments?post=240510"}],"wp:featuredmedia":[{"embeddable":true,"href":"https:\/\/www.moskito.cz\/sk\/wp-json\/wp\/v2\/media\/240505"}],"wp:attachment":[{"href":"https:\/\/www.moskito.cz\/sk\/wp-json\/wp\/v2\/media?parent=240510"}],"wp:term":[{"taxonomy":"pwb-brand","embeddable":true,"href":"https:\/\/www.moskito.cz\/sk\/wp-json\/wp\/v2\/pwb-brand?post=240510"},{"taxonomy":"product_brand","embeddable":true,"href":"https:\/\/www.moskito.cz\/sk\/wp-json\/wp\/v2\/product_brand?post=240510"},{"taxonomy":"product_cat","embeddable":true,"href":"https:\/\/www.moskito.cz\/sk\/wp-json\/wp\/v2\/product_cat?post=240510"},{"taxonomy":"product_tag","embeddable":true,"href":"https:\/\/www.moskito.cz\/sk\/wp-json\/wp\/v2\/product_tag?post=240510"}],"curies":[{"name":"wp","href":"https:\/\/api.w.org\/{rel}","templated":true}]}}