{"id":240669,"date":"2023-02-23T21:31:41","date_gmt":"2023-02-23T20:31:41","guid":{"rendered":"https:\/\/www.moskito.cz\/produkt\/vystrelovaci-noz-microtech-dirac-signature-series-225-1ocs\/"},"modified":"2025-05-07T10:46:42","modified_gmt":"2025-05-07T09:46:42","slug":"vystrelovaci-noz-microtech-dirac-signature-series-225-1ocs","status":"publish","type":"product","link":"https:\/\/www.moskito.cz\/sk\/produkt\/vystrelovaci-noz-microtech-dirac-signature-series-225-1ocs\/","title":{"rendered":"Vystre\u013eovac\u00ed N\u00f4\u017e Microtech Dirac Signature Series 225-1OCS"},"content":{"rendered":"<p>Vystre\u013eovac\u00ed N\u00f4\u017e <strong>Microtech<\/strong> Dirac Signature Series 225-1OCS<\/p>\n<p>Dirac je prv\u00fd dvoj\u010dinn\u00fd n\u00f4\u017e Microtech s jazdcom na vystre\u013eovanie krytu. Extr\u00e9mne ergonomick\u00fd podvozok sa vyzna\u010duje zakriven\u00fdmi l\u00edniami podobn\u00fdmi HALO pre trochu in\u00fd pocit v porovnan\u00ed s in\u00fdmi rukov\u00e4\u0165ami. Presk\u00famali tento konkr\u00e9tny dizajn OTF a pou\u017eili svoje typick\u00e9 mikrotechnol\u00f3gie s ultra vysokou toleranciou, ako je propriet\u00e1rny hardv\u00e9r, inovat\u00edvny vn\u00fatorn\u00fd mechanizmus a rozb\u00edja\u010d skla. S celkovou d\u013a\u017ekou 7,25 palca je Dirac tak akur\u00e1t pre ka\u017edodenn\u00fd n\u00f4\u017e.<\/p>\n<p>\u0160pecifik\u00e1cia:<br \/>\nD\u013a\u017eka \u010depele: 7.3<br \/>\nCelkov\u00e1 d\u013a\u017eka: 18 cm<br \/>\nVezmite pros\u00edm na vedomie, \u017ee oce\u013e \u010depele nie je mo\u017en\u00e9 vopred \u0161pecifikova\u0165, preto\u017ee sa m\u00f4\u017ee meni\u0165 v z\u00e1vislosti od dostupnosti (inform\u00e1cie od Microtech)<br \/>\n\u0160t\u00fdl \u010depele: D\u00fdka s dvojitou hranou<br \/>\nBr\u00fasenie \u010depele: Ploch\u00e9<br \/>\nPovrchov\u00e1 \u00faprava \u010depele: OD Green Camo<br \/>\nMateri\u00e1l rukov\u00e4te: hlin\u00edk 6061-T6, OD Green Camo Mil-Spec Hard Coat Eloxovan\u00fd<br \/>\nHr\u00fabka rukov\u00e4te: 0,42&#8243;<br \/>\nUzamykac\u00ed mechanizmus: Krycie \u0161up\u00e1tko<br \/>\nVreckov\u00e1 spona: 301 nerezov\u00e1 oce\u013e (sklopn\u00e1)<br \/>\nHmotnos\u0165: 2,2 oz.<br \/>\nDizajn\u00e9r: Tony Marfione<br \/>\nVyroben\u00e9 v USA<\/p>\n<p><iframe title=\"Microtech Combat Troodon Torture Test\" width=\"800\" height=\"450\" src=\"https:\/\/www.youtube.com\/embed\/xE9TeOFYEjg?feature=oembed\" frameborder=\"0\" allow=\"accelerometer; autoplay; clipboard-write; encrypted-media; gyroscope; picture-in-picture; web-share\" allowfullscreen><\/iframe><\/p>\n<p>&nbsp;<\/p>\n","protected":false},"excerpt":{"rendered":"<p>V priebehu rokov <strong>Microtech\u00ae<\/strong> Knives naplnil v\u00e1\u0161\u0148ou a zru\u010dnos\u0165ou v\u00fdrobu no\u017eov, a\u017e z nich vytvoril takmer umeleck\u00e9 diela, ktor\u00e9 s\u00fa vrcholom funk\u010dnosti. V\u0161etky diely s\u00fa vyroben\u00e9 v USA.<br \/>\n<strong>Na v\u0161etky no\u017ee Microtech je do\u017eivotn\u00e1 z\u00e1ruka.<\/strong><\/p>\n<p><strong>Doprava zadarmo.<\/strong><\/p>\n","protected":false},"featured_media":240655,"comment_status":"open","ping_status":"closed","template":"","meta":[],"pwb-brand":[3200],"product_brand":[],"product_cat":[3186,3197],"product_tag":[3668],"class_list":{"0":"post-240669","1":"product","2":"type-product","3":"status-publish","4":"has-post-thumbnail","6":"pwb-brand-microtech-sk","7":"product_cat-noze-sk","8":"product_cat-vystrelovacie-noze-sk","9":"product_tag-b2b-sk","11":"first","12":"instock","13":"taxable","14":"shipping-taxable","15":"purchasable","16":"product-type-simple"},"brands":[{"id":3200,"name":"Microtech","slug":"microtech-sk"}],"_links":{"self":[{"href":"https:\/\/www.moskito.cz\/sk\/wp-json\/wp\/v2\/product\/240669","targetHints":{"allow":["GET"]}}],"collection":[{"href":"https:\/\/www.moskito.cz\/sk\/wp-json\/wp\/v2\/product"}],"about":[{"href":"https:\/\/www.moskito.cz\/sk\/wp-json\/wp\/v2\/types\/product"}],"replies":[{"embeddable":true,"href":"https:\/\/www.moskito.cz\/sk\/wp-json\/wp\/v2\/comments?post=240669"}],"wp:featuredmedia":[{"embeddable":true,"href":"https:\/\/www.moskito.cz\/sk\/wp-json\/wp\/v2\/media\/240655"}],"wp:attachment":[{"href":"https:\/\/www.moskito.cz\/sk\/wp-json\/wp\/v2\/media?parent=240669"}],"wp:term":[{"taxonomy":"pwb-brand","embeddable":true,"href":"https:\/\/www.moskito.cz\/sk\/wp-json\/wp\/v2\/pwb-brand?post=240669"},{"taxonomy":"product_brand","embeddable":true,"href":"https:\/\/www.moskito.cz\/sk\/wp-json\/wp\/v2\/product_brand?post=240669"},{"taxonomy":"product_cat","embeddable":true,"href":"https:\/\/www.moskito.cz\/sk\/wp-json\/wp\/v2\/product_cat?post=240669"},{"taxonomy":"product_tag","embeddable":true,"href":"https:\/\/www.moskito.cz\/sk\/wp-json\/wp\/v2\/product_tag?post=240669"}],"curies":[{"name":"wp","href":"https:\/\/api.w.org\/{rel}","templated":true}]}}