{"id":240790,"date":"2023-02-25T09:57:47","date_gmt":"2023-02-25T08:57:47","guid":{"rendered":"https:\/\/www.moskito.cz\/produkt\/vystrelovaci-noz-microtech-dirac-delta-olive-camo-signature-series-227-1ocs\/"},"modified":"2025-05-07T10:46:46","modified_gmt":"2025-05-07T09:46:46","slug":"vystrelovaci-noz-microtech-dirac-delta-olive-camo-signature-series-227-1ocs","status":"publish","type":"product","link":"https:\/\/www.moskito.cz\/sk\/produkt\/vystrelovaci-noz-microtech-dirac-delta-olive-camo-signature-series-227-1ocs\/","title":{"rendered":"Vystre\u013eovac\u00ed N\u00f4\u017e Microtech Dirac Delta Olive Camo Signature Series 227-1OCS"},"content":{"rendered":"<p>Vystre\u013eovac\u00ed N\u00f4\u017e Microtech Dirac Delta Olive Camo Signature Series 227-1OCS<\/p>\n<p>\u00daplne nov\u00fd Dirac od Microtech je prv\u00fdm dvoj\u010dinn\u00fdm no\u017eom v rade s krytom vystre\u013euj\u00facim posuvn\u00edkom. Nov\u00e9 ergonomick\u00e9 \u0161asi bolo navrhnut\u00e9 so zakriven\u00fdmi l\u00edniami podobn\u00fdmi HALO pre trochu in\u00fd pocit v porovnan\u00ed s in\u00fdmi rukov\u00e4\u0165ami, ktor\u00e9 Microtech vyr\u00e1ba. Dizajn bol sk\u00faman\u00fd pre tento konkr\u00e9tny O.T.F. a potom pov\u00fd\u0161en\u00fd na nov\u00fa \u00farove\u0148 pou\u017eit\u00edm typick\u00fdch ultra vysok\u00fdch toleranci\u00ed spolo\u010dnosti Microtech. Bal\u00ed\u010dek dop\u013a\u0148aj\u00fa \u010fal\u0161ie veci, ako je propriet\u00e1rny hardv\u00e9r, inovat\u00edvny vn\u00fatorn\u00fd mechanizmus a rozb\u00edja\u010d skla. Dirac Delta s celkovou d\u013a\u017ekou 9,4 palca je Dirac robustnej\u0161ej ve\u013ekosti pre e\u0161te v\u00e4\u010d\u0161iu funk\u010dnos\u0165 ako jeho bra\u010dek.<\/p>\n<p>Tento model z limitovanej ed\u00edcie signat\u00farnej s\u00e9rie obsahuje hlin\u00edkov\u00fa rukov\u00e4\u0165 s povrchovou \u00fapravou Olive Camo Cerakote. \u010cepe\u013e d\u00fdky s dvojit\u00fdm ostr\u00edm M390 s povrchovou \u00fapravou Olive Camo Cerakote. Hardv\u00e9r s povrchovou \u00fapravou OD Green, vreckov\u00e1 spona a hrot rozb\u00edja\u010da skla. Vreckov\u00e1 spona m\u00e1 logo Microtech Claw, logo Signature Series, s\u00e9riov\u00e9 \u010d\u00edslo a d\u00e1tum v\u00fdroby.<\/p>\n<p>Krajina p\u00f4vodu: USA<br \/>\nMateri\u00e1l rukov\u00e4te: Hlin\u00edk<br \/>\nMateri\u00e1l \u010depele: M390<br \/>\n\u0160t\u00fdl \u010depele: D\u00fdka s dvojit\u00fdm ostr\u00edm<br \/>\nPovrchov\u00e1 \u00faprava \u010depele: Olivov\u00e1 Camo<br \/>\nTyp okraja: \u0160tandard<br \/>\nModel\/Vzor: Dirac Delta<br \/>\nTyp no\u017ea: Dvoj\u010dinn\u00e9 automatick\u00e9 OTF<br \/>\nTyp z\u00e1mku: Vpredu<br \/>\nD\u013a\u017eka \u010depele: 9.4 cm<br \/>\nCelkov\u00e1 d\u013a\u017eka: 23 cm<\/p>\n","protected":false},"excerpt":{"rendered":"<p>V priebehu rokov Microtech\u00ae Knives naplnil v\u00e1\u0161\u0148ou a zru\u010dnos\u0165ou v\u00fdrobu no\u017eov, a\u017e z nich vytvoril takmer umeleck\u00e9 diela, ktor\u00e9 s\u00fa vrcholom funk\u010dnosti. V\u0161etky diely s\u00fa vyroden\u00e9 v USA.<br \/>\nNa v\u0161etky no\u017ee Microtech je do\u017eivotn\u00e1 z\u00e1ruka (min. 80 000 cyklov, otvorenie a zatvorenie)<\/p>\n<p>Doprava zadarmo.<\/p>\n","protected":false},"featured_media":240785,"comment_status":"open","ping_status":"closed","template":"","meta":[],"pwb-brand":[3200],"product_brand":[],"product_cat":[3186,3197],"product_tag":[3668],"class_list":{"0":"post-240790","1":"product","2":"type-product","3":"status-publish","4":"has-post-thumbnail","6":"pwb-brand-microtech-sk","7":"product_cat-noze-sk","8":"product_cat-vystrelovacie-noze-sk","9":"product_tag-b2b-sk","11":"first","12":"outofstock","13":"taxable","14":"shipping-taxable","15":"purchasable","16":"product-type-simple"},"brands":[{"id":3200,"name":"Microtech","slug":"microtech-sk"}],"_links":{"self":[{"href":"https:\/\/www.moskito.cz\/sk\/wp-json\/wp\/v2\/product\/240790","targetHints":{"allow":["GET"]}}],"collection":[{"href":"https:\/\/www.moskito.cz\/sk\/wp-json\/wp\/v2\/product"}],"about":[{"href":"https:\/\/www.moskito.cz\/sk\/wp-json\/wp\/v2\/types\/product"}],"replies":[{"embeddable":true,"href":"https:\/\/www.moskito.cz\/sk\/wp-json\/wp\/v2\/comments?post=240790"}],"wp:featuredmedia":[{"embeddable":true,"href":"https:\/\/www.moskito.cz\/sk\/wp-json\/wp\/v2\/media\/240785"}],"wp:attachment":[{"href":"https:\/\/www.moskito.cz\/sk\/wp-json\/wp\/v2\/media?parent=240790"}],"wp:term":[{"taxonomy":"pwb-brand","embeddable":true,"href":"https:\/\/www.moskito.cz\/sk\/wp-json\/wp\/v2\/pwb-brand?post=240790"},{"taxonomy":"product_brand","embeddable":true,"href":"https:\/\/www.moskito.cz\/sk\/wp-json\/wp\/v2\/product_brand?post=240790"},{"taxonomy":"product_cat","embeddable":true,"href":"https:\/\/www.moskito.cz\/sk\/wp-json\/wp\/v2\/product_cat?post=240790"},{"taxonomy":"product_tag","embeddable":true,"href":"https:\/\/www.moskito.cz\/sk\/wp-json\/wp\/v2\/product_tag?post=240790"}],"curies":[{"name":"wp","href":"https:\/\/api.w.org\/{rel}","templated":true}]}}