{"id":240999,"date":"2023-02-25T18:58:50","date_gmt":"2023-02-25T17:58:50","guid":{"rendered":"https:\/\/www.moskito.cz\/produkt\/zatvaraci-noz-maxace-albatross-timascus-malb02\/"},"modified":"2025-05-07T10:46:48","modified_gmt":"2025-05-07T09:46:48","slug":"zatvaraci-noz-maxace-albatross-timascus-malb02","status":"publish","type":"product","link":"https:\/\/www.moskito.cz\/sk\/produkt\/zatvaraci-noz-maxace-albatross-timascus-malb02\/","title":{"rendered":"Zatv\u00e1rac\u00ed N\u00f4\u017e Maxace Albatross Timascus MALB02"},"content":{"rendered":"<p>Zatv\u00e1rac\u00ed N\u00f4\u017e Maxace Albatross Timascus MALB02<\/p>\n<p>Albatross je EDC vreckov\u00fd n\u00f4\u017e od Maxace pomenovan\u00fd po sl\u00e1vnom morskom vt\u00e1ku. Vyroben\u00e9 z odoln\u00fdch a spo\u013eahliv\u00fdch materi\u00e1lov. \u010cepe\u013e m\u00e1 profil Clip-Point a je vyroben\u00e1 z pr\u00e9miovej ocele M390. Mechanizmus z\u00e1mku \u010depele &#8211; Slip-Joint. Rukov\u00e4\u0165 je tit\u00e1nov\u00e1 s Timascus, spo\u013eahliv\u00e1 a ergonomick\u00e1. Nech\u00fdba klip, n\u00f4\u017e je vybaven\u00fd iba otvorom na \u0161n\u00farku v zadnej \u010dasti rukov\u00e4te.<\/p>\n<p>\u010cepe\u013e je vyroben\u00e1 z ocele M390. Jedn\u00e1 sa o pr\u00e9miov\u00fa pr\u00e1\u0161kov\u00fa martenzitick\u00fa oce\u013e s vysok\u00fdm obsahom chr\u00f3mu a van\u00e1du. Vyr\u00e1ba svetozn\u00e1my rak\u00fasky koncern Bohler &#8211; Uddeholm AG. T\u00e1to oce\u013e je uzn\u00e1van\u00e1 ako jedna z najlep\u0161\u00edch na svete pre svoju odolnos\u0165 proti opotrebovaniu, vysok\u00e9 antikor\u00f3zne vlastnosti, vynikaj\u00facu pevnos\u0165 a h\u00fa\u017eevnatos\u0165. V s\u00fa\u010dasnej dobe je ve\u013emi ob\u013e\u00faben\u00fdm materi\u00e1lom a \u00faspe\u0161ne sa pou\u017e\u00edva pri v\u00fdrobe pr\u00e9miov\u00fdch s\u00e9riov\u00fdch no\u017eov, ale aj z\u00e1kazkov\u00fdch a autorsk\u00fdch modelov. \u010cepele z tejto ocele s\u00fa kalen\u00e9 na 58-62 HRC. M\u00e1 vynikaj\u00facu pevnos\u0165 reznej hrany.<\/p>\n<p>Rukov\u00e4\u0165 je vyroben\u00e1 z tit\u00e1nu s Timascus. Tit\u00e1n je materi\u00e1l s vynikaj\u00facimi mechanick\u00fdmi vlastnos\u0165ami. Je pomerne pevn\u00fd, h\u00fa\u017eevnat\u00fd a \u013eahk\u00fd v porovnan\u00ed s in\u00fdmi ob\u013e\u00faben\u00fdmi kovmi pou\u017e\u00edvan\u00fdmi v rukov\u00e4tiach no\u017eov. Rukov\u00e4\u0165 z tit\u00e1novej zliatiny je tepelne odoln\u00e1, fyzik\u00e1lne inertn\u00e1 a neoxiduje. Navonok tit\u00e1nov\u00e9 rukov\u00e4te vyzeraj\u00fa luxusne a dokonale dop\u013a\u0148aj\u00fa oce\u013e \u010depele akejko\u013evek zna\u010dky. Napriek zlo\u017eit\u00e9mu stup\u0148u spracovania, vysokej viskozite a vysokej cene je tento materi\u00e1l medzi no\u017eiarmi st\u00e1le pomerne be\u017en\u00fd.<\/p>\n<p>\u010cape:l M390<\/p>\n<p>Blade style: Clip point<\/p>\n<p>Blade grind: Full Flat<\/p>\n<p>Povrchov\u00e1 \u00faprava \u010depele: Satin<\/p>\n<p>Kostra: Tit\u00e1n<\/p>\n<p>Rukov\u00e4\u0165: Timascus<\/p>\n<p>V\u00e1ha: 108 g<\/p>\n<p>Celkov\u00e1 d\u013a\u017eka: 210 mm<\/p>\n<p>D\u013a\u017eka \u010depele: 95 mm<\/p>\n<p>D\u013a\u017eka zatvoren\u00e9ho no\u017ea: 115 mm<\/p>\n<p>Hr\u00fabka \u010depele: 3 mm<\/p>\n<p>Tvrdos\u0165: 59-60HRC<\/p>\n","protected":false},"excerpt":{"rendered":"<pre id=\"tw-target-text\" class=\"tw-data-text tw-text-large tw-ta\" dir=\"ltr\" data-placeholder=\"P\u0159eklad\"><span class=\"Y2IQFc\" lang=\"sk\">Max\u00e1cia Albatross je luxusn\u00fd zatv\u00e1rac\u00ed n\u00f4\u017e z limitovanej ed\u00edcie vyroben\u00fd z najlep\u0161\u00edch materi\u00e1lov na vysokej \u00farovni.\r\n\r\nDoprava zadarmo.<\/span><\/pre>\n","protected":false},"featured_media":240988,"comment_status":"open","ping_status":"closed","template":"","meta":[],"pwb-brand":[],"product_brand":[],"product_cat":[3186,3233],"product_tag":[],"class_list":{"0":"post-240999","1":"product","2":"type-product","3":"status-publish","4":"has-post-thumbnail","6":"product_cat-noze-sk","7":"product_cat-zatvaracie-noze","9":"first","10":"outofstock","11":"taxable","12":"shipping-taxable","13":"purchasable","14":"product-type-simple"},"brands":[],"_links":{"self":[{"href":"https:\/\/www.moskito.cz\/sk\/wp-json\/wp\/v2\/product\/240999","targetHints":{"allow":["GET"]}}],"collection":[{"href":"https:\/\/www.moskito.cz\/sk\/wp-json\/wp\/v2\/product"}],"about":[{"href":"https:\/\/www.moskito.cz\/sk\/wp-json\/wp\/v2\/types\/product"}],"replies":[{"embeddable":true,"href":"https:\/\/www.moskito.cz\/sk\/wp-json\/wp\/v2\/comments?post=240999"}],"wp:featuredmedia":[{"embeddable":true,"href":"https:\/\/www.moskito.cz\/sk\/wp-json\/wp\/v2\/media\/240988"}],"wp:attachment":[{"href":"https:\/\/www.moskito.cz\/sk\/wp-json\/wp\/v2\/media?parent=240999"}],"wp:term":[{"taxonomy":"pwb-brand","embeddable":true,"href":"https:\/\/www.moskito.cz\/sk\/wp-json\/wp\/v2\/pwb-brand?post=240999"},{"taxonomy":"product_brand","embeddable":true,"href":"https:\/\/www.moskito.cz\/sk\/wp-json\/wp\/v2\/product_brand?post=240999"},{"taxonomy":"product_cat","embeddable":true,"href":"https:\/\/www.moskito.cz\/sk\/wp-json\/wp\/v2\/product_cat?post=240999"},{"taxonomy":"product_tag","embeddable":true,"href":"https:\/\/www.moskito.cz\/sk\/wp-json\/wp\/v2\/product_tag?post=240999"}],"curies":[{"name":"wp","href":"https:\/\/api.w.org\/{rel}","templated":true}]}}