{"id":241095,"date":"2023-02-26T10:05:03","date_gmt":"2023-02-26T09:05:03","guid":{"rendered":"https:\/\/www.moskito.cz\/produkt\/zatvaraci-noz-maxacia-zealot-3-0-mz302\/"},"modified":"2025-05-07T10:46:49","modified_gmt":"2025-05-07T09:46:49","slug":"zatvaraci-noz-maxacia-zealot-3-0-mz302","status":"publish","type":"product","link":"https:\/\/www.moskito.cz\/sk\/produkt\/zatvaraci-noz-maxacia-zealot-3-0-mz302\/","title":{"rendered":"Zatv\u00e1rac\u00ed N\u00f4\u017e Max\u00e1cia Zealot 3.0 MZ302"},"content":{"rendered":"<p>Zatv\u00e1rac\u00ed N\u00f4\u017e Max\u00e1cia Zealot 3.0 MZ302<\/p>\n<p>Zealot 3 je model EDC no\u017ea od Maxace. N\u00f4\u017e je vyroben\u00fd zo spo\u013eahliv\u00fdch materi\u00e1lov &#8211; \u010depe\u013e Drop-Point z ocele 10Cr15CoMoV, zatia\u013e \u010do rukov\u00e4\u0165 je vyroben\u00e1 zo sklolamin\u00e1tu G-10. Axi\u00e1lna mont\u00e1\u017e je preveden\u00e1 na guli\u010dkovom lo\u017eisku. Pre \u013eahk\u00e9 pren\u00e1\u0161anie poskytuje v\u00fdrobca vreckov\u00fd klip, ktor\u00fd umo\u017e\u0148uje upevni\u0165 n\u00f4\u017e na opasok alebo vrecko.<\/p>\n<p>\u010cepe\u013e je vyroben\u00e1 z ocele triedy 10Cr15CoMoV \u2013 novej patentovanej nerezovej ocele vyrobenej v \u010c\u00edne, podobnej japonskej VG-10. Hlavnou v\u00fdhodou ocele je jej dobr\u00e1 odolnos\u0165 proti kor\u00f3zii a jej h\u00fa\u017eevnatos\u0165 prispieva k dlhodob\u00e9mu zachovaniu reznej hrany.<\/p>\n<p>Rukov\u00e4\u0165 je vyroben\u00e1 zo sklolamin\u00e1tu G10 \u2013 kompozitn\u00e9ho materi\u00e1lu na b\u00e1ze sklen\u00e9ho vl\u00e1kna a epoxidovej \u017eivice. Po\u010das v\u00fdrobn\u00e9ho procesu je sklolamin\u00e1t nasiaknut\u00fd \u017eivicou, potom je zlisovan\u00fd. V\u00fdsledkom je materi\u00e1l, ktor\u00fd dobre funguje v nepriazniv\u00fdch podmienkach. G10 je trvanliv\u00fd a odoln\u00fd proti n\u00e1razu, dobre zn\u00e1\u0161a vlhkos\u0165 a dobre sa farb\u00ed. Navonok je ve\u013emi podobn\u00e1 micarte, ale predbehne ju v sile a oh\u0148ovzdornosti.<br \/>\nVlastnosti:<\/p>\n<p>Celkov\u00e1 d\u013a\u017eka: 220 mm<br \/>\nD\u013a\u017eka \u010depele: 98 mm<br \/>\nHr\u00fabka tupo: 3 mm<br \/>\nMateri\u00e1l \u010depele: 10Cr15CoMoV<br \/>\nMateri\u00e1l rukov\u00e4te: G-10<br \/>\nV\u00fdrobca: Max\u00e1cia<br \/>\nHmotnos\u0165: 165g<\/p>\n","protected":false},"excerpt":{"rendered":"<p><strong>Zealot 3 je model EDC no\u017ee od Maxace.<\/strong><\/p>\n","protected":false},"featured_media":241091,"comment_status":"open","ping_status":"closed","template":"","meta":[],"pwb-brand":[],"product_brand":[],"product_cat":[3186,3233],"product_tag":[],"class_list":{"0":"post-241095","1":"product","2":"type-product","3":"status-publish","4":"has-post-thumbnail","6":"product_cat-noze-sk","7":"product_cat-zatvaracie-noze","9":"first","10":"outofstock","11":"taxable","12":"shipping-taxable","13":"purchasable","14":"product-type-simple"},"brands":[],"_links":{"self":[{"href":"https:\/\/www.moskito.cz\/sk\/wp-json\/wp\/v2\/product\/241095","targetHints":{"allow":["GET"]}}],"collection":[{"href":"https:\/\/www.moskito.cz\/sk\/wp-json\/wp\/v2\/product"}],"about":[{"href":"https:\/\/www.moskito.cz\/sk\/wp-json\/wp\/v2\/types\/product"}],"replies":[{"embeddable":true,"href":"https:\/\/www.moskito.cz\/sk\/wp-json\/wp\/v2\/comments?post=241095"}],"wp:featuredmedia":[{"embeddable":true,"href":"https:\/\/www.moskito.cz\/sk\/wp-json\/wp\/v2\/media\/241091"}],"wp:attachment":[{"href":"https:\/\/www.moskito.cz\/sk\/wp-json\/wp\/v2\/media?parent=241095"}],"wp:term":[{"taxonomy":"pwb-brand","embeddable":true,"href":"https:\/\/www.moskito.cz\/sk\/wp-json\/wp\/v2\/pwb-brand?post=241095"},{"taxonomy":"product_brand","embeddable":true,"href":"https:\/\/www.moskito.cz\/sk\/wp-json\/wp\/v2\/product_brand?post=241095"},{"taxonomy":"product_cat","embeddable":true,"href":"https:\/\/www.moskito.cz\/sk\/wp-json\/wp\/v2\/product_cat?post=241095"},{"taxonomy":"product_tag","embeddable":true,"href":"https:\/\/www.moskito.cz\/sk\/wp-json\/wp\/v2\/product_tag?post=241095"}],"curies":[{"name":"wp","href":"https:\/\/api.w.org\/{rel}","templated":true}]}}