{"id":241108,"date":"2023-02-26T10:55:01","date_gmt":"2023-02-26T09:55:01","guid":{"rendered":"https:\/\/www.moskito.cz\/produkt\/zatvaraci-noz-maxacia-zealot-2-0-mz206\/"},"modified":"2025-05-07T10:46:49","modified_gmt":"2025-05-07T09:46:49","slug":"zatvaraci-noz-maxacia-zealot-2-0-mz206","status":"publish","type":"product","link":"https:\/\/www.moskito.cz\/sk\/produkt\/zatvaraci-noz-maxacia-zealot-2-0-mz206\/","title":{"rendered":"Zatv\u00e1rac\u00ed N\u00f4\u017e Max\u00e1cia Zealot 2.0 MZ206"},"content":{"rendered":"<p>Zatv\u00e1rac\u00ed N\u00f4\u017e Max\u00e1cia Zealot 2.0 MZ206<\/p>\n<p>Zealot je model EDC no\u017ea od Maxace. N\u00f4\u017e je vyroben\u00fd zo spo\u013eahliv\u00fdch materi\u00e1lov &#8211; \u010depe\u013e tvaru Drop-Point je vyroben\u00e1 z ocele K110, zatia\u013e \u010do rukov\u00e4\u0165 je vyroben\u00e1 zo sklolamin\u00e1tu G-10. Axi\u00e1lna mont\u00e1\u017e je preveden\u00e1 na guli\u010dkovom lo\u017eisku. Pre \u013eahk\u00e9 pren\u00e1\u0161anie poskytuje v\u00fdrobca vreckov\u00fd klip, ktor\u00fd umo\u017e\u0148uje upevni\u0165 n\u00f4\u017e na opasok alebo vrecko.<\/p>\n<p>\u010cepe\u013e je vyroben\u00e1 z K110, vysoko uhl\u00edkovej vysokochr\u00f3movej n\u00e1strojovej ocele tvarovanej za studena rak\u00fasko-\u0161v\u00e9dskeho koncernu Bohler-Uddeholm z\u00edskanej elektrostruskov\u00fdm pretaven\u00edm. T\u00e1to oce\u013e m\u00e1 zlo\u017eit\u00e9 zauj\u00edmav\u00e9 zlo\u017eenie, dr\u017e\u00ed tenk\u00e9 uhly, m\u00e1 v\u00fdrazn\u00fa tvrdos\u0165 a m\u00e1 vysok\u00fa h\u00fa\u017eevnatos\u0165. Typick\u00fd rozsah tvrdosti je 59-62 HRc.<\/p>\n<p>Rukov\u00e4\u0165 je vyroben\u00e1 zo sklolamin\u00e1tu G10 \u2013 kompozitn\u00e9ho materi\u00e1lu na b\u00e1ze sklen\u00e9ho vl\u00e1kna a epoxidovej \u017eivice. Po\u010das v\u00fdrobn\u00e9ho procesu je sklolamin\u00e1t nasiaknut\u00fd \u017eivicou, potom je zlisovan\u00fd. V\u00fdsledkom je materi\u00e1l, ktor\u00fd dobre funguje v nepriazniv\u00fdch podmienkach. G10 je trvanliv\u00fd a odoln\u00fd proti n\u00e1razu, dobre zn\u00e1\u0161a vlhkos\u0165 a dobre sa farb\u00ed. Navonok je ve\u013emi podobn\u00e1 micarte, ale predbehne ju v sile a oh\u0148ovzdornosti.<\/p>\n<p>Celkov\u00e1 d\u013a\u017eka: 230 mm<br \/>\nD\u013a\u017eka \u010depele: 98 mm<br \/>\nHr\u00fabka tupo: 3 mm<br \/>\nMateri\u00e1l \u010depele: Bohler K110<br \/>\nMateri\u00e1l rukov\u00e4te: G-10<br \/>\nV\u00fdrobca: Max\u00e1cia<br \/>\nHmotnos\u0165: 155g<\/p>\n","protected":false},"excerpt":{"rendered":"<p><strong>Zealot je model EDC no\u017ee od Maxace.<\/strong><\/p>\n","protected":false},"featured_media":241100,"comment_status":"open","ping_status":"closed","template":"","meta":[],"pwb-brand":[],"product_brand":[],"product_cat":[3186,3233],"product_tag":[],"class_list":{"0":"post-241108","1":"product","2":"type-product","3":"status-publish","4":"has-post-thumbnail","6":"product_cat-noze-sk","7":"product_cat-zatvaracie-noze","9":"first","10":"instock","11":"taxable","12":"shipping-taxable","13":"purchasable","14":"product-type-simple"},"brands":[],"_links":{"self":[{"href":"https:\/\/www.moskito.cz\/sk\/wp-json\/wp\/v2\/product\/241108","targetHints":{"allow":["GET"]}}],"collection":[{"href":"https:\/\/www.moskito.cz\/sk\/wp-json\/wp\/v2\/product"}],"about":[{"href":"https:\/\/www.moskito.cz\/sk\/wp-json\/wp\/v2\/types\/product"}],"replies":[{"embeddable":true,"href":"https:\/\/www.moskito.cz\/sk\/wp-json\/wp\/v2\/comments?post=241108"}],"wp:featuredmedia":[{"embeddable":true,"href":"https:\/\/www.moskito.cz\/sk\/wp-json\/wp\/v2\/media\/241100"}],"wp:attachment":[{"href":"https:\/\/www.moskito.cz\/sk\/wp-json\/wp\/v2\/media?parent=241108"}],"wp:term":[{"taxonomy":"pwb-brand","embeddable":true,"href":"https:\/\/www.moskito.cz\/sk\/wp-json\/wp\/v2\/pwb-brand?post=241108"},{"taxonomy":"product_brand","embeddable":true,"href":"https:\/\/www.moskito.cz\/sk\/wp-json\/wp\/v2\/product_brand?post=241108"},{"taxonomy":"product_cat","embeddable":true,"href":"https:\/\/www.moskito.cz\/sk\/wp-json\/wp\/v2\/product_cat?post=241108"},{"taxonomy":"product_tag","embeddable":true,"href":"https:\/\/www.moskito.cz\/sk\/wp-json\/wp\/v2\/product_tag?post=241108"}],"curies":[{"name":"wp","href":"https:\/\/api.w.org\/{rel}","templated":true}]}}