{"id":241208,"date":"2023-02-26T22:45:06","date_gmt":"2023-02-26T21:45:06","guid":{"rendered":"https:\/\/www.moskito.cz\/produkt\/zatvaraci-noz-maxace-panzer-mpz01\/"},"modified":"2025-05-07T10:46:52","modified_gmt":"2025-05-07T09:46:52","slug":"zatvaraci-noz-maxace-panzer-mpz01","status":"publish","type":"product","link":"https:\/\/www.moskito.cz\/sk\/produkt\/zatvaraci-noz-maxace-panzer-mpz01\/","title":{"rendered":"Zatv\u00e1rac\u00ed N\u00f4\u017e Maxace Panzer MPZ01"},"content":{"rendered":"<p>Zatv\u00e1rac\u00ed N\u00f4\u017e Maxace Panzer MPZ01<\/p>\n<p>Max\u00e1cia PANZER, \u010depe\u013e je vyroben\u00e1 z ocele Sandvik 14C28N s kamennou \u00fapravou, rukov\u00e4\u0165 je vyroben\u00e1 z tit\u00e1nu TC4 a hriade\u013e je s guli\u010dkov\u00fdm lo\u017eiskom KVT (syst\u00e9m keramick\u00fdch guli\u010dkov\u00fdch lo\u017e\u00edsk) Reza ve\u013emi hladko. Cel\u00fd n\u00f4\u017e sleduje trasu mal\u00e9ho no\u017ea, ktor\u00fd sa \u013eahko pren\u00e1\u0161a. Mechanizmus otv\u00e1rania no\u017ea Flipper navy\u0161e umo\u017e\u0148uje u\u017e\u00edvate\u013eovi r\u00fdchle otvorenie no\u017ea bez prek\u00e1\u017eok. Jedn\u00e1 sa o ve\u013emi praktick\u00fd prenosn\u00fd n\u00f4\u017e (EDC).<\/p>\n<p>Max\u00e1cia Panzer \u2013 Sandvik 14C28N \/ Titanium Framelock<\/p>\n<p>Max\u00e1cia Panzer zaujme aj napriek svojim mal\u00fdm rozmerom skvelou funk\u010dnos\u0165ou, \u010di u\u017e ide o otv\u00e1ranie (prekl\u00e1panie) alebo dokonca rezanie.<\/p>\n<p>Tento n\u00f4\u017e je perfektn\u00fd ako ka\u017edodenn\u00fd spolo\u010dn\u00edk ako EDC.<\/p>\n<p>Oce\u013e: Sandvik 14C28N<br \/>\nRukov\u00e4\u0165. Tit\u00e1n (pieskovan\u00fd)<br \/>\nPln\u00e1 d\u013a\u017eka: 15,5 cm<br \/>\nD\u013a\u017eka \u010depele: 6,8 cm<br \/>\nHr\u00fabka \u010depele: 0,3 cm<br \/>\nHmotnos\u0165: 130 gramov<\/p>\n","protected":false},"excerpt":{"rendered":"<pre id=\"tw-target-text\" class=\"tw-data-text tw-text-large tw-ta\" dir=\"ltr\" data-placeholder=\"P\u0159eklad\"><span class=\"Y2IQFc\" lang=\"sk\">Tento n\u00f4\u017e je perfektn\u00fd ako ka\u017edodenn\u00fd spolo\u010dn\u00edk ako EDC.<\/span><\/pre>\n","protected":false},"featured_media":241197,"comment_status":"open","ping_status":"closed","template":"","meta":[],"pwb-brand":[],"product_brand":[],"product_cat":[3186,3233],"product_tag":[],"class_list":{"0":"post-241208","1":"product","2":"type-product","3":"status-publish","4":"has-post-thumbnail","6":"product_cat-noze-sk","7":"product_cat-zatvaracie-noze","9":"first","10":"instock","11":"taxable","12":"shipping-taxable","13":"purchasable","14":"product-type-simple"},"brands":[],"_links":{"self":[{"href":"https:\/\/www.moskito.cz\/sk\/wp-json\/wp\/v2\/product\/241208","targetHints":{"allow":["GET"]}}],"collection":[{"href":"https:\/\/www.moskito.cz\/sk\/wp-json\/wp\/v2\/product"}],"about":[{"href":"https:\/\/www.moskito.cz\/sk\/wp-json\/wp\/v2\/types\/product"}],"replies":[{"embeddable":true,"href":"https:\/\/www.moskito.cz\/sk\/wp-json\/wp\/v2\/comments?post=241208"}],"wp:featuredmedia":[{"embeddable":true,"href":"https:\/\/www.moskito.cz\/sk\/wp-json\/wp\/v2\/media\/241197"}],"wp:attachment":[{"href":"https:\/\/www.moskito.cz\/sk\/wp-json\/wp\/v2\/media?parent=241208"}],"wp:term":[{"taxonomy":"pwb-brand","embeddable":true,"href":"https:\/\/www.moskito.cz\/sk\/wp-json\/wp\/v2\/pwb-brand?post=241208"},{"taxonomy":"product_brand","embeddable":true,"href":"https:\/\/www.moskito.cz\/sk\/wp-json\/wp\/v2\/product_brand?post=241208"},{"taxonomy":"product_cat","embeddable":true,"href":"https:\/\/www.moskito.cz\/sk\/wp-json\/wp\/v2\/product_cat?post=241208"},{"taxonomy":"product_tag","embeddable":true,"href":"https:\/\/www.moskito.cz\/sk\/wp-json\/wp\/v2\/product_tag?post=241208"}],"curies":[{"name":"wp","href":"https:\/\/api.w.org\/{rel}","templated":true}]}}