{"id":241326,"date":"2023-02-27T20:32:36","date_gmt":"2023-02-27T19:32:36","guid":{"rendered":"https:\/\/www.moskito.cz\/produkt\/zatvaraci-noz-maxacia-beetle-s-mbts01\/"},"modified":"2025-05-07T10:46:53","modified_gmt":"2025-05-07T09:46:53","slug":"zatvaraci-noz-maxacia-beetle-s-mbts01","status":"publish","type":"product","link":"https:\/\/www.moskito.cz\/sk\/produkt\/zatvaraci-noz-maxacia-beetle-s-mbts01\/","title":{"rendered":"Zatv\u00e1rac\u00ed N\u00f4\u017e Max\u00e1cia Beetle-S MBTS01"},"content":{"rendered":"<p>Zatv\u00e1rac\u00ed N\u00f4\u017e Max\u00e1cia Beetle-S MBTS01<\/p>\n<p>Beetle-S je zatv\u00e1rac\u00ed n\u00f4\u017e Max\u00e1cia EDC s \u010depe\u013eou Drop-Point vyroben\u00fd z pr\u00e9miovej ocele M390. Tit\u00e1nov\u00e1 rukov\u00e4\u0165 s kosten\u00fdmi prekrytiami. Tento model je mo\u017en\u00e9 dobre nazva\u0165 gentlemansk\u00fdm no\u017eom. V\u010faka svojim klasick\u00fdm a pr\u00edsnym form\u00e1m sa tento kr\u00e1savec bude hodi\u0165 ako k spolo\u010densk\u00e9mu obleku, tak k roztrhan\u00fdm d\u017e\u00ednsom. S d\u013a\u017ekou \u010depele 83 mm a hr\u00fabkou pa\u017eby 1,8 mm je n\u00f4\u017e schopn\u00fd vytvori\u0165 takmer chirurgick\u00fd rez. Vybaven\u00e9 otvorom pre \u0161n\u00farku a zap\u00ednan\u00edm na posuvn\u00fd k\u013ab. Ch\u00fdba klip.<\/p>\n<p>\u010cepe\u013e je vyroben\u00e1 z ocele M390. Jedn\u00e1 sa o pr\u00e9miov\u00fa pr\u00e1\u0161kov\u00fa martenzitick\u00fa oce\u013e s vysok\u00fdm obsahom chr\u00f3mu a van\u00e1du. Vyr\u00e1ba svetozn\u00e1my rak\u00fasky koncern Bohler &#8211; Uddeholm AG. T\u00e1to oce\u013e je uzn\u00e1van\u00e1 ako jedna z najlep\u0161\u00edch na svete pre svoju odolnos\u0165 proti opotrebovaniu, vysok\u00e9 antikor\u00f3zne vlastnosti, vynikaj\u00facu pevnos\u0165 a h\u00fa\u017eevnatos\u0165. V s\u00fa\u010dasnej dobe je ve\u013emi ob\u013e\u00faben\u00fdm materi\u00e1lom a \u00faspe\u0161ne sa pou\u017e\u00edva pri v\u00fdrobe pr\u00e9miov\u00fdch s\u00e9riov\u00fdch no\u017eov, ale aj z\u00e1kazkov\u00fdch a autorsk\u00fdch modelov. \u010cepele z tejto ocele s\u00fa kalen\u00e9 na 58-62 HRC. M\u00e1 vynikaj\u00facu pevnos\u0165 reznej hrany. Treba v\u0161ak podotkn\u00fa\u0165, \u017ee odvr\u00e1tenou stranou tejto vlastnosti nie je \u00faplne jednoduch\u00e9 ostrenie.<\/p>\n<p>Rukov\u00e4\u0165 je vyroben\u00e1 z tit\u00e1nu s kosten\u00fdmi prekrytiami. Tit\u00e1n m\u00e1 vynikaj\u00face mechanick\u00e9 vlastnosti. Je pomerne pevn\u00fd, h\u00fa\u017eevnat\u00fd a \u013eahk\u00fd v porovnan\u00ed s in\u00fdmi ob\u013e\u00faben\u00fdmi kovmi pou\u017e\u00edvan\u00fdmi v rukov\u00e4tiach no\u017eov. Rukov\u00e4\u0165 z tit\u00e1novej zliatiny je tepelne odoln\u00e1, fyzik\u00e1lne inertn\u00e1 a neoxiduje. Navonok tit\u00e1nov\u00e9 rukov\u00e4te vyzeraj\u00fa luxusne a dokonale dop\u013a\u0148aj\u00fa oce\u013e \u010depele akejko\u013evek zna\u010dky. Napriek zlo\u017eit\u00e9mu stup\u0148u spracovania, vysokej viskozite a vysokej cene je tento materi\u00e1l medzi no\u017eiarmi st\u00e1le pomerne be\u017en\u00fd. Bone je pevn\u00fd a hladk\u00fd materi\u00e1l, ktor\u00fd rukov\u00e4te dod\u00e1va exotick\u00fd vzh\u013ead. Aby nedo\u0161lo k zmene farby, nemal by by\u0165 n\u00f4\u017e ponechan\u00fd dlh\u0161iu dobu na slnku ani pod vodou.<\/p>\n<p>Vlastnosti:<\/p>\n<p>Celkov\u00e1 d\u013a\u017eka: 189 mm<br \/>\nD\u013a\u017eka \u010depele: 83 mm<br \/>\n\u0160\u00edrka \u010depele: 24 mm<br \/>\nHr\u00fabka hlavy: 1,8 mm<br \/>\nMateri\u00e1l \u010depele: Bohler M390<br \/>\nMateri\u00e1l rukov\u00e4te: kos\u0165, tit\u00e1n<br \/>\nV\u00fdrobca: Max\u00e1cia<br \/>\nHmotnos\u0165: 129g<\/p>\n","protected":false},"excerpt":{"rendered":"<p>Tento model je mo\u017en\u00e9 dobre nazva\u0165 gentlemansk\u00fdm no\u017eom.<\/p>\n","protected":false},"featured_media":241312,"comment_status":"open","ping_status":"closed","template":"","meta":[],"pwb-brand":[],"product_brand":[],"product_cat":[3186,3233],"product_tag":[],"class_list":{"0":"post-241326","1":"product","2":"type-product","3":"status-publish","4":"has-post-thumbnail","6":"product_cat-noze-sk","7":"product_cat-zatvaracie-noze","9":"first","10":"instock","11":"taxable","12":"shipping-taxable","13":"purchasable","14":"product-type-simple"},"brands":[],"_links":{"self":[{"href":"https:\/\/www.moskito.cz\/sk\/wp-json\/wp\/v2\/product\/241326","targetHints":{"allow":["GET"]}}],"collection":[{"href":"https:\/\/www.moskito.cz\/sk\/wp-json\/wp\/v2\/product"}],"about":[{"href":"https:\/\/www.moskito.cz\/sk\/wp-json\/wp\/v2\/types\/product"}],"replies":[{"embeddable":true,"href":"https:\/\/www.moskito.cz\/sk\/wp-json\/wp\/v2\/comments?post=241326"}],"wp:featuredmedia":[{"embeddable":true,"href":"https:\/\/www.moskito.cz\/sk\/wp-json\/wp\/v2\/media\/241312"}],"wp:attachment":[{"href":"https:\/\/www.moskito.cz\/sk\/wp-json\/wp\/v2\/media?parent=241326"}],"wp:term":[{"taxonomy":"pwb-brand","embeddable":true,"href":"https:\/\/www.moskito.cz\/sk\/wp-json\/wp\/v2\/pwb-brand?post=241326"},{"taxonomy":"product_brand","embeddable":true,"href":"https:\/\/www.moskito.cz\/sk\/wp-json\/wp\/v2\/product_brand?post=241326"},{"taxonomy":"product_cat","embeddable":true,"href":"https:\/\/www.moskito.cz\/sk\/wp-json\/wp\/v2\/product_cat?post=241326"},{"taxonomy":"product_tag","embeddable":true,"href":"https:\/\/www.moskito.cz\/sk\/wp-json\/wp\/v2\/product_tag?post=241326"}],"curies":[{"name":"wp","href":"https:\/\/api.w.org\/{rel}","templated":true}]}}