{"id":241386,"date":"2023-02-27T22:20:33","date_gmt":"2023-02-27T21:20:33","guid":{"rendered":"https:\/\/www.moskito.cz\/produkt\/zatvaraci-noz-maxace-ranger-mrg02\/"},"modified":"2025-05-07T10:46:55","modified_gmt":"2025-05-07T09:46:55","slug":"zatvaraci-noz-maxace-ranger-mrg02","status":"publish","type":"product","link":"https:\/\/www.moskito.cz\/sk\/produkt\/zatvaraci-noz-maxace-ranger-mrg02\/","title":{"rendered":"Zatv\u00e1rac\u00ed N\u00f4\u017e Maxace Ranger MRG02"},"content":{"rendered":"<p>Zatv\u00e1rac\u00ed N\u00f4\u017e Maxace Ranger MRG02<\/p>\n<p>\u010cepe\u013e je vyroben\u00e1 z ocele XW42 v \u0161edom preveden\u00ed. Ploch\u00e9 br\u00fasenie. Modr\u00e1 a biela rukov\u00e4\u0165 G10. Linerlock. \u010cerven\u00fd backspacer. Diera na \u0161n\u00farku. Spona na prav\u00e9 nosenie.<\/p>\n<p>OPIS:<br \/>\nCelkov\u00e1 d\u013a\u017eka: 9&#8243;, 230 mm<\/p>\n<p>D\u013a\u017eka v zatvorenom stave: 5,12&#8243;, 130 mm<\/p>\n<p>D\u013a\u017eka \u010depele: 3,86&#8243;, 98 mm<\/p>\n<p>Hr\u00fabka \u010depele: 3,8 mm<\/p>\n<p>Materi\u00e1l \u010depele: oce\u013e XW42<\/p>\n<p>59 HRC<\/p>\n<p>Oby\u010dajn\u00fd okraj<\/p>\n<p>Materi\u00e1l rukov\u00e4te: Biela + Modr\u00e1 G-10<\/p>\n<p>Hmotnos\u0165: 4,59 oz., 130 g<\/p>\n","protected":false},"excerpt":{"rendered":"<p>Zatv\u00e1rac\u00ed N\u00f4\u017e Maxace Ranger MRG02 \u010cepe\u013e je vyroben\u00e1 z ocele XW42 v \u0161edom preveden\u00ed. Ploch\u00e9 br\u00fasenie. Modr\u00e1 a biela rukov\u00e4\u0165 G10. Linerlock. \u010cerven\u00fd backspacer. Diera na \u0161n\u00farku. Spona na prav\u00e9 nosenie. OPIS: Celkov\u00e1 d\u013a\u017eka: 9&#8243;, 230 mm D\u013a\u017eka v zatvorenom stave: 5,12&#8243;, 130 mm D\u013a\u017eka \u010depele: 3,86&#8243;, 98 mm Hr\u00fabka \u010depele: 3,8 mm Materi\u00e1l \u010depele: [&hellip;]<\/p>\n","protected":false},"featured_media":241381,"comment_status":"open","ping_status":"closed","template":"","meta":[],"pwb-brand":[],"product_brand":[],"product_cat":[3186,3233],"product_tag":[],"class_list":{"0":"post-241386","1":"product","2":"type-product","3":"status-publish","4":"has-post-thumbnail","6":"product_cat-noze-sk","7":"product_cat-zatvaracie-noze","9":"first","10":"outofstock","11":"taxable","12":"shipping-taxable","13":"purchasable","14":"product-type-simple"},"brands":[],"_links":{"self":[{"href":"https:\/\/www.moskito.cz\/sk\/wp-json\/wp\/v2\/product\/241386","targetHints":{"allow":["GET"]}}],"collection":[{"href":"https:\/\/www.moskito.cz\/sk\/wp-json\/wp\/v2\/product"}],"about":[{"href":"https:\/\/www.moskito.cz\/sk\/wp-json\/wp\/v2\/types\/product"}],"replies":[{"embeddable":true,"href":"https:\/\/www.moskito.cz\/sk\/wp-json\/wp\/v2\/comments?post=241386"}],"wp:featuredmedia":[{"embeddable":true,"href":"https:\/\/www.moskito.cz\/sk\/wp-json\/wp\/v2\/media\/241381"}],"wp:attachment":[{"href":"https:\/\/www.moskito.cz\/sk\/wp-json\/wp\/v2\/media?parent=241386"}],"wp:term":[{"taxonomy":"pwb-brand","embeddable":true,"href":"https:\/\/www.moskito.cz\/sk\/wp-json\/wp\/v2\/pwb-brand?post=241386"},{"taxonomy":"product_brand","embeddable":true,"href":"https:\/\/www.moskito.cz\/sk\/wp-json\/wp\/v2\/product_brand?post=241386"},{"taxonomy":"product_cat","embeddable":true,"href":"https:\/\/www.moskito.cz\/sk\/wp-json\/wp\/v2\/product_cat?post=241386"},{"taxonomy":"product_tag","embeddable":true,"href":"https:\/\/www.moskito.cz\/sk\/wp-json\/wp\/v2\/product_tag?post=241386"}],"curies":[{"name":"wp","href":"https:\/\/api.w.org\/{rel}","templated":true}]}}