{"id":241584,"date":"2023-03-01T21:09:27","date_gmt":"2023-03-01T20:09:27","guid":{"rendered":"https:\/\/www.moskito.cz\/produkt\/zatvaraci-noz-maxace-tank-mtk01\/"},"modified":"2025-05-07T10:46:56","modified_gmt":"2025-05-07T09:46:56","slug":"zatvaraci-noz-maxace-tank-mtk01","status":"publish","type":"product","link":"https:\/\/www.moskito.cz\/sk\/produkt\/zatvaraci-noz-maxace-tank-mtk01\/","title":{"rendered":"Zatv\u00e1rac\u00ed N\u00f4\u017e Maxace Tank MTK01"},"content":{"rendered":"<p>Zatv\u00e1rac\u00ed N\u00f4\u017e Maxace Tank MTK01<\/p>\n<p>Robustn\u00fd taktick\u00fd n\u00f4\u017e s futuristick\u00fdm designom.<\/p>\n<p>Max\u00e1cia Tank sa vyzna\u010duje zauj\u00edmav\u00fdm dizajnom rukov\u00e4te so zlo\u017eit\u00fdm fr\u00e9zovan\u00edm a mont\u00e1\u017eou, ktor\u00e1 zah\u0155\u0148a ve\u013ek\u00fa, plne opracovan\u00fa tit\u00e1nov\u00fa vlo\u017eku do rukov\u00e4te. Aj napriek zlo\u017eitosti l\u00ednie pekne plyn\u00fa a jemn\u00e1 tit\u00e1nov\u00e1 vlo\u017eka dod\u00e1va rukov\u00e4ti pekn\u00fd kontrast. Fr\u00e9zovan\u00fd backspacer je tie\u017e eloxovan\u00fd a m\u00e1 v sebe zabudovan\u00fd otvor pre \u0161n\u00farku, n\u00f4\u017e m\u00e1 klip na nosenie.<\/p>\n<p>\u010cepe\u013e je vyroben\u00e1 z materi\u00e1lu Bohler M390 a vyzna\u010duje sa zauj\u00edmav\u00fdm fr\u00e9zovan\u00fdm horn\u00fdm klinom a tie\u017e fr\u00e9zovan\u00fdm plni\u010dom s v\u00fdrezmi. Zadn\u00fd tanto \u010depe\u013e je zakon\u010den\u00e1 obojsmern\u00fdm sat\u00e9nom. Prekl\u00e1pacia akcia je na Maxace Tank fantastick\u00e1. \u010cepe\u013e sa otv\u00e1ra r\u00fdchlo a bez n\u00e1mahy a vytv\u00e1ra zrete\u013en\u00e9 cinknutie.<\/p>\n<p>Celkov\u00e1 d\u013a\u017eka: 210mm<br \/>\nD\u013a\u017eka \u010depele: 90 mm<br \/>\nD\u013a\u017eka rukov\u00e4te: 120 mm<br \/>\nHr\u00fabka \u010depele: 4,0 mm<br \/>\nMateri\u00e1l \u010depele: M390<br \/>\nMateri\u00e1l rukov\u00e4te: TC4<br \/>\nPovrchov\u00e1 \u00faprava \u010depele: sat\u00e9n<br \/>\nSyst\u00e9m: Dvojradov\u00e9 keramick\u00e9 lo\u017eisko<br \/>\nTvrdos\u0165: 58-60HRC<br \/>\n\u010cist\u00e1 hmotnos\u0165: 150 gramov<\/p>\n","protected":false},"excerpt":{"rendered":"<p>Robustn\u00fd taktick\u00fd n\u00f4\u017e s futuristick\u00fdm designom.<\/p>\n","protected":false},"featured_media":241581,"comment_status":"open","ping_status":"closed","template":"","meta":[],"pwb-brand":[],"product_brand":[],"product_cat":[3186,3233],"product_tag":[],"class_list":{"0":"post-241584","1":"product","2":"type-product","3":"status-publish","4":"has-post-thumbnail","6":"product_cat-noze-sk","7":"product_cat-zatvaracie-noze","9":"first","10":"outofstock","11":"taxable","12":"shipping-taxable","13":"purchasable","14":"product-type-simple"},"brands":[],"_links":{"self":[{"href":"https:\/\/www.moskito.cz\/sk\/wp-json\/wp\/v2\/product\/241584","targetHints":{"allow":["GET"]}}],"collection":[{"href":"https:\/\/www.moskito.cz\/sk\/wp-json\/wp\/v2\/product"}],"about":[{"href":"https:\/\/www.moskito.cz\/sk\/wp-json\/wp\/v2\/types\/product"}],"replies":[{"embeddable":true,"href":"https:\/\/www.moskito.cz\/sk\/wp-json\/wp\/v2\/comments?post=241584"}],"wp:featuredmedia":[{"embeddable":true,"href":"https:\/\/www.moskito.cz\/sk\/wp-json\/wp\/v2\/media\/241581"}],"wp:attachment":[{"href":"https:\/\/www.moskito.cz\/sk\/wp-json\/wp\/v2\/media?parent=241584"}],"wp:term":[{"taxonomy":"pwb-brand","embeddable":true,"href":"https:\/\/www.moskito.cz\/sk\/wp-json\/wp\/v2\/pwb-brand?post=241584"},{"taxonomy":"product_brand","embeddable":true,"href":"https:\/\/www.moskito.cz\/sk\/wp-json\/wp\/v2\/product_brand?post=241584"},{"taxonomy":"product_cat","embeddable":true,"href":"https:\/\/www.moskito.cz\/sk\/wp-json\/wp\/v2\/product_cat?post=241584"},{"taxonomy":"product_tag","embeddable":true,"href":"https:\/\/www.moskito.cz\/sk\/wp-json\/wp\/v2\/product_tag?post=241584"}],"curies":[{"name":"wp","href":"https:\/\/api.w.org\/{rel}","templated":true}]}}