{"id":241620,"date":"2023-03-01T22:08:36","date_gmt":"2023-03-01T21:08:36","guid":{"rendered":"https:\/\/www.moskito.cz\/produkt\/zatvaraci-noz-maxacia-yu-my01\/"},"modified":"2025-05-07T10:46:57","modified_gmt":"2025-05-07T09:46:57","slug":"zatvaraci-noz-maxacia-yu-my01","status":"publish","type":"product","link":"https:\/\/www.moskito.cz\/sk\/produkt\/zatvaraci-noz-maxacia-yu-my01\/","title":{"rendered":"Zatv\u00e1rac\u00ed N\u00f4\u017e Max\u00e1cia YU MY01"},"content":{"rendered":"<p>Zatv\u00e1rac\u00ed N\u00f4\u017e Max\u00e1cia YU MY01<\/p>\n<p>EDC model no\u017ea od Maxace. N\u00f4\u017e je vyroben\u00fd zo spo\u013eahliv\u00fdch materi\u00e1lov Bohler M390, zatia\u013e \u010do rukov\u00e4\u0165 je vyroben\u00e1 zo zliatina tit\u00e1nu TC4. Axi\u00e1lna mont\u00e1\u017e je preveden\u00e1 na guli\u010dkovom lo\u017eisku. Pre \u013eahk\u00e9 pren\u00e1\u0161anie poskytuje v\u00fdrobca vreckov\u00fd klip, ktor\u00fd umo\u017e\u0148uje upevni\u0165 n\u00f4\u017e na opasok alebo vrecko.<\/p>\n<p>OPIS<br \/>\nCelkov\u00e1 d\u013a\u017eka: 7,09&#8243;, 180 mm<\/p>\n<p>D\u013a\u017eka rukov\u00e4te: 4,13&#8243;, 105 mm<\/p>\n<p>D\u013a\u017eka \u010depele: 2,95&#8243;, 75 mm<\/p>\n<p>Hr\u00fabka \u010depele:.137&#8243;, 3,5mm<\/p>\n<p>Materi\u00e1l rukov\u00e4te: zliatina tit\u00e1nu TC4<\/p>\n<p>Materi\u00e1l \u010depele: Bohler M390 oce\u013e<\/p>\n<p>Hmotnos\u0165: 3,28 oz., 93 g<\/p>\n<p>Pivot:TC4+umel\u00fd rub\u00edn<\/p>\n","protected":false},"excerpt":{"rendered":"<pre id=\"tw-target-text\" class=\"tw-data-text tw-text-large tw-ta\" dir=\"ltr\" data-placeholder=\"P\u0159eklad\"><span class=\"Y2IQFc\" lang=\"sk\">EDC model no\u017ea od Maxace.<\/span><\/pre>\n","protected":false},"featured_media":241615,"comment_status":"open","ping_status":"closed","template":"","meta":[],"pwb-brand":[],"product_brand":[],"product_cat":[3186,3233],"product_tag":[],"class_list":{"0":"post-241620","1":"product","2":"type-product","3":"status-publish","4":"has-post-thumbnail","6":"product_cat-noze-sk","7":"product_cat-zatvaracie-noze","9":"first","10":"instock","11":"taxable","12":"shipping-taxable","13":"purchasable","14":"product-type-simple"},"brands":[],"_links":{"self":[{"href":"https:\/\/www.moskito.cz\/sk\/wp-json\/wp\/v2\/product\/241620","targetHints":{"allow":["GET"]}}],"collection":[{"href":"https:\/\/www.moskito.cz\/sk\/wp-json\/wp\/v2\/product"}],"about":[{"href":"https:\/\/www.moskito.cz\/sk\/wp-json\/wp\/v2\/types\/product"}],"replies":[{"embeddable":true,"href":"https:\/\/www.moskito.cz\/sk\/wp-json\/wp\/v2\/comments?post=241620"}],"wp:featuredmedia":[{"embeddable":true,"href":"https:\/\/www.moskito.cz\/sk\/wp-json\/wp\/v2\/media\/241615"}],"wp:attachment":[{"href":"https:\/\/www.moskito.cz\/sk\/wp-json\/wp\/v2\/media?parent=241620"}],"wp:term":[{"taxonomy":"pwb-brand","embeddable":true,"href":"https:\/\/www.moskito.cz\/sk\/wp-json\/wp\/v2\/pwb-brand?post=241620"},{"taxonomy":"product_brand","embeddable":true,"href":"https:\/\/www.moskito.cz\/sk\/wp-json\/wp\/v2\/product_brand?post=241620"},{"taxonomy":"product_cat","embeddable":true,"href":"https:\/\/www.moskito.cz\/sk\/wp-json\/wp\/v2\/product_cat?post=241620"},{"taxonomy":"product_tag","embeddable":true,"href":"https:\/\/www.moskito.cz\/sk\/wp-json\/wp\/v2\/product_tag?post=241620"}],"curies":[{"name":"wp","href":"https:\/\/api.w.org\/{rel}","templated":true}]}}