{"id":241765,"date":"2021-10-17T10:02:51","date_gmt":"2021-10-17T09:02:51","guid":{"rendered":"https:\/\/www.moskito.cz\/produkt\/multifunkcne-klieste-sog-poweraccess-assist-mt-stonewash\/"},"modified":"2025-05-07T10:46:58","modified_gmt":"2025-05-07T09:46:58","slug":"multifunkcne-klieste-sog-poweraccess-assist-mt-stonewash","status":"publish","type":"product","link":"https:\/\/www.moskito.cz\/sk\/produkt\/multifunkcne-klieste-sog-poweraccess-assist-mt-stonewash\/","title":{"rendered":"Multifunk\u010dn\u00e9 Klie\u0161te SOG POWERACCESS ASSIST MT STONEWASH"},"content":{"rendered":"<p>Multifunk\u010dn\u00e9 Klie\u0161te SOG POWERACCESS ASSIST MT STONEWASH.<\/p>\n<p>SOG PowerAccess Assist MT je univerz\u00e1lny multifunk\u010dn\u00fd n\u00e1stroj pre ka\u017edodenn\u00e9 pou\u017eitie s otvoren\u00fdm pr\u00edstupom jednou rukou k \u010dasto pou\u017e\u00edvan\u00fdm \u010depeliam no\u017eov a n\u00e1strojom, ktor\u00e9 sa po otvoren\u00ed bezpe\u010dne zaistia na mieste. Patentovan\u00fd mechanizmus Compound Leverage poh\u00e1\u0148an\u00fd ozuben\u00fdmi kolesami SOG pon\u00faka dvojn\u00e1sobn\u00fd rezn\u00fd a uchopovac\u00ed v\u00fdkon ako be\u017en\u00e9 klie\u0161te, s magnetick\u00fdm \u0161es\u0165hrann\u00fdm skrutkova\u010dom so stredovou osou.<\/p>\n<p>PLNE VYBAVEN\u00dd<br \/>\nPowerAccess Assist MT je dod\u00e1van\u00fd so v\u0161etk\u00fdmi funkciami potrebn\u00fdmi pre viac n\u00e1strojov. Asistovan\u00e9 otv\u00e1ranie, kombinovan\u00e1 p\u00e1ka, 21 n\u00e1strojov a kombin\u00e1cia p\u00fazdro + s\u00faprava z neho rob\u00ed nevyhnutn\u00fa s\u00fa\u010das\u0165 va\u0161ej sady EDC.<\/p>\n<p>OSVED\u010cEN\u00dd DIZAJN<br \/>\nPowerAccess Assist MT, postaven\u00fd na rade PowerAccess, je navrhnut\u00fd tak, aby sa dok\u00e1zal vysporiada\u0165 s ka\u017edodenn\u00fdmi v\u00fdzvami, \u010di u\u017e sa jedn\u00e1 o ve\u013ek\u00fd projekt alebo r\u00fdchlu opravu.<\/p>\n<p>KOMPLETN\u00c9 N\u00c1STROJE<br \/>\nPlne vybaven\u00fd multifunk\u010dn\u00fd n\u00e1stroj plnej ve\u013ekosti s r\u00fdchlym otv\u00e1ran\u00edm jednou rukou pre viac no\u017eov a n\u00e1strojov a klie\u0161te Compound Leverage pre lep\u0161ie uchopenie.<\/p>\n<p>POMOCN\u00c9 OTV\u00c1RANIE<br \/>\nR\u00fdchle otv\u00e1ranie jednou rukou s asistenciou pre nieko\u013eko \u010dasto pou\u017e\u00edvan\u00fdch ka\u017edodenn\u00fdch no\u017eov a n\u00e1strojov.<\/p>\n<p>Oto\u010dn\u00e9 body poh\u00e1\u0148an\u00e9 ozuben\u00fdmi kolesami vytv\u00e1raj\u00fa v\u00e4\u010d\u0161\u00ed pohyb rukov\u00e4te vo vz\u0165ahu k pohybu klie\u0161t\u00ed a pon\u00fakaj\u00fa dvojn\u00e1sobn\u00fa rezn\u00fa a uchopovaciu silu ne\u017e be\u017en\u00e9 klie\u0161te pre hlad\u0161ie a jednoduch\u0161ie pou\u017eitie.<\/p>\n<p>21 N\u00c1STROJOV<br \/>\n21 N\u00e1stroje, vr\u00e1tane magnetick\u00e9ho \u0161es\u0165hrann\u00e9ho dr\u017eiaka bitov.<\/p>\n<p>KOMPONENTY<br \/>\nPravidlo palca, pravidlo MM, z\u00fabkovan\u00fd p\u00edlov\u00fd kot\u00fa\u010d, dl\u00e1to, \u0161idlo, 1\/4&#8243; pohon, p\u00edla s asistenciou, ihlov\u00e9 klie\u0161te, ch\u00e1padlo, reza\u010dka m\u00e4kk\u00e9ho dr\u00f4tu, asistovan\u00fd n\u00f4\u017e, otv\u00e1ra\u010d na konzervy\/mal\u00e9 ploch\u00e9 vypo\u010dutie, Phillips #2, f\u013ea\u0161e\/ ve\u013ek\u00e1 ploch\u00e1 hlava, ovl\u00e1da\u010d \u0161perkov, reza\u010dka s pomocn\u00fdm h\u00e1kom, drvi\u010d dr\u00f4tu, skosen\u00fd mera\u010d, magnetick\u00fd dr\u017eiak bitov<\/p>\n<p>HMOTNOS\u0164 PRODUKTU : 10,7 oz<br \/>\nTYP PRODUKTU : Multi-Tool<br \/>\nDOKON\u010cEN\u00cd : Stonewash<br \/>\nPO\u010cET N\u00c1STROJOV : 21<br \/>\nTYP Z OCE\u013dOVEJ \u010cEPELE : 5CR15MOV<br \/>\nEXTRA FUNKCIA : Nylonov\u00e9 p\u00fazdro, 12dielna sada \u0161es\u0165hrann\u00fdch bitov, asistovan\u00e9 otv\u00e1ranie, zlo\u017een\u00e1 p\u00e1ka, otv\u00e1ranie jednou rukou<br \/>\nD\u0139\u017dKA \u010cEPELA: 7 cm<br \/>\nZATVOREN\u00c1 D\u0139\u017dKA : 11 cm<br \/>\nCELKOV\u00c1 D\u0139\u017dKA 17 cm<br \/>\nVR\u00c1TANE \u0160ES\u0164HRANN\u00ddCH BITOV<br \/>\nPhillips #1, #2, #3, Flathead #3, #5, #7, Star-drive T6, T8, T10, T20, Hex 1,5 mm, 2 mm<\/p>\n<p><iframe title=\"PowerAccess Assist MT\" width=\"800\" height=\"450\" src=\"https:\/\/www.youtube.com\/embed\/36t254CorWk?feature=oembed\" frameborder=\"0\" allow=\"accelerometer; autoplay; clipboard-write; encrypted-media; gyroscope; picture-in-picture; web-share\" allowfullscreen><\/iframe><\/p>\n<p>&nbsp;<\/p>\n","protected":false},"excerpt":{"rendered":"<p>\u010ci u\u017e chr\u00e1nite ostatn\u00fdch alebo vediete epick\u00fa loveck\u00fa exped\u00edciu, rie\u0161ite jednu z ka\u017edodenn\u00fdch \u017eivotn\u00fdch v\u00fdziev alebo sa stret\u00e1vate so svojimi doteraz najextr\u00e9mnej\u0161\u00edmi podmienkami, urobte si cestu so SOG.<\/p>\n<p>Na v\u0161etky no\u017ee SOG d\u00e1vame do\u017eivotn\u00fa z\u00e1ruku!<\/p>\n","protected":false},"featured_media":206784,"comment_status":"open","ping_status":"closed","template":"","meta":[],"pwb-brand":[3231],"product_brand":[],"product_cat":[3342],"product_tag":[3668],"class_list":{"0":"post-241765","1":"product","2":"type-product","3":"status-publish","4":"has-post-thumbnail","6":"pwb-brand-pevny-noz-sog-snarl","7":"product_cat-multi-tool-sk","8":"product_tag-b2b-sk","10":"first","11":"instock","12":"taxable","13":"shipping-taxable","14":"purchasable","15":"product-type-simple"},"brands":[{"id":3231,"name":"Pevn\u00fd N\u00f4\u017e SOG SNARL","slug":"pevny-noz-sog-snarl"}],"_links":{"self":[{"href":"https:\/\/www.moskito.cz\/sk\/wp-json\/wp\/v2\/product\/241765","targetHints":{"allow":["GET"]}}],"collection":[{"href":"https:\/\/www.moskito.cz\/sk\/wp-json\/wp\/v2\/product"}],"about":[{"href":"https:\/\/www.moskito.cz\/sk\/wp-json\/wp\/v2\/types\/product"}],"replies":[{"embeddable":true,"href":"https:\/\/www.moskito.cz\/sk\/wp-json\/wp\/v2\/comments?post=241765"}],"wp:featuredmedia":[{"embeddable":true,"href":"https:\/\/www.moskito.cz\/sk\/wp-json\/wp\/v2\/media\/206784"}],"wp:attachment":[{"href":"https:\/\/www.moskito.cz\/sk\/wp-json\/wp\/v2\/media?parent=241765"}],"wp:term":[{"taxonomy":"pwb-brand","embeddable":true,"href":"https:\/\/www.moskito.cz\/sk\/wp-json\/wp\/v2\/pwb-brand?post=241765"},{"taxonomy":"product_brand","embeddable":true,"href":"https:\/\/www.moskito.cz\/sk\/wp-json\/wp\/v2\/product_brand?post=241765"},{"taxonomy":"product_cat","embeddable":true,"href":"https:\/\/www.moskito.cz\/sk\/wp-json\/wp\/v2\/product_cat?post=241765"},{"taxonomy":"product_tag","embeddable":true,"href":"https:\/\/www.moskito.cz\/sk\/wp-json\/wp\/v2\/product_tag?post=241765"}],"curies":[{"name":"wp","href":"https:\/\/api.w.org\/{rel}","templated":true}]}}