{"id":241834,"date":"2021-10-04T21:26:23","date_gmt":"2021-10-04T20:26:23","guid":{"rendered":"https:\/\/www.moskito.cz\/produkt\/multifunkcne-klieste-sog-powerlitre\/"},"modified":"2025-05-07T10:46:59","modified_gmt":"2025-05-07T09:46:59","slug":"multifunkcne-klieste-sog-powerlitre","status":"publish","type":"product","link":"https:\/\/www.moskito.cz\/sk\/produkt\/multifunkcne-klieste-sog-powerlitre\/","title":{"rendered":"Multifunk\u010dn\u00e9 Klie\u0161te SOG POWERLITRE"},"content":{"rendered":"<p>N\u00e1\u0161 pr\u00edbeh za\u010d\u00edna vo Vietname, kde \u010dlenovia vysoko utajovanej americkej \u0161peci\u00e1lnej opera\u010dnej jednotky \u2013 zn\u00e1mej ako MACV \u2013SOG \u2013 niesli jedine\u010dn\u00fd tajn\u00fd n\u00f4\u017e do d\u017eungle na skryt\u00fdch misi\u00e1ch. O nieko\u013eko rokov nesk\u00f4r, v roku 1986, tento n\u00f4\u017e in\u0161piroval mlad\u00e9ho n\u00e1vrh\u00e1ra menom Spencer Frazer, aby zalo\u017eil \u0161peci\u00e1lne no\u017ee SOG. Jeho poslanie: reprodukova\u0165 p\u00f4vodn\u00fd n\u00f4\u017e SOG Bowie a vzda\u0165 hold \u0161peci\u00e1lnej opera\u010dnej jednotke, ktor\u00e1 ho vytvorila. To, \u010do za\u010dalo ako jedin\u00fd pam\u00e4tn\u00fd model, sa \u010doskoro stalo cel\u00fdm radom inovat\u00edvnych n\u00e1strojov \u2013 osved\u010den\u00fdch americk\u00fdmi \u0161peci\u00e1lnymi silami, dokonca ocenen\u00fdch ako vybran\u00fd n\u00f4\u017e Navy SEAL. No\u017ee SOG sa dnes s istotou nosia do t\u00fdch najn\u00e1ro\u010dnej\u0161\u00edch situ\u00e1ci\u00ed. Kovan\u00e9 z trad\u00edcie, tvrden\u00e9 v poli, pilovan\u00e9 pre v\u00e1s.<\/p>\n<p>\u010ci u\u017e chr\u00e1nite ostatn\u00fdch alebo vediete epick\u00fa loveck\u00fa exped\u00edciu, rie\u0161ite jednu z ka\u017edodenn\u00fdch \u017eivotn\u00fdch v\u00fdziev alebo sa stret\u00e1vate so svojimi doteraz najextr\u00e9mnej\u0161\u00edmi podmienkami, urobte si cestu so SOG.<\/p>\n<p>Multifunk\u010dn\u00e9 Klie\u0161te SOG POWERLITRE.<\/p>\n<p>PowerLitre je mini-multi n\u00e1stroj, ktor\u00fd poskytuje n\u00e1stroj v plnej ve\u013ekosti, vr\u00e1tane prv\u00e9ho SOG multi-n\u00e1stroja, ktor\u00fd obsahuje v\u00fdvrtku. Liter je vybaven\u00fd magnetick\u00fdm \u0161es\u0165hrann\u00fdm dr\u017eiakom bitov a samozrejme je vybaven\u00fd SOG&#8217;s Compound Leverage, ktor\u00fd poskytuje plynul\u00e9 otv\u00e1ranie a zatv\u00e1ranie a zv\u00fd\u0161en\u00fa silu \u00fachopu, pou\u017eit\u00fa ako v klie\u0161\u0165ach, tak vo v\u00fdvrtke. PowerLitre s d\u013a\u017ekou iba 5 palcov a n\u00edzkou hmotnos\u0165ou 4,6 unca je multifunk\u010dn\u00fd n\u00e1stroj, ktor\u00fd sa skvele hod\u00ed do vrecka, do kufra, na lavici n\u00e1strojov alebo do domu.<\/p>\n<p>Prv\u00fd multifunk\u010dn\u00fd n\u00e1stroj SOG s v\u00fdvrtkou&#8230; \u0161ikovn\u00fd!<br \/>\nChardonnay v kempe. Merlot na vrchole hory. Pinot grigio pri baz\u00e9ne. PowerLitre ich m\u00f4\u017ee otvori\u0165 v\u0161etky.<\/p>\n<p>19 n\u00e1strojov v kompaktnom balen\u00ed<br \/>\nZah\u0155\u0148a otv\u00e1ra\u010d na konzervy, kr\u00ed\u017eov\u00fd skrutkova\u010d \u010d. 1, otv\u00e1ra\u010d na f\u013ea\u0161e, no\u017enice, palcov\u00e9 prav\u00edtko, ihlov\u00e9 klie\u0161te, \u00fachyt na skrutky, n\u00f4\u017e na m\u00e4kk\u00e9 dr\u00f4ty, \u010depe\u013e s rovn\u00fdm okrajom, \u0161idlo, \u0161perk\u00e1r, reza\u010dku h\u00e1\u010dikov, dr\u017eiak bitov, mera\u010d \u00fakosu a drvi\u010d dr\u00f4tu.<\/p>\n<p>ZLO\u017dEN\u00dd P\u00c1KOV\u00dd EFEKT<br \/>\nPlynul\u00e9 otv\u00e1ranie a zatv\u00e1ranie so zv\u00fd\u0161enou uchopovacou silou.<\/p>\n<p>VYROBEN\u00c9 Z NEREZOVEJ OCELE<br \/>\nOdoln\u00fd a odoln\u00fd proti kor\u00f3zii.<\/p>\n<p>KOMPAKTN\u00c1 VE\u013dKOS\u0164<br \/>\nTony n\u00e1strojov zabalen\u00fdch v bal\u00ed\u010dku, ktor\u00fd je 5 palcov dlh\u00fd a v\u00e1\u017ei iba 4,6 unca.<\/p>\n<p>HMOTNOS\u0164 PRODUKTU : 4,60 oz<br \/>\nDOKON\u010cEN\u00cd : Stone Wash<br \/>\nPO\u010cET N\u00c1STROJOV : 17<br \/>\nTYP Z OCE\u013dOVEJ \u010cEPELE : Nerezov\u00e1 oce\u013e<br \/>\n\u0160\u00cdDLO<br \/>\nOTV\u00c1RAK NA F\u013dA\u0160E<br \/>\nOTV\u00c1RAK<br \/>\nCOMPOUND P\u00c1KA KORKOV\u00dd SKRUTKA<br \/>\nREZA\u010cKA TVRD\u00c9HO DR\u00d4TU<br \/>\nKLIE\u0160TE NA \u0160PI\u010cKU IHLY<br \/>\nSKRUTKOV\u00c1K PHILIPS<br \/>\n\u00daHLOMER<br \/>\nPRAV\u00cdTKO<br \/>\nN\u00d4\u017dKY<br \/>\nMAL\u00dd PLOCH\u00dd SKRUTKOV\u00c1K<br \/>\nROVN\u00dd OSTR\u00cd<br \/>\nMAGNETICK\u00dd \u0160ES\u0164HRANN\u00dd BITOV\u00dd BIT 1\/4 &#8220; so stredom<br \/>\nREZA\u010cKA<br \/>\nM\u00e4kk\u00e1 reza\u010dka dr\u00f4tu<\/p>\n<p>&nbsp;<\/p>\n<p><iframe title=\"SOG PowerLitre\" width=\"800\" height=\"450\" src=\"https:\/\/www.youtube.com\/embed\/Lmx6BDxSQ_k?feature=oembed\" frameborder=\"0\" allow=\"accelerometer; autoplay; clipboard-write; encrypted-media; gyroscope; picture-in-picture; web-share\" allowfullscreen><\/iframe><\/p>\n","protected":false},"excerpt":{"rendered":"<p>\u010ci u\u017e chr\u00e1nite ostatn\u00fdch alebo vediete epick\u00fa loveck\u00fa expediciu, rie\u0161ite jednu z ka\u017edodenn\u00fdch \u017eivotn\u00fdch v\u00fdziev alebo sa stret\u00e1vate so svojimi doteraz najextr\u00e9mnej\u0161\u00edmi podmienkami, urobte si cestu so SOG.<\/p>\n<p>Na v\u0161etky no\u017ee SOG d\u00e1vame do\u017eivotn\u00fa z\u00e1ruku!<\/p>\n","protected":false},"featured_media":206373,"comment_status":"open","ping_status":"closed","template":"","meta":[],"pwb-brand":[3231],"product_brand":[],"product_cat":[3342],"product_tag":[3668],"class_list":{"0":"post-241834","1":"product","2":"type-product","3":"status-publish","4":"has-post-thumbnail","6":"pwb-brand-pevny-noz-sog-snarl","7":"product_cat-multi-tool-sk","8":"product_tag-b2b-sk","10":"first","11":"instock","12":"taxable","13":"shipping-taxable","14":"purchasable","15":"product-type-simple"},"brands":[{"id":3231,"name":"Pevn\u00fd N\u00f4\u017e SOG SNARL","slug":"pevny-noz-sog-snarl"}],"_links":{"self":[{"href":"https:\/\/www.moskito.cz\/sk\/wp-json\/wp\/v2\/product\/241834","targetHints":{"allow":["GET"]}}],"collection":[{"href":"https:\/\/www.moskito.cz\/sk\/wp-json\/wp\/v2\/product"}],"about":[{"href":"https:\/\/www.moskito.cz\/sk\/wp-json\/wp\/v2\/types\/product"}],"replies":[{"embeddable":true,"href":"https:\/\/www.moskito.cz\/sk\/wp-json\/wp\/v2\/comments?post=241834"}],"wp:featuredmedia":[{"embeddable":true,"href":"https:\/\/www.moskito.cz\/sk\/wp-json\/wp\/v2\/media\/206373"}],"wp:attachment":[{"href":"https:\/\/www.moskito.cz\/sk\/wp-json\/wp\/v2\/media?parent=241834"}],"wp:term":[{"taxonomy":"pwb-brand","embeddable":true,"href":"https:\/\/www.moskito.cz\/sk\/wp-json\/wp\/v2\/pwb-brand?post=241834"},{"taxonomy":"product_brand","embeddable":true,"href":"https:\/\/www.moskito.cz\/sk\/wp-json\/wp\/v2\/product_brand?post=241834"},{"taxonomy":"product_cat","embeddable":true,"href":"https:\/\/www.moskito.cz\/sk\/wp-json\/wp\/v2\/product_cat?post=241834"},{"taxonomy":"product_tag","embeddable":true,"href":"https:\/\/www.moskito.cz\/sk\/wp-json\/wp\/v2\/product_tag?post=241834"}],"curies":[{"name":"wp","href":"https:\/\/api.w.org\/{rel}","templated":true}]}}