{"id":241886,"date":"2023-03-03T22:32:33","date_gmt":"2023-03-03T21:32:33","guid":{"rendered":"https:\/\/www.moskito.cz\/produkt\/pevny-noz-sog-altair-fx-canyon-red\/"},"modified":"2025-05-07T10:47:00","modified_gmt":"2025-05-07T09:47:00","slug":"pevny-noz-sog-altair-fx-canyon-red","status":"publish","type":"product","link":"https:\/\/www.moskito.cz\/sk\/produkt\/pevny-noz-sog-altair-fx-canyon-red\/","title":{"rendered":"Pevn\u00fd N\u00f4\u017e SOG ALTAIR FX CANYON RED"},"content":{"rendered":"<p>Pevn\u00fd N\u00f4\u017e SOG ALTAIR FX CANYON RED<\/p>\n<p>Altair FX je \u013eahk\u00fd, kompaktn\u00fd oce\u013eov\u00fd n\u00f4\u017e s pevnou \u010depe\u013eou CRYO 154CM nabit\u00fd inov\u00e1ciami, vybaven\u00fd pohodlnou, texturovanou rukov\u00e4\u0165ou GRN bez pou\u017eitia upev\u0148ovac\u00edch prvkov a mno\u017estvom mo\u017enost\u00ed nosenia v\u010faka kompatibiln\u00e9mu puzdru SOG s konfigurovate\u013en\u00fdm univerz\u00e1lnym mont\u00e1\u017enym syst\u00e9mom.<\/p>\n<p>MODERN\u00dd A V\u0160ESTRANN\u00dd N\u00d4\u017d S PEVNOU \u010cEPELOU NA ODOLN\u00c9 VONKAJ\u0160IE POU\u017dITIE<br \/>\nPlne vybaven\u00fd nerezovou oce\u013eou CRYO 154CM, odn\u00edmate\u013enou rukov\u00e4\u0165ou GRN, skeletonizovanou pr\u00edchytkou a syst\u00e9mom po\u0161vy SOG UMS.<\/p>\n<p>CRYO OCE\u013d 154CM<br \/>\nCRYO 154CM je zmes s vysok\u00fdm obsahom uhl\u00edka, chr\u00f3mu a molybd\u00e9nu, ktor\u00e1 vytv\u00e1ra nerezov\u00fa oce\u013e s vynikaj\u00facim zachovan\u00edm hr\u00e1n a vysokou odolnos\u0165ou proti opotrebovaniu a kor\u00f3zii.<\/p>\n<p>UMS SHEATH<br \/>\nSOG&#8217;s configurable Universal Mounting System syst\u00e9m pon\u00faka a hos\u0165 carrying options that is compatible s straps, uz\u00e1very, a MOLLE.<\/p>\n<p>ODN\u00cdMATE\u013dN\u00c1 RUKOV\u00c4\u0164<br \/>\nOdn\u00edmate\u013en\u00e9 rukov\u00e4te GRN v dizajne bez upev\u0148ovac\u00edch prvkov odha\u013euj\u00fa skeletonizovan\u00fd pr\u00edvesok pre e\u0161te \u013eah\u0161ie balenie a pren\u00e1\u0161anie.<\/p>\n<p>Cel\u00fd popis produktu<br \/>\nMateri\u00e1l \u010depele: CPM154<br \/>\nMateri\u00e1l rukov\u00e4te: GRN<br \/>\nMateri\u00e1l puzdra: GRN<br \/>\nD\u013a\u017eka \u010depele: 8.6 cm<br \/>\nCelkov\u00e1 d\u013a\u017eka: 19.2 cm<br \/>\nD\u013a\u017eka rukov\u00e4te: 10.6 cm<br \/>\nHmotnos\u0165: 74 g<br \/>\nTyp \u010depele: Drop Point<\/p>\n","protected":false},"excerpt":{"rendered":"<p>Altair FX je \u013eahk\u00fd, kompaktn\u00fd oce\u013eov\u00fd n\u00f4\u017e s pevnou \u010depe\u013eou CRYO 154CM nabit\u00fd inov\u00e1ciami.<\/p>\n","protected":false},"featured_media":241872,"comment_status":"open","ping_status":"closed","template":"","meta":[],"pwb-brand":[3231],"product_brand":[],"product_cat":[3186,3187],"product_tag":[3668],"class_list":{"0":"post-241886","1":"product","2":"type-product","3":"status-publish","4":"has-post-thumbnail","6":"pwb-brand-pevny-noz-sog-snarl","7":"product_cat-noze-sk","8":"product_cat-pevne-noze-sk","9":"product_tag-b2b-sk","11":"first","12":"instock","13":"taxable","14":"shipping-taxable","15":"purchasable","16":"product-type-simple"},"brands":[{"id":3231,"name":"Pevn\u00fd N\u00f4\u017e SOG SNARL","slug":"pevny-noz-sog-snarl"}],"_links":{"self":[{"href":"https:\/\/www.moskito.cz\/sk\/wp-json\/wp\/v2\/product\/241886","targetHints":{"allow":["GET"]}}],"collection":[{"href":"https:\/\/www.moskito.cz\/sk\/wp-json\/wp\/v2\/product"}],"about":[{"href":"https:\/\/www.moskito.cz\/sk\/wp-json\/wp\/v2\/types\/product"}],"replies":[{"embeddable":true,"href":"https:\/\/www.moskito.cz\/sk\/wp-json\/wp\/v2\/comments?post=241886"}],"wp:featuredmedia":[{"embeddable":true,"href":"https:\/\/www.moskito.cz\/sk\/wp-json\/wp\/v2\/media\/241872"}],"wp:attachment":[{"href":"https:\/\/www.moskito.cz\/sk\/wp-json\/wp\/v2\/media?parent=241886"}],"wp:term":[{"taxonomy":"pwb-brand","embeddable":true,"href":"https:\/\/www.moskito.cz\/sk\/wp-json\/wp\/v2\/pwb-brand?post=241886"},{"taxonomy":"product_brand","embeddable":true,"href":"https:\/\/www.moskito.cz\/sk\/wp-json\/wp\/v2\/product_brand?post=241886"},{"taxonomy":"product_cat","embeddable":true,"href":"https:\/\/www.moskito.cz\/sk\/wp-json\/wp\/v2\/product_cat?post=241886"},{"taxonomy":"product_tag","embeddable":true,"href":"https:\/\/www.moskito.cz\/sk\/wp-json\/wp\/v2\/product_tag?post=241886"}],"curies":[{"name":"wp","href":"https:\/\/api.w.org\/{rel}","templated":true}]}}