{"id":241972,"date":"2023-03-05T13:50:16","date_gmt":"2023-03-05T12:50:16","guid":{"rendered":"https:\/\/www.moskito.cz\/produkt\/pevny-noz-sog-rapid-rescue-concrete-dust\/"},"modified":"2025-05-07T10:47:02","modified_gmt":"2025-05-07T09:47:02","slug":"pevny-noz-sog-rapid-rescue-concrete-dust","status":"publish","type":"product","link":"https:\/\/www.moskito.cz\/sk\/produkt\/pevny-noz-sog-rapid-rescue-concrete-dust\/","title":{"rendered":"Pevn\u00fd N\u00f4\u017e SOG RAPID RESCUE CONCRETE DUST"},"content":{"rendered":"<p>Pevn\u00fd N\u00f4\u017e SOG RAPID RESCUE CONCRETE DUST<\/p>\n<p>Rapid Rescue obsahuje reza\u010d bezpe\u010dnostn\u00fdch p\u00e1sov a rozb\u00edja\u010d skla. Rapid, ulo\u017een\u00fd na k\u013e\u00fa\u010denke alebo slu\u010dke na \u0161n\u00farke, je mo\u017en\u00e9 r\u00fdchlo a \u013eahko nasadi\u0165 a lieta pod radarom, ke\u010f sa nepou\u017e\u00edva. Kon\u0161trukcia rukov\u00e4te intuit\u00edvne vedie va\u0161e prsty do optim\u00e1lnej polohy pri nasaden\u00ed a poskytuje bezpe\u010dn\u00e9 uchopenie pri pr\u00e1ci. Rapid sa r\u00fdchlo nasadzuje z puzdra jednoduch\u00fdm zatiahnut\u00edm a \u013eahko sa ovl\u00e1da jedn\u00fdm prstom cez otvor pre ukazov\u00e1k. Vyroben\u00e9 s dizajnom n\u00e1stroja full t\u00e1ng, hlin\u00edkov\u00fdm s\u0165ahovac\u00edm kr\u00fa\u017ekom a texturovanou rukov\u00e4\u0165ou a pl\u00e1\u0161\u0165om GRN.<\/p>\n<p>H\u013d\u00daBKA \u010cEPELA: 3 mm<br \/>\nOCE\u013d: 2Cr13<br \/>\nMATERI\u00c1L P\u00daZDRA: 30% GRN<br \/>\nFARBA: Siv\u00e1<br \/>\nMATERI\u00c1L RUKOV\u00c4TI: GRN<br \/>\nCELKOV\u00c1 VE\u013dKOS\u0164: 7 cm<\/p>\n","protected":false},"excerpt":{"rendered":"<p>Rapid Rescue je pohotovostn\u00fd reza\u010d bezpe\u010dnostn\u00fdch p\u00e1sov a rozb\u00edja\u010d skla.<\/p>\n","protected":false},"featured_media":241955,"comment_status":"open","ping_status":"closed","template":"","meta":[],"pwb-brand":[3231],"product_brand":[],"product_cat":[3186,3187],"product_tag":[3668],"class_list":{"0":"post-241972","1":"product","2":"type-product","3":"status-publish","4":"has-post-thumbnail","6":"pwb-brand-pevny-noz-sog-snarl","7":"product_cat-noze-sk","8":"product_cat-pevne-noze-sk","9":"product_tag-b2b-sk","11":"first","12":"instock","13":"taxable","14":"shipping-taxable","15":"purchasable","16":"product-type-simple"},"brands":[{"id":3231,"name":"Pevn\u00fd N\u00f4\u017e SOG SNARL","slug":"pevny-noz-sog-snarl"}],"_links":{"self":[{"href":"https:\/\/www.moskito.cz\/sk\/wp-json\/wp\/v2\/product\/241972","targetHints":{"allow":["GET"]}}],"collection":[{"href":"https:\/\/www.moskito.cz\/sk\/wp-json\/wp\/v2\/product"}],"about":[{"href":"https:\/\/www.moskito.cz\/sk\/wp-json\/wp\/v2\/types\/product"}],"replies":[{"embeddable":true,"href":"https:\/\/www.moskito.cz\/sk\/wp-json\/wp\/v2\/comments?post=241972"}],"wp:featuredmedia":[{"embeddable":true,"href":"https:\/\/www.moskito.cz\/sk\/wp-json\/wp\/v2\/media\/241955"}],"wp:attachment":[{"href":"https:\/\/www.moskito.cz\/sk\/wp-json\/wp\/v2\/media?parent=241972"}],"wp:term":[{"taxonomy":"pwb-brand","embeddable":true,"href":"https:\/\/www.moskito.cz\/sk\/wp-json\/wp\/v2\/pwb-brand?post=241972"},{"taxonomy":"product_brand","embeddable":true,"href":"https:\/\/www.moskito.cz\/sk\/wp-json\/wp\/v2\/product_brand?post=241972"},{"taxonomy":"product_cat","embeddable":true,"href":"https:\/\/www.moskito.cz\/sk\/wp-json\/wp\/v2\/product_cat?post=241972"},{"taxonomy":"product_tag","embeddable":true,"href":"https:\/\/www.moskito.cz\/sk\/wp-json\/wp\/v2\/product_tag?post=241972"}],"curies":[{"name":"wp","href":"https:\/\/api.w.org\/{rel}","templated":true}]}}