{"id":242227,"date":"2023-03-06T20:12:48","date_gmt":"2023-03-06T19:12:48","guid":{"rendered":"https:\/\/www.moskito.cz\/produkt\/zatvaraci-noz-sog-terminus-xr-g10-black-2\/"},"modified":"2025-05-07T10:47:06","modified_gmt":"2025-05-07T09:47:06","slug":"zatvaraci-noz-sog-terminus-xr-g10-black-2","status":"publish","type":"product","link":"https:\/\/www.moskito.cz\/sk\/produkt\/zatvaraci-noz-sog-terminus-xr-g10-black-2\/","title":{"rendered":"Zatv\u00e1rac\u00ed N\u00f4\u017e SOG TERMINUS XR G10 BLACK"},"content":{"rendered":"<p>Zatv\u00e1rac\u00ed N\u00f4\u017e SOG TERMINUS XR G10 BLACK<\/p>\n<p>Pre t\u00fdch, ktor\u00ed h\u013eadaj\u00fa zatv\u00e1rac\u00ed n\u00f4\u017e na ka\u017edodenn\u00e9 nosenie, ktor\u00fd je trochu odolnej\u0161\u00ed, je tu Terminus XR G10. Vyzle\u010den\u00e9, zadn\u00e9, rovn\u00e9, opl\u00e1\u0161ten\u00e9 poctivou rukov\u00e4\u0165ou G10 a kame\u0148mi umyt\u00fdm hardv\u00e9rom. Uzamykac\u00ed mechanizmus XR je r\u00fdchly a prisp\u00f4sob\u00ed sa po cel\u00fa dobu \u017eivotnosti no\u017ea. \u010cepe\u013e z ocele D2 sa vyzna\u010duje vysokou h\u00fa\u017eevnatos\u0165ou a odolnos\u0165ou proti opotrebovaniu. N\u00f4\u017e je plne obojstrann\u00fd, s vymenite\u013enou sponou na opasok na \u013eav\u00e9 alebo prav\u00e9 nosenie. Tri r\u00f4zne sp\u00f4soby otv\u00e1rania: palec, XR Lock a kop\u00e1k. Vreckov\u00fd n\u00f4\u017e Terminus XR nastavuje nov\u00fa latku pre EDC.<\/p>\n<p>ZAMYKAC\u00cd MECHANIZMUS XR<br \/>\nUzamykac\u00ed mechanizmus XR je r\u00fdchly a nastavuje sa po cel\u00fa dobu \u017eivotnosti no\u017ea.<\/p>\n<p>NOSTE SI TO PO SVOJOM<br \/>\nVymenite\u013en\u00e1 spona na opasok na \u013eav\u00e9 alebo prav\u00e9 nosenie.<\/p>\n<p>CELKOV\u00c1 D\u0139\u017dKA: 18.3 cm<br \/>\nHMOTNOS\u0164 PRODUKTU: 96g<br \/>\nD\u0139\u017dKA \u010cEPELA: 7.5 cm<br \/>\nRODINA PRODUKTOV: Terminus<br \/>\nTYP PRODUKTU: Skladac\u00ed n\u00f4\u017e<br \/>\nZAMYKAC\u00cd MECHANIZMUS: XR<br \/>\nOtv\u00e1rac\u00ed mechanizmus: XR, \u010dap na palec<br \/>\nTYP SPOJKY NA OPASOK: Reverzibiln\u00fd Low-Carry<br \/>\nDOKON\u010cENIE: \u010cierne<br \/>\nTYP HRANY: Rovn\u00fd<br \/>\nTYP OCE\u013dOV\u00c9 \u010cEPELE: D2<br \/>\nTVRDOS\u0164: Rc. 58-60<br \/>\nMATERI\u00c1L RUKOV\u00c4TI: G10<br \/>\nFARBA RUKOV\u00c4TI: \u010cierna<\/p>\n","protected":false},"excerpt":{"rendered":"<p>Pre t\u00fdch, ktor\u00ed h\u013eadaj\u00fa nie\u010do odolnej\u0161ie, je tu Terminus XR G10. Jednoduch\u00fd, priamo\u010diary, odet\u00fd do poctivej G10 s \u010depe\u013eou z D2.<\/p>\n","protected":false},"featured_media":242215,"comment_status":"open","ping_status":"closed","template":"","meta":[],"pwb-brand":[3231],"product_brand":[],"product_cat":[3186,3233],"product_tag":[3668],"class_list":{"0":"post-242227","1":"product","2":"type-product","3":"status-publish","4":"has-post-thumbnail","6":"pwb-brand-pevny-noz-sog-snarl","7":"product_cat-noze-sk","8":"product_cat-zatvaracie-noze","9":"product_tag-b2b-sk","11":"first","12":"outofstock","13":"taxable","14":"shipping-taxable","15":"purchasable","16":"product-type-simple"},"brands":[{"id":3231,"name":"Pevn\u00fd N\u00f4\u017e SOG SNARL","slug":"pevny-noz-sog-snarl"}],"_links":{"self":[{"href":"https:\/\/www.moskito.cz\/sk\/wp-json\/wp\/v2\/product\/242227","targetHints":{"allow":["GET"]}}],"collection":[{"href":"https:\/\/www.moskito.cz\/sk\/wp-json\/wp\/v2\/product"}],"about":[{"href":"https:\/\/www.moskito.cz\/sk\/wp-json\/wp\/v2\/types\/product"}],"replies":[{"embeddable":true,"href":"https:\/\/www.moskito.cz\/sk\/wp-json\/wp\/v2\/comments?post=242227"}],"wp:featuredmedia":[{"embeddable":true,"href":"https:\/\/www.moskito.cz\/sk\/wp-json\/wp\/v2\/media\/242215"}],"wp:attachment":[{"href":"https:\/\/www.moskito.cz\/sk\/wp-json\/wp\/v2\/media?parent=242227"}],"wp:term":[{"taxonomy":"pwb-brand","embeddable":true,"href":"https:\/\/www.moskito.cz\/sk\/wp-json\/wp\/v2\/pwb-brand?post=242227"},{"taxonomy":"product_brand","embeddable":true,"href":"https:\/\/www.moskito.cz\/sk\/wp-json\/wp\/v2\/product_brand?post=242227"},{"taxonomy":"product_cat","embeddable":true,"href":"https:\/\/www.moskito.cz\/sk\/wp-json\/wp\/v2\/product_cat?post=242227"},{"taxonomy":"product_tag","embeddable":true,"href":"https:\/\/www.moskito.cz\/sk\/wp-json\/wp\/v2\/product_tag?post=242227"}],"curies":[{"name":"wp","href":"https:\/\/api.w.org\/{rel}","templated":true}]}}