{"id":242266,"date":"2023-03-06T21:18:53","date_gmt":"2023-03-06T20:18:53","guid":{"rendered":"https:\/\/www.moskito.cz\/produkt\/pevny-noz-sog-trident-fx-serrated-od\/"},"modified":"2025-12-16T11:55:56","modified_gmt":"2025-12-16T10:55:56","slug":"pevny-noz-sog-trident-fx-serrated-od","status":"publish","type":"product","link":"https:\/\/www.moskito.cz\/sk\/produkt\/pevny-noz-sog-trident-fx-serrated-od\/","title":{"rendered":"Pevn\u00fd n\u00f4\u017e SOG TRIDENT FX SERRATED OD"},"content":{"rendered":"<p>Pevn\u00fd n\u00f4\u017e <strong>SOG<\/strong> TRIDENT FX SERRATED OD.<\/p>\n<p>N\u00f4\u017e Trident FX, vytvoren\u00fd v trad\u00edcii no\u017eov SOG s pevnou \u010depe\u013eou pre profesion\u00e1lnych pou\u017e\u00edvate\u013eov, pos\u00fava hranice mo\u017enost\u00ed, ale nie hmotnosti. Model Trident FX v\u00e1\u017ei len nie\u010do vy\u0161e 4 unc\u00ed a predstavuje vyv\u00e1\u017een\u00fa kombin\u00e1ciu v\u00fdkonu a obratnosti, ktor\u00e1 v\u00e1m umo\u017en\u00ed r\u00fdchly pohyb, ke\u010f je to najd\u00f4le\u017eitej\u0161ie. Dod\u00e1va sa s vylep\u0161en\u00fdm puzdrom, ktor\u00e9 v\u00e1m umo\u017en\u00ed nosi\u0165 ho, ako a kde potrebujete.<\/p>\n<p><strong>VYSOKO FLEXIBILN\u00dd CELOPLO\u0160N\u00dd NO\u017d<\/strong><br \/>\nTento robustn\u00fd a pohotov\u00fd n\u00f4\u017e s robustnou GRN rukov\u00e4\u0165ou a 4,2-palcovou celoplo\u0161nou \u010depe\u013eou z ocele CRYO 4116 sa dod\u00e1va so \u0161peci\u00e1lne navrhnut\u00fdm puzdrom kompatibiln\u00fdm s univerz\u00e1lnym mont\u00e1\u017enym syst\u00e9mom SOG, ktor\u00fd umo\u017e\u0148uje prisp\u00f4sobite\u013en\u00e9 nastavenie, spo\u013eahliv\u00e9 nosenie a r\u00fdchle tasenie.<\/p>\n<p><strong>Puzdro kompatibiln\u00e9 s UMS<\/strong><br \/>\nje obojstranne pou\u017eite\u013en\u00e9, poskytuje viacero mo\u017enost\u00ed mont\u00e1\u017ee a je vybaven\u00e9 syst\u00e9mom nastavenia napnutia bez pou\u017eitia n\u00e1radia, ktor\u00fd umo\u017e\u0148uje dokonal\u00e9 \u0165ahanie.<\/p>\n<p><strong>OCEL CRYO 4116<\/strong><br \/>\nStredne uhl\u00edkat\u00e1 nemeck\u00e1 nehrdzavej\u00faca oce\u013e zn\u00e1ma aj ako 1.4116. Podobn\u00fd ako 420HC s dobrou odolnos\u0165ou proti kor\u00f3zii, h\u00fa\u017eevnatos\u0165ou, ostros\u0165ou a zachovan\u00edm ostria.<\/p>\n<p><strong>GRN GRIP<\/strong><br \/>\nRukov\u00e4\u0165 GRN m\u00e1 v\u0161esmerov\u00fa text\u00faru, ktor\u00e1 poskytuje dostatok \u00fachopu v rukaviciach aj bez nich a prakticky vo v\u0161etk\u00fdch klimatick\u00fdch podmienkach.<\/p>\n<p>CELKOV\u00c1 D\u0139\u017dKA: 24 cm<br \/>\nD\u0139\u017dKA \u010cEPELE: 11 cm<br \/>\nTYP PRODUKTU: Pevn\u00e1 \u010depe\u013e<br \/>\nPovrchov\u00e1 \u00faprava: TiNi<br \/>\nTYP POVRCHU::<br \/>\nTYP \u010cEPELE: CRYO 4116<br \/>\nTvar \u010depele: Tanto<br \/>\nMATERI\u00c1L RUKAVICE: GRN<br \/>\nFARBA RUKAVICE: OD<br \/>\nFARBA RUKAVICE: OD<\/p>\n<p>&nbsp;<\/p>\n<p>&nbsp;<\/p>\n<p>&nbsp;<\/p>\n","protected":false},"excerpt":{"rendered":"<p><strong>Trident FX, vyroben\u00fd v trad\u00edcii no\u017eov SOG s tvrdou \u010depe\u013eou pre profesion\u00e1lnych pou\u017e\u00edvate\u013eov.<\/strong><\/p>\n<p>&nbsp;<\/p>\n","protected":false},"featured_media":242252,"comment_status":"open","ping_status":"closed","template":"","meta":[],"pwb-brand":[3231],"product_brand":[],"product_cat":[3187,3186],"product_tag":[3668],"class_list":{"0":"post-242266","1":"product","2":"type-product","3":"status-publish","4":"has-post-thumbnail","6":"pwb-brand-pevny-noz-sog-snarl","7":"product_cat-pevne-noze-sk","8":"product_cat-noze-sk","9":"product_tag-b2b-sk","11":"first","12":"instock","13":"taxable","14":"shipping-taxable","15":"purchasable","16":"product-type-simple"},"brands":[{"id":3231,"name":"Pevn\u00fd N\u00f4\u017e SOG SNARL","slug":"pevny-noz-sog-snarl"}],"_links":{"self":[{"href":"https:\/\/www.moskito.cz\/sk\/wp-json\/wp\/v2\/product\/242266","targetHints":{"allow":["GET"]}}],"collection":[{"href":"https:\/\/www.moskito.cz\/sk\/wp-json\/wp\/v2\/product"}],"about":[{"href":"https:\/\/www.moskito.cz\/sk\/wp-json\/wp\/v2\/types\/product"}],"replies":[{"embeddable":true,"href":"https:\/\/www.moskito.cz\/sk\/wp-json\/wp\/v2\/comments?post=242266"}],"wp:featuredmedia":[{"embeddable":true,"href":"https:\/\/www.moskito.cz\/sk\/wp-json\/wp\/v2\/media\/242252"}],"wp:attachment":[{"href":"https:\/\/www.moskito.cz\/sk\/wp-json\/wp\/v2\/media?parent=242266"}],"wp:term":[{"taxonomy":"pwb-brand","embeddable":true,"href":"https:\/\/www.moskito.cz\/sk\/wp-json\/wp\/v2\/pwb-brand?post=242266"},{"taxonomy":"product_brand","embeddable":true,"href":"https:\/\/www.moskito.cz\/sk\/wp-json\/wp\/v2\/product_brand?post=242266"},{"taxonomy":"product_cat","embeddable":true,"href":"https:\/\/www.moskito.cz\/sk\/wp-json\/wp\/v2\/product_cat?post=242266"},{"taxonomy":"product_tag","embeddable":true,"href":"https:\/\/www.moskito.cz\/sk\/wp-json\/wp\/v2\/product_tag?post=242266"}],"curies":[{"name":"wp","href":"https:\/\/api.w.org\/{rel}","templated":true}]}}