{"id":242472,"date":"2023-03-07T22:39:06","date_gmt":"2023-03-07T21:39:06","guid":{"rendered":"https:\/\/www.moskito.cz\/produkt\/zatvaraci-noz-sog-altair-xr-squid-ink\/"},"modified":"2025-05-07T10:47:11","modified_gmt":"2025-05-07T09:47:11","slug":"zatvaraci-noz-sog-altair-xr-squid-ink","status":"publish","type":"product","link":"https:\/\/www.moskito.cz\/sk\/produkt\/zatvaraci-noz-sog-altair-xr-squid-ink\/","title":{"rendered":"Zatv\u00e1rac\u00ed N\u00f4\u017e SOG ALTAIR XR SQUID INK"},"content":{"rendered":"<p>Zatv\u00e1rac\u00ed N\u00f4\u017e SOG ALTAIR XR SQUID INK<\/p>\n<p>Super\u013eahk\u00fd Altair XR is je kompaktn\u00fd zatv\u00e1rac\u00ed n\u00f4\u017e, ktor\u00fd je pln\u00fd inov\u00e1ci\u00ed. Vybaven\u00e9 oce\u013eou CRYO 154CM a super siln\u00fdm uzamykac\u00edm mechanizmom SOG XR a obsahuje dizajn rukov\u00e4te so skryt\u00fdm upev\u0148ovac\u00edm prvkom, skeletovan\u00e9 vlo\u017eky a vymenite\u013en\u00e9 p\u00fatko na \u0161n\u00farku a vreckov\u00fd klip, ktor\u00fd umo\u017e\u0148uje \u013eahk\u00e9 pren\u00e1\u0161anie.<\/p>\n<p>AMBIDEXTRUSN\u00dd PRENOS<br \/>\nVymenite\u013en\u00e9 p\u00fatko na \u0161n\u00farku a vreckov\u00fd klip, ktor\u00e9 umo\u017e\u0148uj\u00fa \u013eahk\u00e9 nosenie v lese.<\/p>\n<p>XR Z\u00c1MOK<br \/>\nSpo\u013eahliv\u00fd a v\u00fdkonn\u00fd, schopn\u00fd odola\u0165 sile a\u017e 1 500 libier, poskytuje maxim\u00e1lne vstavan\u00e9 zabezpe\u010denie zamykania \u010depele. Jednoduch\u00e9 otv\u00e1ranie pomocou z\u00e1mku XR alebo palcov\u00e9ho kol\u00edka.<\/p>\n<p>CRYO OCE\u013d 154CM<br \/>\nCRYO 154CM je zmes s vysok\u00fdm obsahom uhl\u00edka, chr\u00f3mu a molybd\u00e9nu, ktor\u00e1 vytv\u00e1ra nerezov\u00fa oce\u013e s vynikaj\u00facim zachovan\u00edm hr\u00e1n a vysokou odolnos\u0165ou proti opotrebovaniu a kor\u00f3zii.<\/p>\n<p>HMOTNOS\u0164: 54g<br \/>\nD\u0139\u017dKA \u010cEPELA: 8 cm<br \/>\nFARBA: Cool Grey<br \/>\nD\u0139\u017dKA RUKOV\u00c4TI: 10 cm<br \/>\nH\u013d\u00daBKA \u010cEPELA: 2 mm<br \/>\nOCE\u013d: CRYO CPM 154<br \/>\nCELKOV\u00c1 VE\u013dKOS\u0164: 18 cm<br \/>\nDRUH POISTKY: XR Lock<br \/>\nMATERI\u00c1L RUKOV\u00c4TI: GRN<\/p>\n","protected":false},"excerpt":{"rendered":"<p>Super\u013eahk\u00fd Altair XR je kompaktn\u00fd zatv\u00e1rac\u00ed n\u00f4\u017e s hladk\u00fdm ostr\u00edm a ploch\u00fdm v\u00fdbrusom.<\/p>\n","protected":false},"featured_media":242455,"comment_status":"open","ping_status":"closed","template":"","meta":[],"pwb-brand":[3231],"product_brand":[],"product_cat":[3186,3233],"product_tag":[3668],"class_list":{"0":"post-242472","1":"product","2":"type-product","3":"status-publish","4":"has-post-thumbnail","6":"pwb-brand-pevny-noz-sog-snarl","7":"product_cat-noze-sk","8":"product_cat-zatvaracie-noze","9":"product_tag-b2b-sk","11":"first","12":"instock","13":"taxable","14":"shipping-taxable","15":"purchasable","16":"product-type-simple"},"brands":[{"id":3231,"name":"Pevn\u00fd N\u00f4\u017e SOG SNARL","slug":"pevny-noz-sog-snarl"}],"_links":{"self":[{"href":"https:\/\/www.moskito.cz\/sk\/wp-json\/wp\/v2\/product\/242472","targetHints":{"allow":["GET"]}}],"collection":[{"href":"https:\/\/www.moskito.cz\/sk\/wp-json\/wp\/v2\/product"}],"about":[{"href":"https:\/\/www.moskito.cz\/sk\/wp-json\/wp\/v2\/types\/product"}],"replies":[{"embeddable":true,"href":"https:\/\/www.moskito.cz\/sk\/wp-json\/wp\/v2\/comments?post=242472"}],"wp:featuredmedia":[{"embeddable":true,"href":"https:\/\/www.moskito.cz\/sk\/wp-json\/wp\/v2\/media\/242455"}],"wp:attachment":[{"href":"https:\/\/www.moskito.cz\/sk\/wp-json\/wp\/v2\/media?parent=242472"}],"wp:term":[{"taxonomy":"pwb-brand","embeddable":true,"href":"https:\/\/www.moskito.cz\/sk\/wp-json\/wp\/v2\/pwb-brand?post=242472"},{"taxonomy":"product_brand","embeddable":true,"href":"https:\/\/www.moskito.cz\/sk\/wp-json\/wp\/v2\/product_brand?post=242472"},{"taxonomy":"product_cat","embeddable":true,"href":"https:\/\/www.moskito.cz\/sk\/wp-json\/wp\/v2\/product_cat?post=242472"},{"taxonomy":"product_tag","embeddable":true,"href":"https:\/\/www.moskito.cz\/sk\/wp-json\/wp\/v2\/product_tag?post=242472"}],"curies":[{"name":"wp","href":"https:\/\/api.w.org\/{rel}","templated":true}]}}