{"id":242539,"date":"2023-03-08T20:26:04","date_gmt":"2023-03-08T19:26:04","guid":{"rendered":"https:\/\/www.moskito.cz\/produkt\/zatvaraci-noz-sog-tellus-flk-blaze\/"},"modified":"2025-05-07T10:47:12","modified_gmt":"2025-05-07T09:47:12","slug":"zatvaraci-noz-sog-tellus-flk-blaze","status":"publish","type":"product","link":"https:\/\/www.moskito.cz\/sk\/produkt\/zatvaraci-noz-sog-tellus-flk-blaze\/","title":{"rendered":"Zatv\u00e1rac\u00ed N\u00f4\u017e SOG TELLUS FLK BLAZE"},"content":{"rendered":"<p>Zatv\u00e1rac\u00ed N\u00f4\u017e SOG TELLUS FLK BLAZE.<\/p>\n<p>\u010cepe\u013e z nerezovej ocele CYRO 440C so \u0161irok\u00fdm ramenom a 3,65\u201d poskytuje tomuto outdoorov\u00e9mu pracantovi ve\u013ea chrbtice. S rukov\u00e4\u0165ou GRN sa \u013eahko manipuluje pri vykon\u00e1van\u00ed \u0161irokej \u0161k\u00e1ly \u00faloh, zatia\u013e \u010do mechanizmus r\u00e1mov\u00e9ho z\u00e1mku SOG bol navrhnut\u00fd tak, aby zmiernil \u00fa\u010dinky ne\u010dist\u00f4t, blata a in\u00fdch ne\u010dist\u00f4t, ktor\u00e9 m\u00f4\u017eu zanies\u0165 mechanizmus.<\/p>\n<p>CRYO 440C OCE\u013d<br \/>\nNerezov\u00e1 oce\u013e CRYO 440C m\u00e1 dokonal\u00fa kombin\u00e1ciu vynikaj\u00facej odolnosti proti kor\u00f3zii a opotrebovaniu, ktor\u00e1 je vy\u017eadovan\u00e1 pre n\u00f4\u017e, ktor\u00fd je ur\u010den\u00fd na n\u00e1ro\u010dn\u00e9 vonkaj\u0161ie pou\u017eitie. Povrchov\u00e1 \u00faprava Stonewashed pon\u00faka zv\u00fd\u0161en\u00fa odolnos\u0165 proti kor\u00f3zii a skr\u00fdva \u0161krabance, aby v\u00e1\u0161 n\u00f4\u017e st\u00e1le vyzeral skvele.<\/p>\n<p>RUKOV\u00c4\u0164 GRN<br \/>\nNylon je ob\u013e\u00faben\u00fdm materi\u00e1lom pre rukov\u00e4te no\u017eov pre svoju pevnos\u0165, odolnos\u0165 proti n\u00e1razu, chemick\u00fa inertnos\u0165 a stabilitu pri vysok\u00fdch teplot\u00e1ch. V\u0161etky tieto vlastnosti s\u00fa vylep\u0161en\u00e9 pridan\u00edm sklenen\u00fdch vl\u00e1kien do nylonu, aby sa vytvoril nov\u00fd materi\u00e1l, sklolamin\u00e1tov\u00fd nylon (GRN).<\/p>\n<p>Z\u00c1MOK R\u00c1MU<br \/>\nJednoduch\u00fd dizajn z\u00e1mku r\u00e1mu pon\u00faka r\u00fdchle a bezpe\u010dn\u00e9 otv\u00e1ranie pomocou palcov\u00e9ho kol\u00edka alebo otv\u00e1ra\u010da. \u00da\u010delne navrhnut\u00fd pre prev\u00e1dzku v hline, blate a bahne.<\/p>\n<p>MATERI\u00c1L RUKOV\u00c4TI: GRN<br \/>\nOCE\u013d: CRYO 440 (9Cr18MoV)<br \/>\nDRUH POISTKY: N\/A<br \/>\nHMOTNOS\u0164: 163 g<br \/>\nFARBA: oran\u017eov\u00e1<br \/>\nH\u013d\u00daBKA \u010cEPELA: 3,8 mm<br \/>\nD\u0139\u017dKA \u010cEPELA: 9 cm<br \/>\nCELKOV\u00c1 VE\u013dKOS\u0164: 21 cm<\/p>\n","protected":false},"excerpt":{"rendered":"<pre id=\"tw-target-text\" class=\"tw-data-text tw-text-large tw-ta\" dir=\"ltr\" data-placeholder=\"P\u0159eklad\"><span class=\"Y2IQFc\" lang=\"sk\">Tellus FLK je predov\u0161etk\u00fdm outdoorov\u00fd pracovn\u00fd zatv\u00e1rac\u00ed n\u00f4\u017e s hladk\u00fdm ostr\u00edm.<\/span><\/pre>\n","protected":false},"featured_media":242525,"comment_status":"open","ping_status":"closed","template":"","meta":[],"pwb-brand":[3231],"product_brand":[],"product_cat":[3186,3233],"product_tag":[3668],"class_list":{"0":"post-242539","1":"product","2":"type-product","3":"status-publish","4":"has-post-thumbnail","6":"pwb-brand-pevny-noz-sog-snarl","7":"product_cat-noze-sk","8":"product_cat-zatvaracie-noze","9":"product_tag-b2b-sk","11":"first","12":"instock","13":"taxable","14":"shipping-taxable","15":"purchasable","16":"product-type-simple"},"brands":[{"id":3231,"name":"Pevn\u00fd N\u00f4\u017e SOG SNARL","slug":"pevny-noz-sog-snarl"}],"_links":{"self":[{"href":"https:\/\/www.moskito.cz\/sk\/wp-json\/wp\/v2\/product\/242539","targetHints":{"allow":["GET"]}}],"collection":[{"href":"https:\/\/www.moskito.cz\/sk\/wp-json\/wp\/v2\/product"}],"about":[{"href":"https:\/\/www.moskito.cz\/sk\/wp-json\/wp\/v2\/types\/product"}],"replies":[{"embeddable":true,"href":"https:\/\/www.moskito.cz\/sk\/wp-json\/wp\/v2\/comments?post=242539"}],"wp:featuredmedia":[{"embeddable":true,"href":"https:\/\/www.moskito.cz\/sk\/wp-json\/wp\/v2\/media\/242525"}],"wp:attachment":[{"href":"https:\/\/www.moskito.cz\/sk\/wp-json\/wp\/v2\/media?parent=242539"}],"wp:term":[{"taxonomy":"pwb-brand","embeddable":true,"href":"https:\/\/www.moskito.cz\/sk\/wp-json\/wp\/v2\/pwb-brand?post=242539"},{"taxonomy":"product_brand","embeddable":true,"href":"https:\/\/www.moskito.cz\/sk\/wp-json\/wp\/v2\/product_brand?post=242539"},{"taxonomy":"product_cat","embeddable":true,"href":"https:\/\/www.moskito.cz\/sk\/wp-json\/wp\/v2\/product_cat?post=242539"},{"taxonomy":"product_tag","embeddable":true,"href":"https:\/\/www.moskito.cz\/sk\/wp-json\/wp\/v2\/product_tag?post=242539"}],"curies":[{"name":"wp","href":"https:\/\/api.w.org\/{rel}","templated":true}]}}