{"id":242594,"date":"2023-03-08T21:44:30","date_gmt":"2023-03-08T20:44:30","guid":{"rendered":"https:\/\/www.moskito.cz\/produkt\/pevny-noz-sog-trident-fx-od\/"},"modified":"2025-05-07T10:47:19","modified_gmt":"2025-05-07T09:47:19","slug":"pevny-noz-sog-trident-fx-od","status":"publish","type":"product","link":"https:\/\/www.moskito.cz\/sk\/produkt\/pevny-noz-sog-trident-fx-od\/","title":{"rendered":"Pevn\u00fd N\u00f4\u017e SOG TRIDENT FX OD"},"content":{"rendered":"<p>Pevn\u00fd N\u00f4\u017e SOG TRIDENT FX OD<\/p>\n<p>Trident FX, postaven\u00fd v trad\u00edcii tvrd\u00fdch no\u017eov s pevnou \u010depe\u013eou SOG pre profesion\u00e1lnych u\u017e\u00edvate\u013eov, pos\u00fava hranice schopnost\u00ed, ale nie hmotnosti. Trident FX s hmotnos\u0165ou nie\u010do m\u00e1lo cez 4 unce je meranou kombin\u00e1ciou sily a obratnosti, ktor\u00e1 v\u00e1m umo\u017en\u00ed r\u00fdchlo sa pohybova\u0165, ke\u010f na tom najviac z\u00e1le\u017e\u00ed. Dod\u00e1va sa s modernizovan\u00fdm puzdrom, ktor\u00e9 v\u00e1m umo\u017enia nosi\u0165 ho, ako a kam potrebujete.<\/p>\n<p>VYSOKO SCHOPN\u00dd N\u00d4\u017d S PEVNOU \u010cEPELOU<br \/>\nTento robustn\u00fd a citliv\u00fd n\u00f4\u017e s robustnou rukov\u00e4\u0165ou GRN a 4,2-palcovou oce\u013eovou \u010depe\u013eou CRYO 4116 s pln\u00fdm z\u00e1berom je dod\u00e1van\u00fd so \u0161peci\u00e1lne navrhnut\u00fdm puzdrom kompatibiln\u00fdm s univerz\u00e1lnym mont\u00e1\u017enym syst\u00e9mom SOG, ktor\u00e9 umo\u017e\u0148uje prisp\u00f4sobite\u013en\u00e9 nastavenie, spo\u013eahliv\u00e9 pren\u00e1\u0161anie a r\u00fdchle tasenie.<\/p>\n<p>Puzdro je kompatibiln\u00e9 s UMS<br \/>\nObouru\u010dn\u00e9 a poskytuje viac mo\u017enost\u00ed mont\u00e1\u017ee a je vybaven\u00fd bezn\u00e1strojov\u00fdm syst\u00e9mom nastavovania nap\u00e4tia umo\u017e\u0148uj\u00facim dokonal\u00e9 \u0165ahanie.<\/p>\n<p>CRYO 4116 OCE\u013d<br \/>\nStreduhl\u00edkov\u00e1 nemeck\u00e1 nerezov\u00e1 oce\u013e zn\u00e1ma aj ako 4116. Podobn\u00e1 ako 420HC s dobrou odolnos\u0165ou proti kor\u00f3zii, h\u00fa\u017eevnatos\u0165ou, ostros\u0165ou a zachovan\u00edm hr\u00e1n.<\/p>\n<p>GRN GRIP<br \/>\nRukov\u00e4\u0165 GRN sa vyzna\u010duje v\u0161esmerovou text\u00farou, ktor\u00e1 poskytuje mno\u017estvo n\u00e1kupu s rukavicami aj bez nich a prakticky vo v\u0161etk\u00fdch klimatick\u00fdch podmienkach.<\/p>\n<p>CELKOV\u00c1 D\u0139\u017dKA: 24 cm<br \/>\nD\u0139\u017dKA \u010cEPELA: 11 cm<br \/>\nTYP PRODUKTU: Pevn\u00e1 \u010depe\u013e<br \/>\nDOKON\u010cENIE: TiNi<br \/>\nTYP HRANY:: Rovn\u00fd<br \/>\nTYP OCE\u013dOV\u00c9 \u010cEPELE: CRYO 4116<br \/>\nTVAR \u010cEPE\u013dA: Tanto<br \/>\nMATERI\u00c1L RUKOV\u00c4TI: GRN<br \/>\nFARBA RUKOV\u00c4TI: Zelen\u00e1<br \/>\nFARBA P\u00daZDRA: Zelen\u00e1<\/p>\n","protected":false},"excerpt":{"rendered":"<p>Trident FX, postaven\u00fd v trad\u00edcii tvrd\u00fdch no\u017eov s pevnou \u010depe\u013eou SOG pre profesion\u00e1lnych u\u017e\u00edvate\u013eov.<\/p>\n","protected":false},"featured_media":242578,"comment_status":"open","ping_status":"closed","template":"","meta":[],"pwb-brand":[3231],"product_brand":[],"product_cat":[3186,3187],"product_tag":[3668],"class_list":{"0":"post-242594","1":"product","2":"type-product","3":"status-publish","4":"has-post-thumbnail","6":"pwb-brand-pevny-noz-sog-snarl","7":"product_cat-noze-sk","8":"product_cat-pevne-noze-sk","9":"product_tag-b2b-sk","11":"first","12":"instock","13":"taxable","14":"shipping-taxable","15":"purchasable","16":"product-type-simple"},"brands":[{"id":3231,"name":"Pevn\u00fd N\u00f4\u017e SOG SNARL","slug":"pevny-noz-sog-snarl"}],"_links":{"self":[{"href":"https:\/\/www.moskito.cz\/sk\/wp-json\/wp\/v2\/product\/242594","targetHints":{"allow":["GET"]}}],"collection":[{"href":"https:\/\/www.moskito.cz\/sk\/wp-json\/wp\/v2\/product"}],"about":[{"href":"https:\/\/www.moskito.cz\/sk\/wp-json\/wp\/v2\/types\/product"}],"replies":[{"embeddable":true,"href":"https:\/\/www.moskito.cz\/sk\/wp-json\/wp\/v2\/comments?post=242594"}],"wp:featuredmedia":[{"embeddable":true,"href":"https:\/\/www.moskito.cz\/sk\/wp-json\/wp\/v2\/media\/242578"}],"wp:attachment":[{"href":"https:\/\/www.moskito.cz\/sk\/wp-json\/wp\/v2\/media?parent=242594"}],"wp:term":[{"taxonomy":"pwb-brand","embeddable":true,"href":"https:\/\/www.moskito.cz\/sk\/wp-json\/wp\/v2\/pwb-brand?post=242594"},{"taxonomy":"product_brand","embeddable":true,"href":"https:\/\/www.moskito.cz\/sk\/wp-json\/wp\/v2\/product_brand?post=242594"},{"taxonomy":"product_cat","embeddable":true,"href":"https:\/\/www.moskito.cz\/sk\/wp-json\/wp\/v2\/product_cat?post=242594"},{"taxonomy":"product_tag","embeddable":true,"href":"https:\/\/www.moskito.cz\/sk\/wp-json\/wp\/v2\/product_tag?post=242594"}],"curies":[{"name":"wp","href":"https:\/\/api.w.org\/{rel}","templated":true}]}}