{"id":242741,"date":"2023-03-09T20:38:54","date_gmt":"2023-03-09T19:38:54","guid":{"rendered":"https:\/\/www.moskito.cz\/produkt\/zatvaraci-noz-sog-aegis-at-rescue-red-indigo\/"},"modified":"2025-05-07T10:47:22","modified_gmt":"2025-05-07T09:47:22","slug":"zatvaraci-noz-sog-aegis-at-rescue-red-indigo","status":"publish","type":"product","link":"https:\/\/www.moskito.cz\/sk\/produkt\/zatvaraci-noz-sog-aegis-at-rescue-red-indigo\/","title":{"rendered":"Zatv\u00e1rac\u00ed N\u00f4\u017e SOG AEGIS AT RESCUE RED &#038; INDIGO"},"content":{"rendered":"<p>Zatv\u00e1rac\u00ed N\u00f4\u017e SOG AEGIS AT RESCUE RED &amp; INDIGO<\/p>\n<p>Vreckov\u00fd n\u00f4\u017e Aegis AT, navrhnut\u00fd pre vonkaj\u0161\u00edch u\u017e\u00edvate\u013eov, pon\u00faka r\u00fdchle asistovan\u00e9 otv\u00e1ranie pomocou inovat\u00edvneho obojstrann\u00e9ho z\u00e1mku AT-XR od SOG s ergonomickou rukov\u00e4\u0165ou a vzorom \u00fachopu pre pohodln\u00e9 pou\u017eitie. Aegis AT je \u013eahko prenosn\u00fd zatv\u00e1rac\u00ed n\u00f4\u017e s vysoko funk\u010dnou 3,1&#8243; kryogenicky tepelne spracovanou oce\u013eovou \u010depe\u013eou D2. Jeho v\u00fdkonn\u00fd uzamykac\u00ed mechanizmus XR m\u00e1 tie\u017e pevn\u00fa vstavan\u00fa poistku \u010depele a bezpe\u010dnostn\u00fd syst\u00e9m namontovan\u00fd na chrbte. \u010eal\u0161ia evol\u00facia \u010depele elegend.<\/p>\n<p>AMBIDEXTRN\u00dd DIZAJN<br \/>\nOd z\u00e1mku AT-XR po bezpe\u010dnostn\u00fd mechanizmus a dokonca aj nastavite\u013en\u00fa sponu na opasok je Aegis AT navrhnut\u00fd tak, aby bol rovnako pou\u017eite\u013en\u00fd v oboch ruk\u00e1ch. Intuit\u00edvny a flexibiln\u00fd obojstrann\u00fd dizajn zais\u0165uje, \u017ee nikdy nezostanete nepripraven\u00ed.<\/p>\n<p>AT-XR Z\u00c1MOK<br \/>\nPatentovan\u00e1 technol\u00f3gia Assisted Technology (AT) spolo\u010dnosti SOG XR Lock poskytuje r\u00fdchle otvorenie jednou rukou a pevn\u00e9 uzamknutie po otvoren\u00ed. Spo\u013eahliv\u00fd a v\u00fdkonn\u00fd, schopn\u00fd odola\u0165 sile 1500 libier, AT-XR Lock poskytuje maxim\u00e1lne vstavan\u00e9 zabezpe\u010denie \u010depele pri otvoren\u00ed a zais\u0165uje, \u017ee sa otvor\u00ed iba vtedy, ke\u010f je zam\u00fd\u0161\u013ean\u00e9.<\/p>\n<p>CRYO D2 OCE\u013dOV\u00c1 \u010cEPEL<br \/>\nV\u0161estrann\u00e1 n\u00e1strojov\u00e1 oce\u013e s vysok\u00fdm obsahom uhl\u00edka, ktor\u00e1 je kryog\u00e9nne tepelne spracovan\u00e1 pod\u013ea jedine\u010dn\u00fdch v\u00fdkonnostn\u00fdch \u0161pecifik\u00e1ci\u00ed SOG. D2 poskytuje ide\u00e1lnu kombin\u00e1ciu zachovania hr\u00e1n a trvanlivosti pre dlhodob\u00e9 pou\u017e\u00edvanie s jednoduchou \u00fadr\u017ebou.<\/p>\n<p>OCE\u013d: CYRO D2<br \/>\nFARBA: Rescue Red<br \/>\nH\u013d\u00daBKA \u010cEPELA: 3 mm<br \/>\nDRUH POISTKY: XR Lock<br \/>\nMATERI\u00c1L RUKOV\u00c4TI: GRN<br \/>\nD\u0139\u017dKA \u010cEPELA: 8 cm<br \/>\nHMOTNOS\u0164: 129 g<br \/>\nCELKOV\u00c1 VE\u013dKOS\u0164: 21 cm<\/p>\n<p><iframe title=\"SOG Aegis AT\" width=\"800\" height=\"450\" src=\"https:\/\/www.youtube.com\/embed\/Kj2gi5WCUXQ?feature=oembed\" frameborder=\"0\" allow=\"accelerometer; autoplay; clipboard-write; encrypted-media; gyroscope; picture-in-picture; web-share\" allowfullscreen><\/iframe><\/p>\n","protected":false},"excerpt":{"rendered":"<p>SOG Aegis AT s obojstrannou r\u00fdchloup\u00ednacou poistkou AT-XR Lock, \u010depe\u013eou z ocele CRYO D2, ergonomickou rukov\u00e4\u0165ou a vzorom na rukov\u00e4ti pre v\u00e4\u010d\u0161ie pohodlie.<\/p>\n","protected":false},"featured_media":242724,"comment_status":"open","ping_status":"closed","template":"","meta":[],"pwb-brand":[3231],"product_brand":[],"product_cat":[3186,3233],"product_tag":[3668],"class_list":{"0":"post-242741","1":"product","2":"type-product","3":"status-publish","4":"has-post-thumbnail","6":"pwb-brand-pevny-noz-sog-snarl","7":"product_cat-noze-sk","8":"product_cat-zatvaracie-noze","9":"product_tag-b2b-sk","11":"first","12":"instock","13":"taxable","14":"shipping-taxable","15":"purchasable","16":"product-type-simple"},"brands":[{"id":3231,"name":"Pevn\u00fd N\u00f4\u017e SOG SNARL","slug":"pevny-noz-sog-snarl"}],"_links":{"self":[{"href":"https:\/\/www.moskito.cz\/sk\/wp-json\/wp\/v2\/product\/242741","targetHints":{"allow":["GET"]}}],"collection":[{"href":"https:\/\/www.moskito.cz\/sk\/wp-json\/wp\/v2\/product"}],"about":[{"href":"https:\/\/www.moskito.cz\/sk\/wp-json\/wp\/v2\/types\/product"}],"replies":[{"embeddable":true,"href":"https:\/\/www.moskito.cz\/sk\/wp-json\/wp\/v2\/comments?post=242741"}],"wp:featuredmedia":[{"embeddable":true,"href":"https:\/\/www.moskito.cz\/sk\/wp-json\/wp\/v2\/media\/242724"}],"wp:attachment":[{"href":"https:\/\/www.moskito.cz\/sk\/wp-json\/wp\/v2\/media?parent=242741"}],"wp:term":[{"taxonomy":"pwb-brand","embeddable":true,"href":"https:\/\/www.moskito.cz\/sk\/wp-json\/wp\/v2\/pwb-brand?post=242741"},{"taxonomy":"product_brand","embeddable":true,"href":"https:\/\/www.moskito.cz\/sk\/wp-json\/wp\/v2\/product_brand?post=242741"},{"taxonomy":"product_cat","embeddable":true,"href":"https:\/\/www.moskito.cz\/sk\/wp-json\/wp\/v2\/product_cat?post=242741"},{"taxonomy":"product_tag","embeddable":true,"href":"https:\/\/www.moskito.cz\/sk\/wp-json\/wp\/v2\/product_tag?post=242741"}],"curies":[{"name":"wp","href":"https:\/\/api.w.org\/{rel}","templated":true}]}}