{"id":242765,"date":"2023-03-09T21:28:30","date_gmt":"2023-03-09T20:28:30","guid":{"rendered":"https:\/\/www.moskito.cz\/produkt\/zatvaraci-noz-sog-trident-at-fde-tanto\/"},"modified":"2025-05-07T10:47:23","modified_gmt":"2025-05-07T09:47:23","slug":"zatvaraci-noz-sog-trident-at-fde-tanto","status":"publish","type":"product","link":"https:\/\/www.moskito.cz\/sk\/produkt\/zatvaraci-noz-sog-trident-at-fde-tanto\/","title":{"rendered":"Zatv\u00e1rac\u00ed N\u00f4\u017e SOG TRIDENT AT FDE TANTO"},"content":{"rendered":"<p>Zatv\u00e1rac\u00ed N\u00f4\u017e SOG TRIDENT AT FDE TANTO<\/p>\n<p>Trident AT, zatv\u00e1rac\u00ed n\u00f4\u017e navrhnut\u00fd pre profesion\u00e1lnych u\u017e\u00edvate\u013eov, pon\u00faka r\u00fdchle asistovan\u00e9 otv\u00e1ranie s inovat\u00edvnym obojstrann\u00fdm z\u00e1mkom SOG AT-XR Lock, rovnako ako integrovan\u00fd reza\u010d \u010diar a rozb\u00edja\u010d skla. Trident AT sa \u013eahko pren\u00e1\u0161a, s vysoko funk\u010dnou 3,75&#8243; kryogenicky tepelne spracovanou \u010depe\u013eou z nerezovej ocele D2. Jej v\u00fdkonn\u00fd uzamykac\u00ed mechanizmus AT-XR m\u00e1 tie\u017e vstavan\u00fa poistku zamykanie \u010depele a bezpe\u010dnostn\u00fd syst\u00e9m namontovan\u00fd na chrbtici. \u010eal\u0161ia evol\u00facia v odbore Trident.<\/p>\n<p>VYROBEN\u00c9 PRE V\u00ddKON<br \/>\nAko posledn\u00e1 aktualiz\u00e1cia osved\u010den\u00e9ho dizajnu Trident spolo\u010dnosti SOG, najnov\u0161ia verzia je optimalizovan\u00e1 tak, aby zlep\u0161ila mo\u017enosti u\u017e\u00edvate\u013ea v akejko\u013evek kritickej situ\u00e1cii, r\u00fdchle otvorenie Tridentu AT sa vyrovn\u00e1 iba jeho schopnos\u0165 podporova\u0165 n\u00fadzov\u00fa z\u00e1chranu v kritick\u00fdch situ\u00e1ci\u00e1ch.<\/p>\n<p>CRYO D2 OCE\u013dOV\u00c1 \u010cEPEL<br \/>\nV\u0161estrann\u00e1 n\u00e1strojov\u00e1 oce\u013e s vysok\u00fdm obsahom uhl\u00edka, ktor\u00e1 je kryog\u00e9nne tepelne spracovan\u00e1 pod\u013ea jedine\u010dn\u00fdch v\u00fdkonnostn\u00fdch \u0161pecifik\u00e1ci\u00ed SOG. D2 poskytuje ide\u00e1lnu kombin\u00e1ciu zachovania hr\u00e1n a trvanlivosti pre dlhodob\u00e9 pou\u017e\u00edvanie s jednoduchou \u00fadr\u017ebou.<\/p>\n<p>BEZPE\u010cNOS\u0164<br \/>\nSpolo\u010dnos\u0165 SOG spolupracovala s u\u017e\u00edvate\u013emi na v\u00fdvoji obojstrann\u00e9ho zabezpe\u010denia, ktor\u00e9 je rovnako jednoduch\u00e9 ako r\u00fdchle pou\u017eitie. Navrhnut\u00e9 tak, aby bolo intuit\u00edvne a vyu\u017e\u00edvalo prirodzen\u00e9 pohyby r\u00fak, znamen\u00e1 to, \u017ee pri ovl\u00e1dan\u00ed nemus\u00edte zlomi\u0165 zovretie. Po otvoren\u00ed sa uzamkne na mieste ako zadn\u00e1 zar\u00e1\u017eka palca. V\u0161etko, \u010do by bezpe\u010dnos\u0165 mala by\u0165.<\/p>\n<p>AT-XR Z\u00c1MOK<br \/>\nPatentovan\u00e1 technol\u00f3gia Assisted Technology (AT) spolo\u010dnosti SOG XR Lock poskytuje r\u00fdchle otvorenie jednou rukou a pevn\u00e9 uzamknutie po otvoren\u00ed. Spo\u013eahliv\u00fd a v\u00fdkonn\u00fd, schopn\u00fd odola\u0165 sile 1500 libier, AT-XR Lock poskytuje maxim\u00e1lne vstavan\u00e9 zabezpe\u010denie \u010depele pri otvoren\u00ed a zais\u0165uje, \u017ee sa otvor\u00ed iba vtedy, ke\u010f je zam\u00fd\u0161\u013ean\u00e9.<\/p>\n<p>HMOTNOS\u0164: 147g<br \/>\nD\u0139\u017dKA \u010cEPELA: 9.4 cm<br \/>\nOCE\u013d: CYRO D2<br \/>\nCELKOV\u00c1 VE\u013dKOS\u0164: 23 cm<br \/>\nFARBA: Hned\u00e1<br \/>\nH\u013d\u00daBKA \u010cEPELA: 3mm<br \/>\nMATERI\u00c1L RUKOV\u00c4TI: GRN<br \/>\nDRUH POISTKY: XR Lock<\/p>\n<p><iframe title=\"SOG Trident AT\" width=\"800\" height=\"450\" src=\"https:\/\/www.youtube.com\/embed\/v8hOLKWYvWc?feature=oembed\" frameborder=\"0\" allow=\"accelerometer; autoplay; clipboard-write; encrypted-media; gyroscope; picture-in-picture; web-share\" allowfullscreen><\/iframe><\/p>\n<p>&nbsp;<\/p>\n","protected":false},"excerpt":{"rendered":"<p>SOG Trident AT s obojstrann\u00fdm z\u00e1mkom AT-XR Lock, asistenciou otv\u00e1rania, \u010diernenou \u010depe\u013eou z CRYO D2, reza\u010dom bezpe\u010dnostn\u00fdch p\u00e1sov a hrotmi pre rozb\u00edjanie skla na oboch stran\u00e1ch rukov\u00e4te.<\/p>\n","protected":false},"featured_media":242745,"comment_status":"open","ping_status":"closed","template":"","meta":[],"pwb-brand":[3231],"product_brand":[],"product_cat":[3186,3233],"product_tag":[3668],"class_list":{"0":"post-242765","1":"product","2":"type-product","3":"status-publish","4":"has-post-thumbnail","6":"pwb-brand-pevny-noz-sog-snarl","7":"product_cat-noze-sk","8":"product_cat-zatvaracie-noze","9":"product_tag-b2b-sk","11":"first","12":"instock","13":"taxable","14":"shipping-taxable","15":"purchasable","16":"product-type-simple"},"brands":[{"id":3231,"name":"Pevn\u00fd N\u00f4\u017e SOG SNARL","slug":"pevny-noz-sog-snarl"}],"_links":{"self":[{"href":"https:\/\/www.moskito.cz\/sk\/wp-json\/wp\/v2\/product\/242765","targetHints":{"allow":["GET"]}}],"collection":[{"href":"https:\/\/www.moskito.cz\/sk\/wp-json\/wp\/v2\/product"}],"about":[{"href":"https:\/\/www.moskito.cz\/sk\/wp-json\/wp\/v2\/types\/product"}],"replies":[{"embeddable":true,"href":"https:\/\/www.moskito.cz\/sk\/wp-json\/wp\/v2\/comments?post=242765"}],"wp:featuredmedia":[{"embeddable":true,"href":"https:\/\/www.moskito.cz\/sk\/wp-json\/wp\/v2\/media\/242745"}],"wp:attachment":[{"href":"https:\/\/www.moskito.cz\/sk\/wp-json\/wp\/v2\/media?parent=242765"}],"wp:term":[{"taxonomy":"pwb-brand","embeddable":true,"href":"https:\/\/www.moskito.cz\/sk\/wp-json\/wp\/v2\/pwb-brand?post=242765"},{"taxonomy":"product_brand","embeddable":true,"href":"https:\/\/www.moskito.cz\/sk\/wp-json\/wp\/v2\/product_brand?post=242765"},{"taxonomy":"product_cat","embeddable":true,"href":"https:\/\/www.moskito.cz\/sk\/wp-json\/wp\/v2\/product_cat?post=242765"},{"taxonomy":"product_tag","embeddable":true,"href":"https:\/\/www.moskito.cz\/sk\/wp-json\/wp\/v2\/product_tag?post=242765"}],"curies":[{"name":"wp","href":"https:\/\/api.w.org\/{rel}","templated":true}]}}