{"id":242783,"date":"2023-03-09T22:01:14","date_gmt":"2023-03-09T21:01:14","guid":{"rendered":"https:\/\/www.moskito.cz\/produkt\/zatvaraci-noz-sog-terminus-sj-lte-carbon-graphite\/"},"modified":"2025-05-07T10:47:23","modified_gmt":"2025-05-07T09:47:23","slug":"zatvaraci-noz-sog-terminus-sj-lte-carbon-graphite","status":"publish","type":"product","link":"https:\/\/www.moskito.cz\/sk\/produkt\/zatvaraci-noz-sog-terminus-sj-lte-carbon-graphite\/","title":{"rendered":"Zatv\u00e1rac\u00ed N\u00f4\u017e SOG TERMINUS SJ LTE CARBON GRAPHITE"},"content":{"rendered":"<p>Zatv\u00e1rac\u00ed N\u00f4\u017e SOG TERMINUS SJ LTE CARBON GRAPHITE<\/p>\n<p>Terminus SJ LTE, \u0161peci\u00e1lne navrhnut\u00fd tak, aby bol leg\u00e1lny po celom svete, je tenk\u00fd a \u013eahk\u00fd n\u00f4\u017e na ka\u017edodenn\u00e9 nosenie. Kon\u0161trukcia klzn\u00e9ho k\u013abu SOG pon\u00faka \u013eahk\u00e9 otv\u00e1ranie a zatv\u00e1ranie, jeho vysoko kvalitn\u00e1 \u010depe\u013e S35VN je dlh\u00e1 tesne pod tri palce a rukov\u00e4\u0165 G10 vystu\u017een\u00e1 uhl\u00edkov\u00fdmi vl\u00e1knami umo\u017e\u0148uje, aby sa dostala na nie\u010do m\u00e1lo cez dve unce. Je to medzin\u00e1rodn\u00fd cestovate\u013e v rodine Terminus spolo\u010dnosti SOG.<\/p>\n<p>Jednoduch\u00e9, siln\u00e9, ostr\u00e9.<br \/>\nTerminus SJ LTE je jedn\u00fdm z t\u00fdch no\u017eov, ktor\u00e9 \u013eahko vk\u013aznu do vrecka. S \u010depe\u013eou z ocele S35VN a karb\u00f3nom vystu\u017eenou rukov\u00e4\u0165ou G10 je \u013eahk\u00fd, plne obojstrann\u00fd a leg\u00e1lny na nosenie takmer kdeko\u013evek.<\/p>\n<p>SLIP SPOJ<br \/>\nSpo\u013eahliv\u00fd, nezamykate\u013en\u00fd a \u013eahk\u00fd mechanizmus otv\u00e1rania a zatv\u00e1rania s n\u00e1dychom inov\u00e1cie SOG, ako je chr\u00e1ni\u010d prstov, ktor\u00fd minimalizuje n\u00e1hodn\u00e9 zovretie \u010depele na prstoch.<\/p>\n<p>S35VN OCE\u013d<br \/>\nOce\u013e americkej v\u00fdroby obsahuje karbidy van\u00e1du a ni\u00f3bu, ktor\u00e9 poskytuj\u00fa vysok\u00fd stupe\u0148 h\u00fa\u017eevnatosti a odolnosti proti opotrebovaniu.<\/p>\n<p>\u013dAHK\u00dd A TENK\u00dd<br \/>\nV\u010faka vystu\u017eeniu rukov\u00e4t\u00ed G10 uhl\u00edkov\u00fdmi vl\u00e1knami je \u013eahk\u00fd a dizajn LTE vytv\u00e1ra najten\u0161\u00ed Terminus, \u010do s\u00fa dve kritick\u00e9 funkcie no\u017ea na ka\u017edodenn\u00e9 nosenie.<\/p>\n<p>DRUH POISTKY: Skladac\u00ed mechanizmus<br \/>\nD\u0139\u017dKA \u010cEPELA: 7.4 cm<br \/>\nHMOTNOS\u0164: 65g<br \/>\nCELKOV\u00c1 VE\u013dKOS\u0164: 18 cm<br \/>\nOCE\u013d: S35VN<br \/>\nFARBA: graphite<br \/>\nH\u013d\u00daBKA \u010cEPELA: 2,8 mm<br \/>\nMATERI\u00c1L RUKOV\u00c4TI: G10 w\/carbon fiber face<\/p>\n","protected":false},"excerpt":{"rendered":"<p>Terminus SJ LTE, \u0161peci\u00e1lne navrhnut\u00fd tak, aby bol leg\u00e1lny takmer po celom svete. Je tenk\u00fd a \u013eahk\u00fd, a je ur\u010den\u00fd na ka\u017edodenn\u00e9 nosenie.<\/p>\n","protected":false},"featured_media":242772,"comment_status":"open","ping_status":"closed","template":"","meta":[],"pwb-brand":[3231],"product_brand":[],"product_cat":[3186,3233],"product_tag":[3668],"class_list":{"0":"post-242783","1":"product","2":"type-product","3":"status-publish","4":"has-post-thumbnail","6":"pwb-brand-pevny-noz-sog-snarl","7":"product_cat-noze-sk","8":"product_cat-zatvaracie-noze","9":"product_tag-b2b-sk","11":"first","12":"instock","13":"taxable","14":"shipping-taxable","15":"purchasable","16":"product-type-simple"},"brands":[{"id":3231,"name":"Pevn\u00fd N\u00f4\u017e SOG SNARL","slug":"pevny-noz-sog-snarl"}],"_links":{"self":[{"href":"https:\/\/www.moskito.cz\/sk\/wp-json\/wp\/v2\/product\/242783","targetHints":{"allow":["GET"]}}],"collection":[{"href":"https:\/\/www.moskito.cz\/sk\/wp-json\/wp\/v2\/product"}],"about":[{"href":"https:\/\/www.moskito.cz\/sk\/wp-json\/wp\/v2\/types\/product"}],"replies":[{"embeddable":true,"href":"https:\/\/www.moskito.cz\/sk\/wp-json\/wp\/v2\/comments?post=242783"}],"wp:featuredmedia":[{"embeddable":true,"href":"https:\/\/www.moskito.cz\/sk\/wp-json\/wp\/v2\/media\/242772"}],"wp:attachment":[{"href":"https:\/\/www.moskito.cz\/sk\/wp-json\/wp\/v2\/media?parent=242783"}],"wp:term":[{"taxonomy":"pwb-brand","embeddable":true,"href":"https:\/\/www.moskito.cz\/sk\/wp-json\/wp\/v2\/pwb-brand?post=242783"},{"taxonomy":"product_brand","embeddable":true,"href":"https:\/\/www.moskito.cz\/sk\/wp-json\/wp\/v2\/product_brand?post=242783"},{"taxonomy":"product_cat","embeddable":true,"href":"https:\/\/www.moskito.cz\/sk\/wp-json\/wp\/v2\/product_cat?post=242783"},{"taxonomy":"product_tag","embeddable":true,"href":"https:\/\/www.moskito.cz\/sk\/wp-json\/wp\/v2\/product_tag?post=242783"}],"curies":[{"name":"wp","href":"https:\/\/api.w.org\/{rel}","templated":true}]}}