{"id":242804,"date":"2023-03-09T22:43:05","date_gmt":"2023-03-09T21:43:05","guid":{"rendered":"https:\/\/www.moskito.cz\/produkt\/zatvaraci-noz-sog-one-zero-xr-smoke-gray-polished\/"},"modified":"2025-05-07T10:47:24","modified_gmt":"2025-05-07T09:47:24","slug":"zatvaraci-noz-sog-one-zero-xr-smoke-gray-polished","status":"publish","type":"product","link":"https:\/\/www.moskito.cz\/sk\/produkt\/zatvaraci-noz-sog-one-zero-xr-smoke-gray-polished\/","title":{"rendered":"Zatv\u00e1rac\u00ed N\u00f4\u017e SOG ONE ZERO XR SMOKE GRAY POLISHED"},"content":{"rendered":"<p>Zatv\u00e1rac\u00ed N\u00f4\u017e SOG ONE ZERO XR SMOKE GRAY POLISHED<\/p>\n<p>One-Zero XR s tekut\u00fdmi, ale sebavedom\u00fdmi l\u00edniami je ove\u013ea viac ne\u017e len pekn\u00e1 tv\u00e1r v\u010faka svojmu super siln\u00e9mu z\u00e1mku XR Lock, ktor\u00fd zais\u0165uje hladk\u00e9 a spo\u013eahliv\u00e9 zamykanie \u010depele, oce\u013eovej \u010depeli CRYO CPM S35VN potiahnutej TiNi a tvarovanej hlin\u00edkovej rukov\u00e4te leteckej triedy. so skryt\u00fdmi spojovac\u00edmi prvkami.<\/p>\n<p>CRYO CPM S35VN OCE\u013d<br \/>\nTvrd\u00e1 a kor\u00f3zii odoln\u00e1 oce\u013e, ktor\u00e1 je kryog\u00e9nne tepelne spracovan\u00e1 pod\u013ea jedine\u010dn\u00fdch v\u00fdkonnostn\u00fdch \u0161pecifik\u00e1ci\u00ed SOG. \u010cierna \u010depe\u013e CPM S35VN s povrchovou \u00fapravou TiNi poskytuje ide\u00e1lnu kombin\u00e1ciu ostrosti a h\u00fa\u017eevnatosti ostria pre n\u00e1ro\u010dn\u00e9 pou\u017eitie s minim\u00e1lnou \u00fadr\u017ebou.<\/p>\n<p>XR Z\u00c1MOK<br \/>\nSpo\u013eahliv\u00fd a v\u00fdkonn\u00fd, schopn\u00fd odola\u0165 sile a\u017e 1 500 libier, poskytuje maxim\u00e1lne vstavan\u00e9 zabezpe\u010denie \u010depele pri otvoren\u00ed a zais\u0165uje, \u017ee sa otvor\u00ed iba vtedy, ke\u010f je zam\u00fd\u0161\u013ean\u00e9.<\/p>\n<p>HLIN\u00cdKOV\u00c1 RUKOV\u00c4\u0164<br \/>\nTvarovan\u00e1 hlin\u00edkov\u00e1 rukov\u00e4\u0165 leteckej triedy sa vyzna\u010duje elegantn\u00fdm a kr\u00e1snym dizajnom skryt\u00e9ho spojovacieho prvku.<\/p>\n<p>CELKOV\u00c1 D\u0139\u017dKA: 20 cm<br \/>\nD\u0139\u017dKA \u010cEPELA: 8 cm<br \/>\nZAMYKAC\u00cd MECHANIZMUS: XR<br \/>\nOtv\u00e1rac\u00ed mechanizmus: XR, otvor pre palec<br \/>\nTYP SPOJKY NA OPASOK: Reverzibiln\u00fd Low-Carry<br \/>\nDOKON\u010cENIE: TiNi<br \/>\nTYP HRANY: Rovn\u00fd<br \/>\nTYP OCE\u013dOV\u00c9 \u010cEPELE: CRYO CPM S35VN<br \/>\nTVRDOS\u0164: Rc. 60-62<br \/>\nMATERI\u00c1L RUKOV\u00c4TI: Hlin\u00edk<br \/>\nTYP PRODUKTU: Skladac\u00ed n\u00f4\u017e<\/p>\n","protected":false},"excerpt":{"rendered":"<p>One-Zero XR, ktor\u00fd kombinuje pr\u00e9miov\u00e9 materi\u00e1ly s prec\u00edznym dizajnom, je elegantn\u00fd, sofistikovan\u00fd zatv\u00e1rac\u00ed n\u00f4\u017e.<\/p>\n","protected":false},"featured_media":242790,"comment_status":"open","ping_status":"closed","template":"","meta":[],"pwb-brand":[3231],"product_brand":[],"product_cat":[3186,3233],"product_tag":[3668],"class_list":{"0":"post-242804","1":"product","2":"type-product","3":"status-publish","4":"has-post-thumbnail","6":"pwb-brand-pevny-noz-sog-snarl","7":"product_cat-noze-sk","8":"product_cat-zatvaracie-noze","9":"product_tag-b2b-sk","11":"first","12":"instock","13":"taxable","14":"shipping-taxable","15":"purchasable","16":"product-type-simple"},"brands":[{"id":3231,"name":"Pevn\u00fd N\u00f4\u017e SOG SNARL","slug":"pevny-noz-sog-snarl"}],"_links":{"self":[{"href":"https:\/\/www.moskito.cz\/sk\/wp-json\/wp\/v2\/product\/242804","targetHints":{"allow":["GET"]}}],"collection":[{"href":"https:\/\/www.moskito.cz\/sk\/wp-json\/wp\/v2\/product"}],"about":[{"href":"https:\/\/www.moskito.cz\/sk\/wp-json\/wp\/v2\/types\/product"}],"replies":[{"embeddable":true,"href":"https:\/\/www.moskito.cz\/sk\/wp-json\/wp\/v2\/comments?post=242804"}],"wp:featuredmedia":[{"embeddable":true,"href":"https:\/\/www.moskito.cz\/sk\/wp-json\/wp\/v2\/media\/242790"}],"wp:attachment":[{"href":"https:\/\/www.moskito.cz\/sk\/wp-json\/wp\/v2\/media?parent=242804"}],"wp:term":[{"taxonomy":"pwb-brand","embeddable":true,"href":"https:\/\/www.moskito.cz\/sk\/wp-json\/wp\/v2\/pwb-brand?post=242804"},{"taxonomy":"product_brand","embeddable":true,"href":"https:\/\/www.moskito.cz\/sk\/wp-json\/wp\/v2\/product_brand?post=242804"},{"taxonomy":"product_cat","embeddable":true,"href":"https:\/\/www.moskito.cz\/sk\/wp-json\/wp\/v2\/product_cat?post=242804"},{"taxonomy":"product_tag","embeddable":true,"href":"https:\/\/www.moskito.cz\/sk\/wp-json\/wp\/v2\/product_tag?post=242804"}],"curies":[{"name":"wp","href":"https:\/\/api.w.org\/{rel}","templated":true}]}}