{"id":242893,"date":"2023-03-13T19:13:52","date_gmt":"2023-03-13T18:13:52","guid":{"rendered":"https:\/\/www.moskito.cz\/produkt\/pevny-noz-sog-tellus-fx-blaze\/"},"modified":"2025-05-07T10:47:25","modified_gmt":"2025-05-07T09:47:25","slug":"pevny-noz-sog-tellus-fx-blaze","status":"publish","type":"product","link":"https:\/\/www.moskito.cz\/sk\/produkt\/pevny-noz-sog-tellus-fx-blaze\/","title":{"rendered":"Pevn\u00fd N\u00f4\u017e SOG TELLUS FX BLAZE"},"content":{"rendered":"<p>Pevn\u00fd N\u00f4\u017e <strong>SOG<\/strong> TELLUS FX BLAZE<\/p>\n<p>Ako chrbtica tohto v\u00fdkonn\u00e9ho no\u017ea sl\u00fa\u017ei celoplo\u0161n\u00e1 \u010depe\u013e CYRO 440C so \u0161irok\u00fdm ramenom. S rukov\u00e4\u0165ou GRN sa \u013eahko manipuluje pri vykon\u00e1van\u00ed \u0161irokej \u0161k\u00e1ly bushcraftingov\u00fdch \u00faloh, aj ke\u010f je mokr\u00e1. Po\u0161va poskytuje flexibilitu v tom, ako a kde je mo\u017en\u00e9 n\u00f4\u017e bezpe\u010dne nosi\u0165. Obsahuje nastavite\u013en\u00e9 puzdro kompatibiln\u00e9 s UMS.<\/p>\n<p>Doma v lesoch alebo na poliach<br \/>\nTellus FX v plnej ve\u013ekosti je vysoko hodnotn\u00fd a spo\u013eahliv\u00fd n\u00f4\u017e s pevnou \u010depe\u013eou.<\/p>\n<p>PEVN\u00c1 \u010cAPIEL ZA ROZUMN\u00da CENU<br \/>\n\u010cepe\u013e z nerezovej ocele CYRO 440C s rukov\u00e4\u0165ou GRN a puzdro UMS dop\u013a\u0148aj\u00fa vlastnosti tohto ve\u013emi schopn\u00e9ho no\u017ea s pevnou \u010depe\u013eou.<\/p>\n<p>CYRO 440C NEREZ<br \/>\nNerezov\u00e1 oce\u013e CRYO 440C m\u00e1 dokonal\u00fa kombin\u00e1ciu vynikaj\u00facej odolnosti proti kor\u00f3zii a opotrebovaniu, ktor\u00e1 je vy\u017eadovan\u00e1 pre n\u00f4\u017e ur\u010den\u00fd pre n\u00e1ro\u010dn\u00e9 vonkaj\u0161ie pou\u017eitie. Povrchov\u00e1 \u00faprava Stonewashed pon\u00faka zv\u00fd\u0161en\u00fa odolnos\u0165 proti kor\u00f3zii a skr\u00fdva \u0161krabance, aby v\u00e1\u0161 n\u00f4\u017e st\u00e1le vyzeral skvele.<\/p>\n<p>RUKOV\u00c4\u0164 GRN<br \/>\nNylon je ob\u013e\u00faben\u00fdm materi\u00e1lom pre rukov\u00e4te no\u017eov pre svoju pevnos\u0165, odolnos\u0165 proti n\u00e1razu, chemick\u00fa inertnos\u0165 a stabilitu pri vysok\u00fdch teplot\u00e1ch. V\u0161etky tieto vlastnosti s\u00fa u Tellus FX vylep\u0161en\u00e9 pridan\u00edm sklenen\u00fdch vl\u00e1kien k nylonu, aby vznikol nov\u00fd a e\u0161te odolnej\u0161\u00ed materi\u00e1l, sklolamin\u00e1tom vystu\u017een\u00fd nylon (GRN).<\/p>\n<p>P\u00daZDRO KOMPATIBILN\u00c9 S UMS<br \/>\nPo\u0161va obsahuje najlep\u0161ie \u010dasti univerz\u00e1lneho mont\u00e1\u017eneho syst\u00e9mu SOG, \u010do umo\u017e\u0148uje bezpe\u010dn\u00e9, prisp\u00f4soben\u00e9 nosenie na \u0161irokej \u0161k\u00e1le outdoorov\u00fdch dobrodru\u017estiev.<\/p>\n<p>OCE\u013d: CRYO 440 (9Cr18MoV)<br \/>\nMATERI\u00c1L P\u00daZDRA: PP<br \/>\nHMOTNOS\u0164: 191 g<br \/>\nFARBA: oran\u017eov\u00e1<br \/>\nD\u0139\u017dKA \u010cEPELA: 10.8 cm<br \/>\nCELKOV\u00c1 VE\u013dKOS\u0164: 22.9 cm<br \/>\nMATERI\u00c1L RUKOV\u00c4TI: GRN<br \/>\nH\u013d\u00daBKA \u010cEPELA: 3,8 mm<\/p>\n<p>&nbsp;<\/p>\n","protected":false},"excerpt":{"rendered":"<p><strong>Tellus FX &#8211; n\u00f4\u017e s pevnou \u010depe\u013eou a hladk\u00fdm ostr\u00edm. \u00daplne ultim\u00e1tny pracovn\u00fd n\u00f4\u017e pre hrub\u00e9 zaobch\u00e1dzanie. Jeho uplatnenie n\u00e1jdete pri pou\u017e\u00edvan\u00ed v pr\u00edrode.<\/strong><\/p>\n","protected":false},"featured_media":242876,"comment_status":"open","ping_status":"closed","template":"","meta":[],"pwb-brand":[3231],"product_brand":[],"product_cat":[3187,3186],"product_tag":[3668],"class_list":{"0":"post-242893","1":"product","2":"type-product","3":"status-publish","4":"has-post-thumbnail","6":"pwb-brand-pevny-noz-sog-snarl","7":"product_cat-pevne-noze-sk","8":"product_cat-noze-sk","9":"product_tag-b2b-sk","11":"first","12":"instock","13":"taxable","14":"shipping-taxable","15":"purchasable","16":"product-type-simple"},"brands":[{"id":3231,"name":"Pevn\u00fd N\u00f4\u017e SOG SNARL","slug":"pevny-noz-sog-snarl"}],"_links":{"self":[{"href":"https:\/\/www.moskito.cz\/sk\/wp-json\/wp\/v2\/product\/242893","targetHints":{"allow":["GET"]}}],"collection":[{"href":"https:\/\/www.moskito.cz\/sk\/wp-json\/wp\/v2\/product"}],"about":[{"href":"https:\/\/www.moskito.cz\/sk\/wp-json\/wp\/v2\/types\/product"}],"replies":[{"embeddable":true,"href":"https:\/\/www.moskito.cz\/sk\/wp-json\/wp\/v2\/comments?post=242893"}],"wp:featuredmedia":[{"embeddable":true,"href":"https:\/\/www.moskito.cz\/sk\/wp-json\/wp\/v2\/media\/242876"}],"wp:attachment":[{"href":"https:\/\/www.moskito.cz\/sk\/wp-json\/wp\/v2\/media?parent=242893"}],"wp:term":[{"taxonomy":"pwb-brand","embeddable":true,"href":"https:\/\/www.moskito.cz\/sk\/wp-json\/wp\/v2\/pwb-brand?post=242893"},{"taxonomy":"product_brand","embeddable":true,"href":"https:\/\/www.moskito.cz\/sk\/wp-json\/wp\/v2\/product_brand?post=242893"},{"taxonomy":"product_cat","embeddable":true,"href":"https:\/\/www.moskito.cz\/sk\/wp-json\/wp\/v2\/product_cat?post=242893"},{"taxonomy":"product_tag","embeddable":true,"href":"https:\/\/www.moskito.cz\/sk\/wp-json\/wp\/v2\/product_tag?post=242893"}],"curies":[{"name":"wp","href":"https:\/\/api.w.org\/{rel}","templated":true}]}}