{"id":242969,"date":"2023-03-13T22:05:01","date_gmt":"2023-03-13T21:05:01","guid":{"rendered":"https:\/\/www.moskito.cz\/produkt\/pevny-noz-sog-aegis-fx-rescue-red-indigo\/"},"modified":"2025-05-07T10:47:27","modified_gmt":"2025-05-07T09:47:27","slug":"pevny-noz-sog-aegis-fx-rescue-red-indigo","status":"publish","type":"product","link":"https:\/\/www.moskito.cz\/sk\/produkt\/pevny-noz-sog-aegis-fx-rescue-red-indigo\/","title":{"rendered":"Pevn\u00fd N\u00f4\u017e SOG AEGIS FX RESCUE RED &amp; INDIGO"},"content":{"rendered":"<p>Pevn\u00fd N\u00f4\u017e <strong>SOG<\/strong> AEGIS FX RESCUE RED &amp; INDIGO<\/p>\n<p><strong>Aegis FX<\/strong> je neohrozen\u00fd a spo\u013eahliv\u00fd n\u00f4\u017e, ktor\u00fd m\u00e1 hra\u0165 neoddelite\u013en\u00fa rolu v akomko\u013evek outdoorovom dobrodru\u017estve. Jeho celoplo\u0161n\u00e1 \u010depe\u013e CRYO 4116 Krupp z nerezovej ocele je odoln\u00e1 proti kor\u00f3zii a trvalo dr\u017e\u00ed ostrie. Jeho adaptabiln\u00e9 puzdro kompatibiln\u00e9 s univerz\u00e1lnym mont\u00e1\u017enym syst\u00e9mom umo\u017e\u0148uje viac mo\u017enost\u00ed nosenia. Obsahuje rukov\u00e4\u0165 GRN s prelisovanou pogumovanou oblas\u0165ou na uchopenie pre v\u00e4\u010d\u0161ie pohodlie aj pri pou\u017eit\u00ed nieko\u013ek\u00fdch r\u00f4znych rukov\u00e4t\u00ed.<\/p>\n<p><strong>GRN A GUMOV\u00c1 RUKOV\u00c4\u0164<\/strong><br \/>\nRukov\u00e4\u0165 Aegis FX GRN s pogumovanou vlo\u017ekou a \u0161pecifickou text\u00farou zaru\u010duje ist\u00fd \u00fachop, ke\u010f je vonku zima a mokro.<\/p>\n<p><strong>CRYO 4116 KRUPPS STEEL<\/strong><br \/>\n4116 je jemnozrnn\u00e1 nerezov\u00e1 oce\u013e vyr\u00e1ban\u00e1 nemeck\u00fdmi v\u00fdrobcami ThyssenKrupp. Oce\u013e bola p\u00f4vodne vyvinut\u00e1 pre hygienick\u00e9 aplik\u00e1cie, ako je lek\u00e1rsky priemysel, kv\u00f4li jej neuverite\u013enej odolnosti proti kor\u00f3zii, neprekonate\u013enej pevnosti a vynikaj\u00facemu zachovaniu hr\u00e1n.<\/p>\n<p><strong>UMS P\u00daZDRO<\/strong><br \/>\nKonfigurovate\u013en\u00fd syst\u00e9m univerz\u00e1lneho mont\u00e1\u017ee SOG poskytuje rad mo\u017enost\u00ed nosenia, ktor\u00e9 s\u00fa kompatibiln\u00e9 s popruhmi, opaskami a MOLLE.<\/p>\n<p>CELKOV\u00c1 VE\u013dKOS\u0164: 22 cm<br \/>\nFARBA: Silver<br \/>\nOCE\u013d: CRYO KRUPP 4116<br \/>\nHMOTNOS\u0164: 139g<br \/>\nD\u0139\u017dKA \u010cEPELA: 9,3 cm<br \/>\nMATERI\u00c1L RUKOV\u00c4TI: 30% GRN \/ TPU<br \/>\nMATERI\u00c1L P\u00daZDRA: GRN<\/p>\n","protected":false},"excerpt":{"rendered":"<p><strong>Aegis FX je outdoorov\u00fd n\u00f4\u017e s pevnou \u010depe\u013eou a hladk\u00fdm ostr\u00edm. Ve\u013emi spo\u013eahliv\u00fd n\u00f4\u017e v\u010faka fulltang kon\u0161trukcii pre v\u0161etk\u00fdch dobrodruhov.<\/strong><\/p>\n","protected":false},"featured_media":242949,"comment_status":"open","ping_status":"closed","template":"","meta":[],"pwb-brand":[3231],"product_brand":[],"product_cat":[3186,3187],"product_tag":[3668],"class_list":{"0":"post-242969","1":"product","2":"type-product","3":"status-publish","4":"has-post-thumbnail","6":"pwb-brand-pevny-noz-sog-snarl","7":"product_cat-noze-sk","8":"product_cat-pevne-noze-sk","9":"product_tag-b2b-sk","11":"first","12":"instock","13":"taxable","14":"shipping-taxable","15":"purchasable","16":"product-type-simple"},"brands":[{"id":3231,"name":"Pevn\u00fd N\u00f4\u017e SOG SNARL","slug":"pevny-noz-sog-snarl"}],"_links":{"self":[{"href":"https:\/\/www.moskito.cz\/sk\/wp-json\/wp\/v2\/product\/242969","targetHints":{"allow":["GET"]}}],"collection":[{"href":"https:\/\/www.moskito.cz\/sk\/wp-json\/wp\/v2\/product"}],"about":[{"href":"https:\/\/www.moskito.cz\/sk\/wp-json\/wp\/v2\/types\/product"}],"replies":[{"embeddable":true,"href":"https:\/\/www.moskito.cz\/sk\/wp-json\/wp\/v2\/comments?post=242969"}],"wp:featuredmedia":[{"embeddable":true,"href":"https:\/\/www.moskito.cz\/sk\/wp-json\/wp\/v2\/media\/242949"}],"wp:attachment":[{"href":"https:\/\/www.moskito.cz\/sk\/wp-json\/wp\/v2\/media?parent=242969"}],"wp:term":[{"taxonomy":"pwb-brand","embeddable":true,"href":"https:\/\/www.moskito.cz\/sk\/wp-json\/wp\/v2\/pwb-brand?post=242969"},{"taxonomy":"product_brand","embeddable":true,"href":"https:\/\/www.moskito.cz\/sk\/wp-json\/wp\/v2\/product_brand?post=242969"},{"taxonomy":"product_cat","embeddable":true,"href":"https:\/\/www.moskito.cz\/sk\/wp-json\/wp\/v2\/product_cat?post=242969"},{"taxonomy":"product_tag","embeddable":true,"href":"https:\/\/www.moskito.cz\/sk\/wp-json\/wp\/v2\/product_tag?post=242969"}],"curies":[{"name":"wp","href":"https:\/\/api.w.org\/{rel}","templated":true}]}}