{"id":243017,"date":"2023-03-13T22:45:24","date_gmt":"2023-03-13T21:45:24","guid":{"rendered":"https:\/\/www.moskito.cz\/produkt\/pevny-noz-sog-trident-fx-blackout\/"},"modified":"2025-05-07T10:47:28","modified_gmt":"2025-05-07T09:47:28","slug":"pevny-noz-sog-trident-fx-blackout","status":"publish","type":"product","link":"https:\/\/www.moskito.cz\/sk\/produkt\/pevny-noz-sog-trident-fx-blackout\/","title":{"rendered":"Pevn\u00fd N\u00f4\u017e SOG TRIDENT FX BLACKOUT"},"content":{"rendered":"<p>Pevn\u00fd N\u016f\u017e SOG TRIDENT FX BLACKOUT<\/p>\n<p>Trident FX, postaven\u00fd v tradici tvrd\u00fdch no\u017e\u016f s pevnou \u010depel\u00ed SOG pro profesion\u00e1ln\u00ed u\u017eivatele, posouv\u00e1 hranice schopnost\u00ed, ale ne hmotnosti. Trident FX s hmotnost\u00ed n\u011bco m\u00e1lo p\u0159es 4 unce je m\u011b\u0159enou kombinac\u00ed s\u00edly a hbitosti, kter\u00e1 v\u00e1m umo\u017en\u00ed rychle se pohybovat, kdy\u017e na tom nejv\u00edce z\u00e1le\u017e\u00ed. Dod\u00e1v\u00e1 se s modernizovan\u00fdm pouzdrem, kter\u00e9 v\u00e1m umo\u017en\u00ed nosit jej, jak a kam pot\u0159ebujete.<\/p>\n<p>VYSOCE SCHOPN\u00dd N\u016e\u017d S PEVNOU \u010cEPEL\u00cd<br \/>\nTento robustn\u00ed a citliv\u00fd n\u016f\u017e s robustn\u00ed rukojet\u00ed GRN a 4,2palcovou ocelovou \u010depel\u00ed CRYO 4116 s pln\u00fdm z\u00e1b\u011brem je dod\u00e1v\u00e1n se speci\u00e1ln\u011b navr\u017een\u00fdm pouzdrem kompatibiln\u00edm s univerz\u00e1ln\u00edm mont\u00e1\u017en\u00edm syst\u00e9mem SOG, kter\u00e9 umo\u017e\u0148uje p\u0159izp\u016fsobiteln\u00e9 nastaven\u00ed, spolehliv\u00e9 p\u0159en\u00e1\u0161en\u00ed a rychl\u00e9 tasen\u00ed.<\/p>\n<p>Pouzdro je kompatibiln\u00ed s UMS<br \/>\nObojru\u010dn\u00ed a poskytuje v\u00edce mo\u017enost\u00ed mont\u00e1\u017ee a je vybaven bezn\u00e1strojov\u00fdm syst\u00e9mem nastavov\u00e1n\u00ed nap\u011bt\u00ed umo\u017e\u0148uj\u00edc\u00edm dokonal\u00e9 ta\u017een\u00ed.<\/p>\n<p>CRYO 4116 OCEL<br \/>\nSt\u0159eduhl\u00edkov\u00e1 n\u011bmeck\u00e1 nerezov\u00e1 ocel zn\u00e1m\u00e1 tak\u00e9 jako 4116. Podobn\u00e1 jako 420HC s dobrou odolnost\u00ed proti korozi, hou\u017eevnatost\u00ed, ostrost\u00ed a zachov\u00e1n\u00edm hran.<\/p>\n<p>GRN GRIP<br \/>\nRukoje\u0165 GRN se vyzna\u010duje v\u0161esm\u011brovou texturou, kter\u00e1 poskytuje spoustu n\u00e1kupu s rukavicemi i bez nich a prakticky ve v\u0161ech klimatick\u00fdch podm\u00ednk\u00e1ch.<\/p>\n<p>CELKOV\u00c1 D\u00c9LKA: 24 cm<br \/>\nD\u00c9LKA \u010cEPELE: 11 cm<br \/>\nTYP PRODUKTU: Pevn\u00e1 \u010depel<br \/>\nDOKON\u010cENI: TiNi<br \/>\nTYP HRANY:: Rovn\u00fd<br \/>\nTYP OCELOV\u00c9 \u010cEPELE: CRYO 4116<br \/>\nTVAR \u010cEPELE: Tanto<br \/>\nMATERI\u00c1L RUKOJETI: GRN<\/p>\n","protected":false},"excerpt":{"rendered":"<pre id=\"tw-target-text\" class=\"tw-data-text tw-text-large tw-ta\" dir=\"ltr\" data-placeholder=\"P\u0159eklad\"><span class=\"Y2IQFc\" lang=\"sk\">Trident FX, postaven\u00fd v trad\u00edcii tvrd\u00fdch no\u017eov s pevnou \u010depe\u013eou SOG pre profesion\u00e1lnych u\u017e\u00edvate\u013eov.<\/span><\/pre>\n","protected":false},"featured_media":242997,"comment_status":"open","ping_status":"closed","template":"","meta":[],"pwb-brand":[3231],"product_brand":[],"product_cat":[3186,3187],"product_tag":[3668],"class_list":{"0":"post-243017","1":"product","2":"type-product","3":"status-publish","4":"has-post-thumbnail","6":"pwb-brand-pevny-noz-sog-snarl","7":"product_cat-noze-sk","8":"product_cat-pevne-noze-sk","9":"product_tag-b2b-sk","11":"first","12":"instock","13":"taxable","14":"shipping-taxable","15":"purchasable","16":"product-type-simple"},"brands":[{"id":3231,"name":"Pevn\u00fd N\u00f4\u017e SOG SNARL","slug":"pevny-noz-sog-snarl"}],"_links":{"self":[{"href":"https:\/\/www.moskito.cz\/sk\/wp-json\/wp\/v2\/product\/243017","targetHints":{"allow":["GET"]}}],"collection":[{"href":"https:\/\/www.moskito.cz\/sk\/wp-json\/wp\/v2\/product"}],"about":[{"href":"https:\/\/www.moskito.cz\/sk\/wp-json\/wp\/v2\/types\/product"}],"replies":[{"embeddable":true,"href":"https:\/\/www.moskito.cz\/sk\/wp-json\/wp\/v2\/comments?post=243017"}],"wp:featuredmedia":[{"embeddable":true,"href":"https:\/\/www.moskito.cz\/sk\/wp-json\/wp\/v2\/media\/242997"}],"wp:attachment":[{"href":"https:\/\/www.moskito.cz\/sk\/wp-json\/wp\/v2\/media?parent=243017"}],"wp:term":[{"taxonomy":"pwb-brand","embeddable":true,"href":"https:\/\/www.moskito.cz\/sk\/wp-json\/wp\/v2\/pwb-brand?post=243017"},{"taxonomy":"product_brand","embeddable":true,"href":"https:\/\/www.moskito.cz\/sk\/wp-json\/wp\/v2\/product_brand?post=243017"},{"taxonomy":"product_cat","embeddable":true,"href":"https:\/\/www.moskito.cz\/sk\/wp-json\/wp\/v2\/product_cat?post=243017"},{"taxonomy":"product_tag","embeddable":true,"href":"https:\/\/www.moskito.cz\/sk\/wp-json\/wp\/v2\/product_tag?post=243017"}],"curies":[{"name":"wp","href":"https:\/\/api.w.org\/{rel}","templated":true}]}}