{"id":243041,"date":"2023-03-13T23:13:09","date_gmt":"2023-03-13T22:13:09","guid":{"rendered":"https:\/\/www.moskito.cz\/produkt\/multifunkcne-klieste-sog-powerlock-nylon-sheath\/"},"modified":"2025-05-07T10:47:28","modified_gmt":"2025-05-07T09:47:28","slug":"multifunkcne-klieste-sog-powerlock-nylon-sheath","status":"publish","type":"product","link":"https:\/\/www.moskito.cz\/sk\/produkt\/multifunkcne-klieste-sog-powerlock-nylon-sheath\/","title":{"rendered":"Multifunk\u010dn\u00e9 Klie\u0161te SOG POWERLOCK NYLON SHEATH"},"content":{"rendered":"<p>Multifunk\u010dn\u00e9 Klie\u0161te SOG POWERLOCK NYLON SHEATH<\/p>\n<p>Ako jeden z p\u00f4vodn\u00fdch v\u00fdrobcov multifunk\u010dn\u00e9ho n\u00e1radia sme sa za tie roky nau\u010dili celkom dos\u0165. Vr\u00e1tane tohto multifunk\u010dn\u00e9ho n\u00e1stroja s 18 n\u00e1strojmi postaven\u00e9ho na mechanizme Compound Leverage spolo\u010dnosti SOG. Dali ste n\u00e1m vedie\u0165, \u017ee r\u00fdchly pr\u00edstup je nutnos\u0165ou. Jednoducho jednou rukou vyklopte na\u0161e n\u00e1stroje a uvid\u00edte sami, ako dobre sme po\u010d\u00favali. V\u0161estrannos\u0165 v ter\u00e9ne je nutnos\u0165ou a robustn\u00e1 kon\u0161trukcia umo\u017e\u0148uje pr\u00edstup. Existuje tie\u017e nespo\u010detn\u00e9 mno\u017estvo funkci\u00ed, ktor\u00e9 mo\u017eno neuvid\u00edte, napr\u00edklad na\u0161e p\u00edly re\u017e\u00fa r\u00fdchlej\u0161ie a na\u0161e piln\u00edky sa lep\u0161ie oholia. A ke\u010f u\u017e ste pri tom, pozrite sa na jedny z najlep\u0161\u00edch no\u017en\u00edc v odbore. M\u00e1 toto v\u0161etko zmysel? Stav\u00edte sa, \u017ee to je d\u00f4vod, pre\u010do ved\u00faci vojenskej sily vol\u00ed SOG!<\/p>\n<p>18 n\u00e1strojov na dosah ruky<br \/>\nObsahuje chapa\u010d, n\u00f4\u017e na tvrd\u00fd dr\u00f4t, krimpova\u010d dr\u00f4tu, krimpova\u010d trysiek, dvojzub\u00fa p\u00edlku na drevo, \u010diasto\u010dne z\u00fabkovan\u00fa \u010depe\u013e, 3strann\u00fd piln\u00edk, ve\u013ek\u00fd skrutkova\u010d, kr\u00ed\u017eov\u00fd skrutkova\u010d, 1\/4\u201d pohon, \u0161idlo, otv\u00e1ra\u010d na konzervy, mal\u00fd skrutkova\u010d, f\u013ea\u0161a stredn\u00fd skrutkova\u010d, no\u017enice a prav\u00edtka.<\/p>\n<p>420 NEREZ<br \/>\nNerezov\u00e1 oce\u013e 420 poskytuje odolnos\u0165 proti kor\u00f3zii a zv\u00fd\u0161en\u00fa pevnos\u0165 a tvrdos\u0165.<\/p>\n<p>Patentovan\u00e1 technol\u00f3gia Compound Leverage spolo\u010dnosti SOG vyu\u017e\u00edva viac oto\u010dn\u00fdch bodov, ktor\u00e9 generuj\u00fa v\u00e4\u010d\u0161\u00ed zdvih rukov\u00e4te vo vz\u0165ahu k pohybu klie\u0161t\u00ed. V\u00fdsledkom je v\u00fdhoda p\u00e1kov\u00e9ho efektu pribli\u017ene dvojn\u00e1sobku v\u00fdkonu be\u017en\u00e9ho multifunk\u010dn\u00e9ho n\u00e1radia, v\u010faka \u010domu je ka\u017ed\u00fd rez hlad\u0161\u00ed a jednoduch\u0161\u00ed.<\/p>\n<p>ZARIADENIE EOD CRIMPER<br \/>\nUmiestnen\u00fd vo vn\u00fatri rukov\u00e4te, aby sa minimalizovalo ved\u013eaj\u0161ie po\u0161kodenie krimpovacieho zariadenia a umo\u017enilo pln\u00e9 vyu\u017eitie nepreru\u0161ovan\u00e9ho povrchu klie\u0161t\u00ed. Krimpovacie krimpovacie zariadenie vytv\u00e1ra nezvlnen\u00e9 krimpy s vysokou pevnos\u0165ou v vy\u0165ahovan\u00ed, ktor\u00e9 sp\u013a\u0148aj\u00fa vl\u00e1dne \u0161pecifik\u00e1cie poistiek.<\/p>\n<p>D\u0139\u017dKA RUKOV\u00c4TI: 11.7 cm<br \/>\nFARBA: Silver<br \/>\nOCE\u013d: 420 Stainless<br \/>\nH\u013d\u00daBKA \u010cEPELA: 2 mm<br \/>\nD\u0139\u017dKA \u010cEPELA: 7 cm<br \/>\nHMOTNOS\u0164: 272 g<br \/>\nMATERI\u00c1L P\u00daZDRA: Synthetic Fabric<br \/>\nMATERI\u00c1L RUKOV\u00c4TI: 420 Stainless Steel<\/p>\n","protected":false},"excerpt":{"rendered":"<p>Odoln\u00fd multifunk\u010dn\u00fd n\u00e1stroj postaven\u00fd na patentovanom syst\u00e9me SOG Compound Leverage, ktor\u00fd poskytuje dvojn\u00e1sobn\u00fa silu \u00fachopu a rezu.<\/p>\n","protected":false},"featured_media":243021,"comment_status":"open","ping_status":"closed","template":"","meta":[],"pwb-brand":[3231],"product_brand":[],"product_cat":[3342],"product_tag":[3668],"class_list":{"0":"post-243041","1":"product","2":"type-product","3":"status-publish","4":"has-post-thumbnail","6":"pwb-brand-pevny-noz-sog-snarl","7":"product_cat-multi-tool-sk","8":"product_tag-b2b-sk","10":"first","11":"instock","12":"taxable","13":"shipping-taxable","14":"purchasable","15":"product-type-simple"},"brands":[{"id":3231,"name":"Pevn\u00fd N\u00f4\u017e SOG SNARL","slug":"pevny-noz-sog-snarl"}],"_links":{"self":[{"href":"https:\/\/www.moskito.cz\/sk\/wp-json\/wp\/v2\/product\/243041","targetHints":{"allow":["GET"]}}],"collection":[{"href":"https:\/\/www.moskito.cz\/sk\/wp-json\/wp\/v2\/product"}],"about":[{"href":"https:\/\/www.moskito.cz\/sk\/wp-json\/wp\/v2\/types\/product"}],"replies":[{"embeddable":true,"href":"https:\/\/www.moskito.cz\/sk\/wp-json\/wp\/v2\/comments?post=243041"}],"wp:featuredmedia":[{"embeddable":true,"href":"https:\/\/www.moskito.cz\/sk\/wp-json\/wp\/v2\/media\/243021"}],"wp:attachment":[{"href":"https:\/\/www.moskito.cz\/sk\/wp-json\/wp\/v2\/media?parent=243041"}],"wp:term":[{"taxonomy":"pwb-brand","embeddable":true,"href":"https:\/\/www.moskito.cz\/sk\/wp-json\/wp\/v2\/pwb-brand?post=243041"},{"taxonomy":"product_brand","embeddable":true,"href":"https:\/\/www.moskito.cz\/sk\/wp-json\/wp\/v2\/product_brand?post=243041"},{"taxonomy":"product_cat","embeddable":true,"href":"https:\/\/www.moskito.cz\/sk\/wp-json\/wp\/v2\/product_cat?post=243041"},{"taxonomy":"product_tag","embeddable":true,"href":"https:\/\/www.moskito.cz\/sk\/wp-json\/wp\/v2\/product_tag?post=243041"}],"curies":[{"name":"wp","href":"https:\/\/api.w.org\/{rel}","templated":true}]}}