{"id":243268,"date":"2024-07-31T00:05:52","date_gmt":"2024-07-30T23:05:52","guid":{"rendered":"https:\/\/www.moskito.cz\/produkt\/nuz-weknife-reazio\/"},"modified":"2025-05-07T10:47:33","modified_gmt":"2025-05-07T09:47:33","slug":"nuz-weknife-reazio","status":"publish","type":"product","link":"https:\/\/www.moskito.cz\/sk\/produkt\/nuz-weknife-reazio\/","title":{"rendered":"n\u016f\u017e WEKNIFE Reazio"},"content":{"rendered":"<p>n\u016f\u017e  &#038; WEKNIFE Reazio  &#038; EDC knife  &#038; CPM 20CV Steel\u00a0<\/p>\n","protected":false},"excerpt":{"rendered":"<p>n\u016f\u017e  &#038; WEKNIFE Reazio  &#038; EDC knife  &#038; CPM 20CV Steel\u00a0<\/p>\n","protected":false},"featured_media":243270,"comment_status":"closed","ping_status":"open","template":"","meta":[],"pwb-brand":[3076],"product_brand":[],"product_cat":[17,23],"product_tag":[],"class_list":{"0":"post-243268","1":"product","2":"type-product","3":"status-publish","4":"has-post-thumbnail","6":"pwb-brand-weknife","7":"product_cat-noze","8":"product_cat-pevne-noze","10":"first","11":"instock","12":"purchasable","13":"product-type-simple"},"brands":[{"id":3076,"name":"WEKNIFE","slug":"weknife"}],"_links":{"self":[{"href":"https:\/\/www.moskito.cz\/sk\/wp-json\/wp\/v2\/product\/243268","targetHints":{"allow":["GET"]}}],"collection":[{"href":"https:\/\/www.moskito.cz\/sk\/wp-json\/wp\/v2\/product"}],"about":[{"href":"https:\/\/www.moskito.cz\/sk\/wp-json\/wp\/v2\/types\/product"}],"replies":[{"embeddable":true,"href":"https:\/\/www.moskito.cz\/sk\/wp-json\/wp\/v2\/comments?post=243268"}],"wp:featuredmedia":[{"embeddable":true,"href":"https:\/\/www.moskito.cz\/sk\/wp-json\/wp\/v2\/media\/243270"}],"wp:attachment":[{"href":"https:\/\/www.moskito.cz\/sk\/wp-json\/wp\/v2\/media?parent=243268"}],"wp:term":[{"taxonomy":"pwb-brand","embeddable":true,"href":"https:\/\/www.moskito.cz\/sk\/wp-json\/wp\/v2\/pwb-brand?post=243268"},{"taxonomy":"product_brand","embeddable":true,"href":"https:\/\/www.moskito.cz\/sk\/wp-json\/wp\/v2\/product_brand?post=243268"},{"taxonomy":"product_cat","embeddable":true,"href":"https:\/\/www.moskito.cz\/sk\/wp-json\/wp\/v2\/product_cat?post=243268"},{"taxonomy":"product_tag","embeddable":true,"href":"https:\/\/www.moskito.cz\/sk\/wp-json\/wp\/v2\/product_tag?post=243268"}],"curies":[{"name":"wp","href":"https:\/\/api.w.org\/{rel}","templated":true}]}}