{"id":243479,"date":"2023-03-15T21:51:45","date_gmt":"2023-03-15T20:51:45","guid":{"rendered":"https:\/\/www.moskito.cz\/produkt\/zatvaraci-noz-microtech-anax-combo-blade-titanium-handle-with-carbon-190c-2dlctcfiti\/"},"modified":"2025-05-07T10:47:49","modified_gmt":"2025-05-07T09:47:49","slug":"zatvaraci-noz-microtech-anax-combo-blade-titanium-handle-with-carbon-190c-2dlctcfiti","status":"publish","type":"product","link":"https:\/\/www.moskito.cz\/sk\/produkt\/zatvaraci-noz-microtech-anax-combo-blade-titanium-handle-with-carbon-190c-2dlctcfiti\/","title":{"rendered":"Zatv\u00e1rac\u00ed N\u00f4\u017e Microtech Anax Combo Blade Titanium Handle with Carbon 190C-2DLCTCFITI"},"content":{"rendered":"<p>Zatv\u00e1rac\u00ed N\u00f4\u017e <strong>Microtech<\/strong> Anax Combo Blade Titanium Handle with Carbon 190C-2DLCTCFITI<\/p>\n<p><strong>Anax<\/strong> , navrhnut\u00fd spolo\u010dnos\u0165ou Microtech a vyroben\u00fd spolo\u010dnos\u0165ou Rike Knife, je st\u00e1le plne integr\u00e1lnym kusom. M\u00e1 \u00fa\u017easn\u00fa ve\u013ekos\u0165 \u010depele a pomer \u0161\u00edrky k rukov\u00e4ti a poskytuje mno\u017estvo rezn\u00e9ho v\u00fdkonu v tenkom, \u0161t\u00edhlom, ale robustnom balen\u00ed. Tvar \u010depele drop point je vynikaj\u00faci &#8211; poskytuje dostatok brucha na kr\u00e1janie a m\u00e1 v\u00fdnimo\u010dne siln\u00fa \u0161pi\u010dku pre bodn\u00fa silu. Je vyroben\u00e1 z nerezovej ocele M390, ktor\u00e1 je rovnako esteticky kr\u00e1sna ako ak\u00e1ko\u013evek \u010depe\u013e. Ve\u013ekos\u0165 Anax je ide\u00e1lna, ak d\u00e1vate prednos\u0165 v\u00e4\u010d\u0161ej \u010depeli EDC, ktor\u00e1 sa m\u00f4\u017ee \u013eahko ohn\u00fa\u0165 aj do taktickej role. Rukov\u00e4\u0165 je z jedn\u00e9ho pevn\u00e9ho kusu tit\u00e1nu zv\u00fdraznen\u00e9ho vlo\u017ekou z uhl\u00edkov\u00fdch vl\u00e1kien na prezenta\u010dnej ve\u013ekosti. V\u0161etko na tomto no\u017ei kri\u010d\u00ed kvalitou a je to ten, ktor\u00fd budete chcie\u0165 nosi\u0165 ka\u017ed\u00fd de\u0148; ur\u010dite sa behom okamihu stane ob\u013e\u00fabenou zbierkou. Dod\u00e1va sa s p\u00e1rom odn\u00edmate\u013en\u00fdch laniek a bitov pre \u010dap a hardv\u00e9r.<\/p>\n<p>Celkov\u00e1 d\u013a\u017eka: 21.8 cm<br \/>\nD\u013a\u017eka \u010depele: 9.4 cm<br \/>\nHr\u00fabka \u010depele: 0.4 cm<br \/>\nOce\u013e \u010depele: M390<br \/>\nPovrchov\u00e1 \u00faprava \u010depele: DLC<br \/>\nMateri\u00e1l rukov\u00e4te: Titan \u2013 Carbon Fiber<br \/>\nVreckov\u00fd klip: \u00c1no, iba pre prav\u00fa ruku, \u0161pi\u010dkou hore<br \/>\nTyp z\u00e1mku: R\u00e1mov\u00fd z\u00e1mok<\/p>\n<p><iframe title=\"Microtech Combat Troodon Torture Test\" width=\"800\" height=\"450\" src=\"https:\/\/www.youtube.com\/embed\/xE9TeOFYEjg?feature=oembed\" frameborder=\"0\" allow=\"accelerometer; autoplay; clipboard-write; encrypted-media; gyroscope; picture-in-picture; web-share\" allowfullscreen><\/iframe><\/p>\n<p>&nbsp;<\/p>\n","protected":false},"excerpt":{"rendered":"<p>V priebehu rokov <strong>Microtech\u00ae<\/strong> Knives naplnil v\u00e1\u0161\u0148ou a zru\u010dnos\u0165ou v\u00fdrobu no\u017eov, a\u017e z nich vytvoril takmer umeleck\u00e9 diela, ktor\u00e9 s\u00fa vrcholom funk\u010dnosti. V\u0161etky diely s\u00fa vyroden\u00e9 v USA.<br \/>\n<strong>Na v\u0161etky no\u017ee Microtech je do\u017eivotn\u00e1 z\u00e1ruka (min. 80 000 cyklov, otvorenie a zatvorenie)<\/strong><\/p>\n<p><strong>Doprava zadarmo.<\/strong><\/p>\n","protected":false},"featured_media":243462,"comment_status":"open","ping_status":"closed","template":"","meta":[],"pwb-brand":[3200],"product_brand":[],"product_cat":[3186,3233],"product_tag":[3668],"class_list":{"0":"post-243479","1":"product","2":"type-product","3":"status-publish","4":"has-post-thumbnail","6":"pwb-brand-microtech-sk","7":"product_cat-noze-sk","8":"product_cat-zatvaracie-noze","9":"product_tag-b2b-sk","11":"first","12":"instock","13":"taxable","14":"shipping-taxable","15":"purchasable","16":"product-type-simple"},"brands":[{"id":3200,"name":"Microtech","slug":"microtech-sk"}],"_links":{"self":[{"href":"https:\/\/www.moskito.cz\/sk\/wp-json\/wp\/v2\/product\/243479","targetHints":{"allow":["GET"]}}],"collection":[{"href":"https:\/\/www.moskito.cz\/sk\/wp-json\/wp\/v2\/product"}],"about":[{"href":"https:\/\/www.moskito.cz\/sk\/wp-json\/wp\/v2\/types\/product"}],"replies":[{"embeddable":true,"href":"https:\/\/www.moskito.cz\/sk\/wp-json\/wp\/v2\/comments?post=243479"}],"wp:featuredmedia":[{"embeddable":true,"href":"https:\/\/www.moskito.cz\/sk\/wp-json\/wp\/v2\/media\/243462"}],"wp:attachment":[{"href":"https:\/\/www.moskito.cz\/sk\/wp-json\/wp\/v2\/media?parent=243479"}],"wp:term":[{"taxonomy":"pwb-brand","embeddable":true,"href":"https:\/\/www.moskito.cz\/sk\/wp-json\/wp\/v2\/pwb-brand?post=243479"},{"taxonomy":"product_brand","embeddable":true,"href":"https:\/\/www.moskito.cz\/sk\/wp-json\/wp\/v2\/product_brand?post=243479"},{"taxonomy":"product_cat","embeddable":true,"href":"https:\/\/www.moskito.cz\/sk\/wp-json\/wp\/v2\/product_cat?post=243479"},{"taxonomy":"product_tag","embeddable":true,"href":"https:\/\/www.moskito.cz\/sk\/wp-json\/wp\/v2\/product_tag?post=243479"}],"curies":[{"name":"wp","href":"https:\/\/api.w.org\/{rel}","templated":true}]}}