{"id":243587,"date":"2023-03-16T20:10:26","date_gmt":"2023-03-16T19:10:26","guid":{"rendered":"https:\/\/www.moskito.cz\/produkt\/vystrelovaci-noz-microtech-utx-85-orange-232-3or\/"},"modified":"2025-05-07T10:47:52","modified_gmt":"2025-05-07T09:47:52","slug":"vystrelovaci-noz-microtech-utx-85-orange-232-3or","status":"publish","type":"product","link":"https:\/\/www.moskito.cz\/sk\/produkt\/vystrelovaci-noz-microtech-utx-85-orange-232-3or\/","title":{"rendered":"Vystre\u013eovac\u00ed N\u00f4\u017e Microtech UTX-85 Orange 232-3OR"},"content":{"rendered":"<p>Vystre\u013eovac\u00ed N\u00f4\u017e <strong>Microtech<\/strong> UTX-85 Orange 232-3OR<\/p>\n<p>N\u00f4\u017e <strong>Microtech UTX-85<\/strong> OTF je perfektnou kombin\u00e1ciou kompaktnej ve\u013ekosti a ve\u013ek\u00e9ho v\u00fdkonu. Pri ve\u013ekosti 85% Ultratech je <strong>Microtech UTX-85<\/strong> vyroben\u00fd z rovnak\u00fdch materi\u00e1lov, na rovnak\u00fdch strojoch as rovnakou vynaliezavos\u0165ou ako jeho predchodca. <strong>Microtech UTX-85<\/strong> je perfektn\u00fd n\u00f4\u017e pre v\u0161etky situ\u00e1cie \u2013 bez oh\u013eadu na to, ak\u00fa \u00falohu re\u017eete; bude hladko zapada\u0165 do v\u00e1\u0161ho \u017eivotn\u00e9ho \u0161t\u00fdlu. V\u010faka r\u00fdchlemu otv\u00e1raniu a zatv\u00e1raniu jednou rukou zvl\u00e1dne pr\u00e1cu v priebehu nieko\u013ek\u00fdch sek\u00fand. Vybaven\u00e9 obojstrann\u00fdm vreckov\u00fdm klipom a kompaktnou ve\u013ekos\u0165ou, je to perfektn\u00e1 vo\u013eba pre ka\u017edodenn\u00e9 pou\u017eitie a nosenie.<\/p>\n<p>Celkov\u00e1 d\u013a\u017eka: 18.3 cm<br \/>\nD\u013a\u017eka v zatvorenom stave: 10.3 cm<br \/>\nD\u013a\u017eka \u010depele: 7.8 cm<br \/>\nHr\u00fabka \u010depele: 0.323 cm<br \/>\n\u010cepe\u013e oce\u013e: Elmax, M390 alebo 204P<br \/>\nPovrchov\u00e1 \u00faprava \u010depele: \u010dierna<br \/>\n\u0160t\u00fdl \u010depele: Drop Point<br \/>\n\u0160t\u00fdl okraja: Pln\u00e9 z\u00fabkovanie<br \/>\nMateri\u00e1l rukov\u00e4te: Oran\u017eov\u00fd hlin\u00edk<br \/>\nHr\u00fabka rukov\u00e4te: 1.3 cm<br \/>\nVreckov\u00fd klip: Tip-Down<br \/>\nHmotnos\u0165: 82,22 g<br \/>\nV\u00fdrobca Ref. #: 232-3OR<br \/>\nKrajina p\u00f4vodu: USA<\/p>\n<p><iframe title=\"Microtech Combat Troodon Torture Test\" width=\"800\" height=\"450\" src=\"https:\/\/www.youtube.com\/embed\/xE9TeOFYEjg?feature=oembed\" frameborder=\"0\" allow=\"accelerometer; autoplay; clipboard-write; encrypted-media; gyroscope; picture-in-picture; web-share\" allowfullscreen><\/iframe><\/p>\n<p>&nbsp;<\/p>\n<p>&nbsp;<\/p>\n","protected":false},"excerpt":{"rendered":"<p>V priebehu rokov <strong>Microtech\u00ae Knives<\/strong> naplnil v\u00e1\u0161\u0148ou a zru\u010dnos\u0165ou v\u00fdrobu no\u017eov, a\u017e z nich vytvoril takmer umeleck\u00e9 diela, ktor\u00e9 s\u00fa vrcholom funk\u010dnosti. V\u0161etky diely s\u00fa vyroben\u00e9 v USA.<br \/>\n<strong>Na v\u0161etky no\u017ee Microtech je do\u017eivotn\u00e1 z\u00e1ruka.<\/strong><\/p>\n<p><strong>Doprava zadarmo.<\/strong><\/p>\n","protected":false},"featured_media":243573,"comment_status":"open","ping_status":"closed","template":"","meta":[],"pwb-brand":[3200],"product_brand":[],"product_cat":[3186,3197],"product_tag":[3668],"class_list":{"0":"post-243587","1":"product","2":"type-product","3":"status-publish","4":"has-post-thumbnail","6":"pwb-brand-microtech-sk","7":"product_cat-noze-sk","8":"product_cat-vystrelovacie-noze-sk","9":"product_tag-b2b-sk","11":"first","12":"outofstock","13":"taxable","14":"shipping-taxable","15":"purchasable","16":"product-type-simple"},"brands":[{"id":3200,"name":"Microtech","slug":"microtech-sk"}],"_links":{"self":[{"href":"https:\/\/www.moskito.cz\/sk\/wp-json\/wp\/v2\/product\/243587","targetHints":{"allow":["GET"]}}],"collection":[{"href":"https:\/\/www.moskito.cz\/sk\/wp-json\/wp\/v2\/product"}],"about":[{"href":"https:\/\/www.moskito.cz\/sk\/wp-json\/wp\/v2\/types\/product"}],"replies":[{"embeddable":true,"href":"https:\/\/www.moskito.cz\/sk\/wp-json\/wp\/v2\/comments?post=243587"}],"wp:featuredmedia":[{"embeddable":true,"href":"https:\/\/www.moskito.cz\/sk\/wp-json\/wp\/v2\/media\/243573"}],"wp:attachment":[{"href":"https:\/\/www.moskito.cz\/sk\/wp-json\/wp\/v2\/media?parent=243587"}],"wp:term":[{"taxonomy":"pwb-brand","embeddable":true,"href":"https:\/\/www.moskito.cz\/sk\/wp-json\/wp\/v2\/pwb-brand?post=243587"},{"taxonomy":"product_brand","embeddable":true,"href":"https:\/\/www.moskito.cz\/sk\/wp-json\/wp\/v2\/product_brand?post=243587"},{"taxonomy":"product_cat","embeddable":true,"href":"https:\/\/www.moskito.cz\/sk\/wp-json\/wp\/v2\/product_cat?post=243587"},{"taxonomy":"product_tag","embeddable":true,"href":"https:\/\/www.moskito.cz\/sk\/wp-json\/wp\/v2\/product_tag?post=243587"}],"curies":[{"name":"wp","href":"https:\/\/api.w.org\/{rel}","templated":true}]}}