{"id":243676,"date":"2023-03-17T20:48:49","date_gmt":"2023-03-17T19:48:49","guid":{"rendered":"https:\/\/www.moskito.cz\/produkt\/zatvaracie-noze-microtech-suprava-signature-series-ultratech-molon-labe-bronze-apocalyptic-hellhound-tanto-and-warhound\/"},"modified":"2025-05-07T10:47:53","modified_gmt":"2025-05-07T09:47:53","slug":"zatvaracie-noze-microtech-suprava-signature-series-ultratech-molon-labe-bronze-apocalyptic-hellhound-tanto-and-warhound","status":"publish","type":"product","link":"https:\/\/www.moskito.cz\/sk\/produkt\/zatvaracie-noze-microtech-suprava-signature-series-ultratech-molon-labe-bronze-apocalyptic-hellhound-tanto-and-warhound\/","title":{"rendered":"Zatv\u00e1racie No\u017ee Microtech S\u00faprava Signature Series Ultratech Molon Labe Bronze Apocalyptic Hellhound Tanto and Warhound"},"content":{"rendered":"<p>Zatv\u00e1racie No\u017ee <strong>Microtech<\/strong> S\u00faprava Signature Series Ultratech Molon Labe Bronze Apocalyptic Hellhound Tanto and Warhound<\/p>\n<p><strong>Ultratech<\/strong> nav\u017edy nastav\u00ed \u0161tandard pre v\u0161etky predn\u00e9 no\u017ee. Ultratech je origin\u00e1lny dvoj\u010dinn\u00fd predn\u00fd n\u00f4\u017e Microtech a bol z\u00e1kladom cel\u00e9ho radu OTF. V priebehu rokov pre\u0161iel nieko\u013ek\u00fdmi \u00fapravami, zaka\u017ed\u00fdm sa stal \u00fa\u010dinnej\u0161\u00edm a spo\u013eahlivej\u0161\u00edm. T\u00e1to verzia m\u00e1 vylep\u0161en\u00fa text\u00faru tri-grip na palcovom skl\u00ed\u010dku pre pozit\u00edvnej\u0161\u00ed n\u00e1kup a zaoblen\u00fd, ale funk\u010dn\u00fd rozb\u00edja\u010d skla. Pru\u017eina Ultratechu zost\u00e1va v \u201ek\u013eudovej\u201c polohe po cel\u00fa dobu, s v\u00fdnimkou roztiahnutia. T\u00fdm je zaisten\u00e9, \u017ee sa stla\u010den\u00e1 pru\u017eina neunav\u00ed, \u010do pou\u017e\u00edvate\u013eom zais\u0165uje, \u017ee ke\u010f je n\u00f4\u017e vystrelen\u00fd, bude fungova\u0165 efekt\u00edvne. \u010cierne hlin\u00edkov\u00e9 rukov\u00e4te maj\u00fa ka\u017ed\u00fa polovicu spartskej helmy s gr\u00e9ckym cit\u00e1tom \u201eMolon Labe\u201c, ktor\u00fd presl\u00e1vil kr\u00e1\u013e Leonidas v Thermopyl\u00e1ch, na bronzovej apokalyptickej \u010depeli drop point, \u010do v preklade znamen\u00e1 \u201epr\u00eds\u0165 a vzia\u0165\u201c. \u013dahk\u00fd n\u00f4\u017e Ultratech s mo\u017enos\u0165ou otv\u00e1rania a zatv\u00e1rania jednou rukou, tenk\u00fd tvar a ostr\u00e1 \u010depe\u013e na skalpel z neho rob\u00ed jedine\u010dn\u00fd n\u00f4\u017e dostupn\u00fd iba prostredn\u00edctvom Microtech. Tento n\u00f4\u017e znova a znova preuk\u00e1zal, \u017ee odol\u00e1 akejko\u013evek prek\u00e1\u017eke.<\/p>\n<p>\u0160pecifik\u00e1cia<br \/>\nAutomatick\u00e9 otv\u00e1ranie\/zatv\u00e1ranie &#8211; predn\u00fd otv\u00e1ra\u010d<br \/>\nAkcia: Dual Action &#8211; Auto Fire\/Retract<br \/>\nOce\u013e: M390<br \/>\nD\u013a\u017eka \u010depele: 8.65 cm<br \/>\n\u0160t\u00fdly \u010depel\u00ed: Hellhound Tanto a Warhound<br \/>\nPovrchov\u00e1 \u00faprava \u010depele: Bronzov\u00e1 apokalyptick\u00e1<br \/>\nHr\u00fabka rukov\u00e4te: 1.6 cm<br \/>\nMateri\u00e1l rukov\u00e4te: Black Mil-Spec Hard Coat Eloxovan\u00fd hlin\u00edk 6061-T6, Molon Labe<br \/>\nD\u013a\u017eka v otvorenom stave: 21 cm<br \/>\nMateri\u00e1l vreckov\u00e9 spony: 301 nerez<br \/>\n\u0160tandardn\u00e9 horn\u00e9: 6061-T6 AL zliatina<br \/>\nSp\u00fa\u0161\u0165: 303 Nerez<br \/>\nHmotnos\u0165: 3,4 oz.<br \/>\nRozb\u00edja\u010d okien<br \/>\nVyroben\u00e9 v USA<\/p>\n<p><iframe title=\"Microtech Combat Troodon Torture Test\" width=\"800\" height=\"450\" src=\"https:\/\/www.youtube.com\/embed\/xE9TeOFYEjg?feature=oembed\" frameborder=\"0\" allow=\"accelerometer; autoplay; clipboard-write; encrypted-media; gyroscope; picture-in-picture; web-share\" allowfullscreen><\/iframe><\/p>\n<p>&nbsp;<\/p>\n","protected":false},"excerpt":{"rendered":"<p>V priebehu rokov <strong>Microtech\u00ae<\/strong> Knives naplnil v\u00e1\u0161\u0148ou a zru\u010dnos\u0165ou v\u00fdrobu no\u017eov, a\u017e z nich vytvoril takmer umeleck\u00e9 diela, ktor\u00e9 s\u00fa vrcholom funk\u010dnosti. V\u0161etky diely s\u00fa vyroben\u00e9 v USA.<br \/>\n<strong>Na v\u0161etky no\u017ee Microtech je do\u017eivotn\u00e1 z\u00e1ruka (min. 80 000 cyklov, otvorenie a zatvorenie)<\/strong><\/p>\n<p><strong>Doprava zadarmo.<\/strong><\/p>\n","protected":false},"featured_media":243644,"comment_status":"open","ping_status":"closed","template":"","meta":[],"pwb-brand":[3200],"product_brand":[],"product_cat":[3186,3197],"product_tag":[3668],"class_list":{"0":"post-243676","1":"product","2":"type-product","3":"status-publish","4":"has-post-thumbnail","6":"pwb-brand-microtech-sk","7":"product_cat-noze-sk","8":"product_cat-vystrelovacie-noze-sk","9":"product_tag-b2b-sk","11":"first","12":"instock","13":"taxable","14":"shipping-taxable","15":"purchasable","16":"product-type-simple"},"brands":[{"id":3200,"name":"Microtech","slug":"microtech-sk"}],"_links":{"self":[{"href":"https:\/\/www.moskito.cz\/sk\/wp-json\/wp\/v2\/product\/243676","targetHints":{"allow":["GET"]}}],"collection":[{"href":"https:\/\/www.moskito.cz\/sk\/wp-json\/wp\/v2\/product"}],"about":[{"href":"https:\/\/www.moskito.cz\/sk\/wp-json\/wp\/v2\/types\/product"}],"replies":[{"embeddable":true,"href":"https:\/\/www.moskito.cz\/sk\/wp-json\/wp\/v2\/comments?post=243676"}],"wp:featuredmedia":[{"embeddable":true,"href":"https:\/\/www.moskito.cz\/sk\/wp-json\/wp\/v2\/media\/243644"}],"wp:attachment":[{"href":"https:\/\/www.moskito.cz\/sk\/wp-json\/wp\/v2\/media?parent=243676"}],"wp:term":[{"taxonomy":"pwb-brand","embeddable":true,"href":"https:\/\/www.moskito.cz\/sk\/wp-json\/wp\/v2\/pwb-brand?post=243676"},{"taxonomy":"product_brand","embeddable":true,"href":"https:\/\/www.moskito.cz\/sk\/wp-json\/wp\/v2\/product_brand?post=243676"},{"taxonomy":"product_cat","embeddable":true,"href":"https:\/\/www.moskito.cz\/sk\/wp-json\/wp\/v2\/product_cat?post=243676"},{"taxonomy":"product_tag","embeddable":true,"href":"https:\/\/www.moskito.cz\/sk\/wp-json\/wp\/v2\/product_tag?post=243676"}],"curies":[{"name":"wp","href":"https:\/\/api.w.org\/{rel}","templated":true}]}}