{"id":243834,"date":"2023-03-18T12:47:05","date_gmt":"2023-03-18T11:47:05","guid":{"rendered":"https:\/\/www.moskito.cz\/produkt\/pero-microtech-kyroh-mini-bead-blasted-bolt-action-titanium-pen-with-pocket-clip-tritium-cap-insert-403m-ti-bbtri\/"},"modified":"2025-05-07T10:47:58","modified_gmt":"2025-05-07T09:47:58","slug":"pero-microtech-kyroh-mini-bead-blasted-bolt-action-titanium-pen-with-pocket-clip-tritium-cap-insert-403m-ti-bbtri","status":"publish","type":"product","link":"https:\/\/www.moskito.cz\/sk\/produkt\/pero-microtech-kyroh-mini-bead-blasted-bolt-action-titanium-pen-with-pocket-clip-tritium-cap-insert-403m-ti-bbtri\/","title":{"rendered":"Pero Microtech Kyroh Mini Bead Blasted Bolt Action Titanium Pen with Pocket Clip Tritium Cap Insert 403M-TI-BBTRI"},"content":{"rendered":"<p>Pero Microtech Kyroh Mini Bead Blasted Bolt Action Titanium Pen with Pocket Clip Tritium Cap Insert 403M-TI-BBTRI<\/p>\n<p>Kyroh je skrutkovacie pero, ktor\u00e9 sa ot\u00e1\u010da a zamyk\u00e1 na mieste a umo\u017e\u0148uje v\u00fdmenn\u00e9 kazety Fisher Space Pen. Pero je vyroben\u00e9 s text\u00farovan\u00fdm \u00fachopom, rozbit\u00edm skla, robustnou vreckovou sponou a vymenite\u013enou atramentovou kazetou Fisher Space Pen. Kyroh bude ur\u010dite sol\u00eddnym doplnkom v\u00e1\u0161ho ka\u017edodenn\u00e9ho nosenia a je k dispoz\u00edcii v dvoch ve\u013ekostiach \u2013 \u0161tandardnej a mini. Je to prv\u00e1 svojho druhu, ktor\u00fd pou\u017e\u00edva vreckov\u00fd klip ako skrutkov\u00fd mechanizmus a mysl\u00edme si, \u017ee nebude posledn\u00e1.<\/p>\n<p>\u0160pecifik\u00e1cia<br \/>\nCelkov\u00e1 d\u013a\u017eka: 13 cm<br \/>\nPriemer: 1.25 cm<br \/>\nMateri\u00e1l: 6Al4V tit\u00e1n a uhl\u00edkov\u00e9 vl\u00e1kna<br \/>\nPovrchov\u00e1 \u00faprava: Bead Blast<br \/>\nFarba vlo\u017eky: Modr\u00e1<br \/>\nVlo\u017eka Tritium Cap<br \/>\nHmotnos\u0165: 1,4 oz.<\/p>\n","protected":false},"excerpt":{"rendered":"<p>V priebehu rokov Microtech\u00ae Knives naplnil v\u00e1\u0161\u0148ou a zru\u010dnos\u0165ou v\u00fdrobu no\u017eov, a\u017e z nich vytvoril takmer umeleck\u00e9 diela, ktor\u00e9 s\u00fa vrcholom funk\u010dnosti. V\u0161etky diely s\u00fa vyroben\u00e9 v USA.<br \/>\nNa v\u0161etky no\u017ee Microtech je do\u017eivotn\u00e1 z\u00e1ruka.<\/p>\n<p>Doprava zadarmo.<\/p>\n","protected":false},"featured_media":243823,"comment_status":"open","ping_status":"closed","template":"","meta":[],"pwb-brand":[3200],"product_brand":[],"product_cat":[3186,3197],"product_tag":[3668],"class_list":{"0":"post-243834","1":"product","2":"type-product","3":"status-publish","4":"has-post-thumbnail","6":"pwb-brand-microtech-sk","7":"product_cat-noze-sk","8":"product_cat-vystrelovacie-noze-sk","9":"product_tag-b2b-sk","11":"first","12":"outofstock","13":"taxable","14":"shipping-taxable","15":"purchasable","16":"product-type-simple"},"brands":[{"id":3200,"name":"Microtech","slug":"microtech-sk"}],"_links":{"self":[{"href":"https:\/\/www.moskito.cz\/sk\/wp-json\/wp\/v2\/product\/243834","targetHints":{"allow":["GET"]}}],"collection":[{"href":"https:\/\/www.moskito.cz\/sk\/wp-json\/wp\/v2\/product"}],"about":[{"href":"https:\/\/www.moskito.cz\/sk\/wp-json\/wp\/v2\/types\/product"}],"replies":[{"embeddable":true,"href":"https:\/\/www.moskito.cz\/sk\/wp-json\/wp\/v2\/comments?post=243834"}],"wp:featuredmedia":[{"embeddable":true,"href":"https:\/\/www.moskito.cz\/sk\/wp-json\/wp\/v2\/media\/243823"}],"wp:attachment":[{"href":"https:\/\/www.moskito.cz\/sk\/wp-json\/wp\/v2\/media?parent=243834"}],"wp:term":[{"taxonomy":"pwb-brand","embeddable":true,"href":"https:\/\/www.moskito.cz\/sk\/wp-json\/wp\/v2\/pwb-brand?post=243834"},{"taxonomy":"product_brand","embeddable":true,"href":"https:\/\/www.moskito.cz\/sk\/wp-json\/wp\/v2\/product_brand?post=243834"},{"taxonomy":"product_cat","embeddable":true,"href":"https:\/\/www.moskito.cz\/sk\/wp-json\/wp\/v2\/product_cat?post=243834"},{"taxonomy":"product_tag","embeddable":true,"href":"https:\/\/www.moskito.cz\/sk\/wp-json\/wp\/v2\/product_tag?post=243834"}],"curies":[{"name":"wp","href":"https:\/\/api.w.org\/{rel}","templated":true}]}}