{"id":243902,"date":"2023-03-19T14:54:10","date_gmt":"2023-03-19T13:54:10","guid":{"rendered":"https:\/\/www.moskito.cz\/produkt\/vystrelovaci-noz-microtech-ultratech-red-tanto-satin-123-4rd\/"},"modified":"2025-05-07T10:47:59","modified_gmt":"2025-05-07T09:47:59","slug":"vystrelovaci-noz-microtech-ultratech-red-tanto-satin-123-4rd","status":"publish","type":"product","link":"https:\/\/www.moskito.cz\/sk\/produkt\/vystrelovaci-noz-microtech-ultratech-red-tanto-satin-123-4rd\/","title":{"rendered":"Vystre\u013eovac\u00ed N\u00f4\u017e Microtech Ultratech Red Tanto Satin 123-4RD"},"content":{"rendered":"<p>Vystre\u013eovac\u00ed N\u00f4\u017e <strong>Microtech<\/strong> Ultratech Red Tanto Satin 123-4RD Klasika Microtech, Ultratech, je archetypom pre predn\u00e9 automaty od svojho po\u010diatku. Pru\u017eina, postaven\u00e1 s rovnakou osved\u010denou mechanikou, zost\u00e1va v pokoji v otvorenej aj zatvorenej polohe, aby sa zn\u00ed\u017eilo opotrebenie. V\u010faka siln\u00e9mu automatick\u00e9mu otv\u00e1raniu \/ za\u0165ahovaniu \u010depele na dosah ruky a pevn\u00e9mu uzamknutiu \u010depele zost\u00e1va Ultratech od Microtech \u0161tandardom v automatickom svete. \u0160pecifik\u00e1cia: Celkov\u00e1 d\u013a\u017eka: 2.2 cm D\u013a\u017eka \u010depele: 8.5 cm Hr\u00fabka \u010depele: 0.323 cm Povrchov\u00e1 \u00faprava \u010depele: sat\u00e9n \u0160t\u00fdl okraja: Oby\u010dajn\u00fd Materi\u00e1l rukov\u00e4te: \u010cerven\u00fd hlin\u00edk Hr\u00fabka rukov\u00e4te: 1.2 cm Vreckov\u00fd klip: Tip-Down . #: 123-4RD Krajina p\u00f4vodu: USA <\/p>\n","protected":false},"excerpt":{"rendered":"<p>V priebehu rokov <strong>Microtech\u00ae<\/strong> Knives naplnil v\u00e1\u0161\u0148ou a zru\u010dnos\u0165ou v\u00fdrobu no\u017eov, a\u017e z nich vytvoril takmer umeleck\u00e9 diela, ktor\u00e9 s\u00fa vrcholom funk\u010dnosti. V\u0161etky diely s\u00fa vyroben\u00e9 v USA. <strong>Na v\u0161etky no\u017ee Microtech je do\u017eivotn\u00e1 z\u00e1ruka (min. 80 000 cyklov, otvorenie a zatvorenie)<\/strong> <strong>Doprava zadarmo.<\/strong><\/p>\n","protected":false},"featured_media":243889,"comment_status":"open","ping_status":"closed","template":"","meta":[],"pwb-brand":[3200],"product_brand":[],"product_cat":[3186,3197],"product_tag":[3668],"class_list":{"0":"post-243902","1":"product","2":"type-product","3":"status-publish","4":"has-post-thumbnail","6":"pwb-brand-microtech-sk","7":"product_cat-noze-sk","8":"product_cat-vystrelovacie-noze-sk","9":"product_tag-b2b-sk","11":"first","12":"outofstock","13":"taxable","14":"shipping-taxable","15":"purchasable","16":"product-type-simple"},"brands":[{"id":3200,"name":"Microtech","slug":"microtech-sk"}],"_links":{"self":[{"href":"https:\/\/www.moskito.cz\/sk\/wp-json\/wp\/v2\/product\/243902","targetHints":{"allow":["GET"]}}],"collection":[{"href":"https:\/\/www.moskito.cz\/sk\/wp-json\/wp\/v2\/product"}],"about":[{"href":"https:\/\/www.moskito.cz\/sk\/wp-json\/wp\/v2\/types\/product"}],"replies":[{"embeddable":true,"href":"https:\/\/www.moskito.cz\/sk\/wp-json\/wp\/v2\/comments?post=243902"}],"wp:featuredmedia":[{"embeddable":true,"href":"https:\/\/www.moskito.cz\/sk\/wp-json\/wp\/v2\/media\/243889"}],"wp:attachment":[{"href":"https:\/\/www.moskito.cz\/sk\/wp-json\/wp\/v2\/media?parent=243902"}],"wp:term":[{"taxonomy":"pwb-brand","embeddable":true,"href":"https:\/\/www.moskito.cz\/sk\/wp-json\/wp\/v2\/pwb-brand?post=243902"},{"taxonomy":"product_brand","embeddable":true,"href":"https:\/\/www.moskito.cz\/sk\/wp-json\/wp\/v2\/product_brand?post=243902"},{"taxonomy":"product_cat","embeddable":true,"href":"https:\/\/www.moskito.cz\/sk\/wp-json\/wp\/v2\/product_cat?post=243902"},{"taxonomy":"product_tag","embeddable":true,"href":"https:\/\/www.moskito.cz\/sk\/wp-json\/wp\/v2\/product_tag?post=243902"}],"curies":[{"name":"wp","href":"https:\/\/api.w.org\/{rel}","templated":true}]}}