{"id":244008,"date":"2023-03-19T21:04:11","date_gmt":"2023-03-19T20:04:11","guid":{"rendered":"https:\/\/www.moskito.cz\/produkt\/zatvaraci-noz-sog-tellus-atk-squid-ink-yellow\/"},"modified":"2025-05-07T10:48:03","modified_gmt":"2025-05-07T09:48:03","slug":"zatvaraci-noz-sog-tellus-atk-squid-ink-yellow","status":"publish","type":"product","link":"https:\/\/www.moskito.cz\/sk\/produkt\/zatvaraci-noz-sog-tellus-atk-squid-ink-yellow\/","title":{"rendered":"Zatv\u00e1rac\u00ed N\u00f4\u017e SOG TELLUS ATK SQUID INK YELLOW"},"content":{"rendered":"<p>Zatv\u00e1rac\u00ed N\u00f4\u017e SOG TELLUS ATK SQUID INK YELLOW<\/p>\n<p>Zvl\u00e1dnite vonkaj\u0161ie \u00falohy jednou vo\u013enou rukou v\u010faka mechanizmu z\u00e1mku Tellus ATK asistovan\u00e9ho otv\u00e1rania r\u00e1mu. Kon\u0161trukcia z\u00e1mku s otvoren\u00fdm r\u00e1mom bola navrhnut\u00e1 tak, aby zmiernila \u00fa\u010dinky ne\u010dist\u00f4t, blata a in\u00fdch ne\u010dist\u00f4t, ktor\u00e9 m\u00f4\u017eu zan\u00e1\u0161a\u0165 komplikovanej\u0161ie syst\u00e9my, a \u010depe\u013e sa uzamkne na robustnom kovovom r\u00e1me a simuluje silu robustn\u00e9ho no\u017ea s pevnou \u010depe\u013eou. \u010cepe\u013e z nerezovej ocele CYRO 440C s hlbok\u00fdm bruchom poskytuje tomuto outdoorov\u00e9mu pracantovi ve\u013ea chrbtice a z\u00e1rove\u0148 pon\u00faka ostr\u00e9 a odoln\u00e9 ostrie. Rukov\u00e4\u0165 GRN je odoln\u00e1 a text\u00farovan\u00e1, aby poskytovala ist\u00fd a bezpe\u010dn\u00fd \u00fachop za mokra aj za sucha, v rukaviciach aj bez nich.<\/p>\n<p>CRYO 440C OCE\u013d<br \/>\nNerezov\u00e1 oce\u013e CRYO 440C m\u00e1 dokonal\u00fa kombin\u00e1ciu vynikaj\u00facej odolnosti proti kor\u00f3zii a opotrebovaniu, ktor\u00e1 je vy\u017eadovan\u00e1 pre n\u00f4\u017e, ktor\u00fd je ur\u010den\u00fd na n\u00e1ro\u010dn\u00e9 vonkaj\u0161ie pou\u017eitie. Povrchov\u00e1 \u00faprava Stonewashed pon\u00faka zv\u00fd\u0161en\u00fa odolnos\u0165 proti kor\u00f3zii a skr\u00fdva \u0161krabance, aby v\u00e1\u0161 n\u00f4\u017e st\u00e1le vyzeral skvele.<\/p>\n<p>AMBIDEXTROUS GRN RUKOV\u00c4\u0164<br \/>\nNylon je ob\u013e\u00faben\u00fdm materi\u00e1lom pre rukov\u00e4te no\u017eov pre svoju pevnos\u0165, odolnos\u0165 proti n\u00e1razu, chemick\u00fa inertnos\u0165 a stabilitu pri vysok\u00fdch teplot\u00e1ch. V\u0161etky tieto vlastnosti s\u00fa vylep\u0161en\u00e9 pridan\u00edm sklenen\u00fdch vl\u00e1kien k nylonu, aby vznikol nov\u00fd materi\u00e1l, sklolamin\u00e1tom vystu\u017een\u00fd nylon (GRN). Nastavite\u013en\u00e1 spona na opasok je navrhnut\u00e1 tak, aby bola pou\u017eite\u013en\u00e1 v oboch ruk\u00e1ch.<\/p>\n<p>Z\u00c1MOK R\u00c1MU S ASISTOVAN\u00ddM OTV\u00c1RAN\u00cdM<br \/>\nBleskovo r\u00fdchle ovl\u00e1danie jednou rukou pon\u00faka r\u00fdchle a bezpe\u010dn\u00e9 otv\u00e1ranie pomocou palcov\u00e9ho kol\u00edka alebo otv\u00e1ra\u010da. \u00da\u010delne navrhnut\u00fd pre prev\u00e1dzku v hline, blate a bahne<\/p>\n<p>CELKOV\u00c1 D\u0139\u017dKA: 18.5 cm<br \/>\nD\u0139\u017dKA \u010cEPELA: 9 cm<br \/>\nZAMYKAC\u00cd MECHANIZMUS: Z\u00e1mok asistovan\u00e9ho otv\u00e1rania r\u00e1mu<br \/>\nOTV\u00c1RAJ\u00daCI MECHANIZMUS: Palec, Kick<br \/>\nTYP SPOJKY NA OPASOK: Reverzibiln\u00fd Low-Carry<br \/>\nDOKON\u010cI\u0164: \u010cierny oxid<br \/>\nTYP HRANY: Rovn\u00fd<br \/>\nTYP OCE\u013dOV\u00c9 \u010cEPELE: CRYO 440C<br \/>\nMATERI\u00c1L RUKOV\u00c4TI: GRN<br \/>\nTYP PRODUKTU: Skladac\u00ed n\u00f4\u017e<br \/>\nFARBA RUKOV\u00c4TI: Squid Ink<\/p>\n<p>&nbsp;<\/p>\n<p>&nbsp;<\/p>\n","protected":false},"excerpt":{"rendered":"<p>Zatv\u00e1rac\u00ed n\u00f4\u017e s klipom a poistkou.<\/p>\n","protected":false},"featured_media":243993,"comment_status":"open","ping_status":"closed","template":"","meta":[],"pwb-brand":[3231],"product_brand":[],"product_cat":[3186,3233],"product_tag":[3668],"class_list":{"0":"post-244008","1":"product","2":"type-product","3":"status-publish","4":"has-post-thumbnail","6":"pwb-brand-pevny-noz-sog-snarl","7":"product_cat-noze-sk","8":"product_cat-zatvaracie-noze","9":"product_tag-b2b-sk","11":"first","12":"instock","13":"taxable","14":"shipping-taxable","15":"purchasable","16":"product-type-simple"},"brands":[{"id":3231,"name":"Pevn\u00fd N\u00f4\u017e SOG SNARL","slug":"pevny-noz-sog-snarl"}],"_links":{"self":[{"href":"https:\/\/www.moskito.cz\/sk\/wp-json\/wp\/v2\/product\/244008","targetHints":{"allow":["GET"]}}],"collection":[{"href":"https:\/\/www.moskito.cz\/sk\/wp-json\/wp\/v2\/product"}],"about":[{"href":"https:\/\/www.moskito.cz\/sk\/wp-json\/wp\/v2\/types\/product"}],"replies":[{"embeddable":true,"href":"https:\/\/www.moskito.cz\/sk\/wp-json\/wp\/v2\/comments?post=244008"}],"wp:featuredmedia":[{"embeddable":true,"href":"https:\/\/www.moskito.cz\/sk\/wp-json\/wp\/v2\/media\/243993"}],"wp:attachment":[{"href":"https:\/\/www.moskito.cz\/sk\/wp-json\/wp\/v2\/media?parent=244008"}],"wp:term":[{"taxonomy":"pwb-brand","embeddable":true,"href":"https:\/\/www.moskito.cz\/sk\/wp-json\/wp\/v2\/pwb-brand?post=244008"},{"taxonomy":"product_brand","embeddable":true,"href":"https:\/\/www.moskito.cz\/sk\/wp-json\/wp\/v2\/product_brand?post=244008"},{"taxonomy":"product_cat","embeddable":true,"href":"https:\/\/www.moskito.cz\/sk\/wp-json\/wp\/v2\/product_cat?post=244008"},{"taxonomy":"product_tag","embeddable":true,"href":"https:\/\/www.moskito.cz\/sk\/wp-json\/wp\/v2\/product_tag?post=244008"}],"curies":[{"name":"wp","href":"https:\/\/api.w.org\/{rel}","templated":true}]}}