{"id":244239,"date":"2023-03-21T20:46:04","date_gmt":"2023-03-21T19:46:04","guid":{"rendered":"https:\/\/www.moskito.cz\/produkt\/zatvaraci-noz-crkt-otanashi-noh-ken\/"},"modified":"2025-05-07T10:48:23","modified_gmt":"2025-05-07T09:48:23","slug":"zatvaraci-noz-crkt-otanashi-noh-ken","status":"publish","type":"product","link":"https:\/\/www.moskito.cz\/sk\/produkt\/zatvaraci-noz-crkt-otanashi-noh-ken\/","title":{"rendered":"Zatv\u00e1rac\u00ed N\u00f4\u017e CRKT OTANASHI NOH KEN"},"content":{"rendered":"<p>Zatv\u00e1rac\u00ed N\u00f4\u017e CRKT OTANASHI NOH KEN<\/p>\n<p>Viac ako n\u00f4\u017e, je to hasiaci pr\u00edstroj.<\/p>\n<p>Ve\u013ek\u00fd zatv\u00e1rac\u00ed taktick\u00fd n\u00f4\u017e s na\u0161ou inov\u00e1ciou v oblasti manu\u00e1lneho zabezpe\u010denia je \u0161peci\u00e1lne navrhnut\u00fd z jedn\u00e9ho d\u00f4vodu: poveda\u0165 sayonara ak\u00e9muko\u013evek zlu, ktor\u00e9 sa v\u00e1m dostane do cesty v bojov\u00fdch prostrediach na bl\u00edzko.<\/p>\n<p>Otanashi n\u00f4h Ken\u2122 navrhol ctihodn\u00fd James Williams z Encinitas, CA. Veter\u00e1n a prakt\u00edk\/in\u0161truktor bojov\u00fdch umen\u00ed, pozn\u00e1 pr\u00edbory \u2013 najm\u00e4 taktick\u00e9. V skuto\u010dnosti sa jeho n\u00e1vrhy no\u017eov r\u00fdchlo stali oporami vo vojensk\u00fdch \u0161peci\u00e1lnych jednotk\u00e1ch a komunit\u00e1ch taktick\u00fdch donucovac\u00edch org\u00e1nov po celom svete. Ke\u010f teda SOCOM potreboval v\u00e4\u010d\u0161\u00ed, ten\u0161\u00ed, skladac\u00ed bojov\u00fd n\u00f4\u017e, ktor\u00fd by sa dal \u013eahko nosi\u0165 a skr\u00fdva\u0165, Williams na hovor odpovedal.<br \/>\nMaxim\u00e1lna h\u013abka: \u0160t\u00fdl \u010depele Clip Point pre hlbok\u00e9 prenikanie<br \/>\nHrub\u00e1 sila: Z\u00e1mok r\u00e1mu vyu\u017e\u00edva siln\u00fa z\u00e1voru na zaistenie \u010depele<br \/>\nV\u00fdnimo\u010dn\u00e1 rukov\u00e4\u0165: Rukov\u00e4\u0165 G10 poskytuje \u00fachop za v\u0161etk\u00fdch podmienok<\/p>\n<p>\u0160PECIFIK\u00c1CIA<br \/>\nD\u013a\u017eka \u010depele 11.48 cm<br \/>\nBlade Edge Plain<br \/>\n\u010cepe\u013e oce\u013e AUS 8<br \/>\nPovrchov\u00e1 \u00faprava \u010depele Antikor\u00f3zny n\u00e1ter<br \/>\nHr\u00fabka \u010depele 0.40 cm<br \/>\nCelkov\u00e1 d\u013a\u017eka 25.73 cm<br \/>\nD\u013a\u017eka v zatvorenom stave 14.24 cm<br \/>\nHmotnos\u0165 181,44 g<br \/>\nRukov\u00e4\u0165 G10 | Nerezov\u00e1 oce\u013e<br \/>\n\u0160t\u00fdlov\u00fd skladac\u00ed n\u00f4\u017e so z\u00e1mkom r\u00e1mu<\/p>\n","protected":false},"excerpt":{"rendered":"<pre id=\"tw-target-text\" class=\"tw-data-text tw-text-large tw-ta\" dir=\"ltr\" data-placeholder=\"P\u0159eklad\">Navrhol James Williams vo Vass v Severnej Karol\u00edne<\/pre>\n","protected":false},"featured_media":244220,"comment_status":"open","ping_status":"closed","template":"","meta":[],"pwb-brand":[3249],"product_brand":[],"product_cat":[3186,3233],"product_tag":[3668],"class_list":{"0":"post-244239","1":"product","2":"type-product","3":"status-publish","4":"has-post-thumbnail","6":"pwb-brand-zatvaraci-noz-crkt-delilahs-p-e-c-k-5520","7":"product_cat-noze-sk","8":"product_cat-zatvaracie-noze","9":"product_tag-b2b-sk","11":"first","12":"outofstock","13":"taxable","14":"shipping-taxable","15":"purchasable","16":"product-type-simple"},"brands":[{"id":3249,"name":"Zatv\u00e1rac\u00ed N\u00f4\u017e CRKT DELILAH'S P.E.C.K. 5520","slug":"zatvaraci-noz-crkt-delilahs-p-e-c-k-5520"}],"_links":{"self":[{"href":"https:\/\/www.moskito.cz\/sk\/wp-json\/wp\/v2\/product\/244239","targetHints":{"allow":["GET"]}}],"collection":[{"href":"https:\/\/www.moskito.cz\/sk\/wp-json\/wp\/v2\/product"}],"about":[{"href":"https:\/\/www.moskito.cz\/sk\/wp-json\/wp\/v2\/types\/product"}],"replies":[{"embeddable":true,"href":"https:\/\/www.moskito.cz\/sk\/wp-json\/wp\/v2\/comments?post=244239"}],"wp:featuredmedia":[{"embeddable":true,"href":"https:\/\/www.moskito.cz\/sk\/wp-json\/wp\/v2\/media\/244220"}],"wp:attachment":[{"href":"https:\/\/www.moskito.cz\/sk\/wp-json\/wp\/v2\/media?parent=244239"}],"wp:term":[{"taxonomy":"pwb-brand","embeddable":true,"href":"https:\/\/www.moskito.cz\/sk\/wp-json\/wp\/v2\/pwb-brand?post=244239"},{"taxonomy":"product_brand","embeddable":true,"href":"https:\/\/www.moskito.cz\/sk\/wp-json\/wp\/v2\/product_brand?post=244239"},{"taxonomy":"product_cat","embeddable":true,"href":"https:\/\/www.moskito.cz\/sk\/wp-json\/wp\/v2\/product_cat?post=244239"},{"taxonomy":"product_tag","embeddable":true,"href":"https:\/\/www.moskito.cz\/sk\/wp-json\/wp\/v2\/product_tag?post=244239"}],"curies":[{"name":"wp","href":"https:\/\/api.w.org\/{rel}","templated":true}]}}